{"id":732695,"date":"2025-08-27T21:55:59","date_gmt":"2025-08-27T18:55:59","guid":{"rendered":"https:\/\/roveyayinevi.com.tr\/index.php\/urun\/kurt-milliyetciligi\/"},"modified":"2026-04-16T02:40:25","modified_gmt":"2026-04-15T23:40:25","slug":"kurt-milliyetciligi","status":"publish","type":"product","link":"https:\/\/roveyayinevi.com.tr\/index.php\/urun\/kurt-milliyetciligi\/","title":{"rendered":"K\u00fcrt Milliyet\u00e7ili\u011fi"},"content":{"rendered":"<p>\u201cSek\u00fclerle\u015fmi\u015f K\u00fcrtler mi daha milliyet\u00e7i, yoksa dindar K\u00fcrtler mi? Sol-sek\u00fcler K\u00fcrt siyasi hareketinin pop\u00fclerlik kazanmas\u0131 K\u00fcrt milliyet\u00e7ili\u011finde bir art\u0131\u015f anlam\u0131na m\u0131 geliyor? Dindar K\u00fcrtler aras\u0131nda da milliyet\u00e7ilik art\u0131yor mu?\u201d Halime K\u00f6kce, K\u00fcrt etnik milliyet\u00e7ili\u011fi ve din-sek\u00fclerle\u015fme ili\u015fkisini, milliyet\u00e7ilik, etnisite kavramlar\u0131n\u0131 ve K\u00fcrt siyasi hareketinin tarihsel evrelerini inceledi\u011fi bu \u00e7al\u0131\u015fmas\u0131nda saha analizleriyle sorulara ve sorunlara ya\u015fayan cevaplar ar\u0131yor.<\/p>\n","protected":false},"excerpt":{"rendered":"<p>\u201cSek\u00fclerle\u015fmi\u015f K\u00fcrtler mi daha milliyet\u00e7i, yoksa dindar K\u00fcrtler mi? Sol-sek\u00fcler K\u00fcrt siyasi hareketinin pop\u00fclerlik kazanmas\u0131 K\u00fcrt milliyet\u00e7ili\u011finde bir art\u0131\u015f anlam\u0131na m\u0131 geliyor? Dindar K\u00fcrtler aras\u0131nda da<span class=\"excerpt-hellip\"> [\u2026]<\/span><\/p>\n","protected":false},"featured_media":0,"template":"","meta":{"_monsterinsights_skip_tracking":false,"_monsterinsights_sitenote_active":false,"_monsterinsights_sitenote_note":"","_monsterinsights_sitenote_category":0},"product_brand":[],"product_cat":[13590,12337],"product_tag":[],"class_list":{"0":"post-732695","1":"product","2":"type-product","3":"status-publish","5":"product_cat-arastirma-inceleme-politika-siyaset","6":"product_cat-politika-siyaset","7":"pa_cilt-ciltsiz","8":"pa_tur-kitap","9":"pa_yayinevi-kopernik-kitap","10":"pa_yazar-halime-kokce","12":"first","13":"instock","14":"sale","15":"shipping-taxable","16":"purchasable","17":"product-type-simple"},"_links":{"self":[{"href":"https:\/\/roveyayinevi.com.tr\/index.php\/wp-json\/wp\/v2\/product\/732695","targetHints":{"allow":["GET"]}}],"collection":[{"href":"https:\/\/roveyayinevi.com.tr\/index.php\/wp-json\/wp\/v2\/product"}],"about":[{"href":"https:\/\/roveyayinevi.com.tr\/index.php\/wp-json\/wp\/v2\/types\/product"}],"wp:attachment":[{"href":"https:\/\/roveyayinevi.com.tr\/index.php\/wp-json\/wp\/v2\/media?parent=732695"}],"wp:term":[{"taxonomy":"product_brand","embeddable":true,"href":"https:\/\/roveyayinevi.com.tr\/index.php\/wp-json\/wp\/v2\/product_brand?post=732695"},{"taxonomy":"product_cat","embeddable":true,"href":"https:\/\/roveyayinevi.com.tr\/index.php\/wp-json\/wp\/v2\/product_cat?post=732695"},{"taxonomy":"product_tag","embeddable":true,"href":"https:\/\/roveyayinevi.com.tr\/index.php\/wp-json\/wp\/v2\/product_tag?post=732695"}],"curies":[{"name":"wp","href":"https:\/\/api.w.org\/{rel}","templated":true}]}}