{"id":732694,"date":"2025-08-27T21:55:58","date_gmt":"2025-08-27T18:55:58","guid":{"rendered":"https:\/\/roveyayinevi.com.tr\/index.php\/urun\/kisi\/"},"modified":"2026-04-16T02:40:25","modified_gmt":"2026-04-15T23:40:25","slug":"kisi","status":"publish","type":"product","link":"https:\/\/roveyayinevi.com.tr\/index.php\/urun\/kisi\/","title":{"rendered":"Ki\u015fi"},"content":{"rendered":"<p>\u201cHerkesin, su\u00e7unu ataca\u011f\u0131 bir g\u00fcnah ke\u00e7isi vard\u0131r. Ve bu genelde \u015feytand\u0131r.\u201d Biliyorum. O melun g\u00fcn ile aramdaki mesafe y\u0131llardan aylara, aylardan g\u00fcnlere, oradan saatlere ve dakikalara indi\u011finde, daha fazla dayanamayacak. Saniyelerin \u00fczerinden atlay\u0131p beni yere \u00e7alacak. S\u0131ms\u0131k\u0131 tuttu\u011fu bo\u011faz\u0131ma dizleriyle basacak. Son nefesimi verdi\u011fimi anlamak i\u00e7in y\u00fcz\u00fcme iyice e\u011fildi\u011finde bir yandan da kula\u011f\u0131ma f\u0131s\u0131ldayacak: \u201cYazsayd\u0131n bitmi\u015f olurdu; yani nereden ba\u015flat\u0131rsan ba\u015flat en az\u0131ndan bir sonu olurdu.\u201d Yaz\u0131yorum. Bu y\u00fczden. Ama belki onun belki de senin y\u00fcz\u00fcnden. Belki \u015fu an bana bakarken g\u00f6rd\u00fc\u011f\u00fcn o y\u00fczden. Yaz\u0131yorum. Devam edece\u011fim. Bak \u015fimdi neler diyece\u011fim:<\/p>\n","protected":false},"excerpt":{"rendered":"<p>\u201cHerkesin, su\u00e7unu ataca\u011f\u0131 bir g\u00fcnah ke\u00e7isi vard\u0131r. Ve bu genelde \u015feytand\u0131r.\u201d Biliyorum. O melun g\u00fcn ile aramdaki mesafe y\u0131llardan aylara, aylardan g\u00fcnlere, oradan saatlere ve dakikalara<span class=\"excerpt-hellip\"> [\u2026]<\/span><\/p>\n","protected":false},"featured_media":0,"template":"","meta":{"_monsterinsights_skip_tracking":false,"_monsterinsights_sitenote_active":false,"_monsterinsights_sitenote_note":"","_monsterinsights_sitenote_category":0},"product_brand":[],"product_cat":[12291,12711],"product_tag":[],"class_list":{"0":"post-732694","1":"product","2":"type-product","3":"status-publish","5":"product_cat-edebiyat","6":"product_cat-roman-oyku","7":"pa_cilt-ciltsiz","8":"pa_tur-kitap","9":"pa_yayinevi-karina-yayinevi","10":"pa_yazar-berk-eray-kemal","12":"first","13":"instock","14":"sale","15":"shipping-taxable","16":"purchasable","17":"product-type-simple"},"_links":{"self":[{"href":"https:\/\/roveyayinevi.com.tr\/index.php\/wp-json\/wp\/v2\/product\/732694","targetHints":{"allow":["GET"]}}],"collection":[{"href":"https:\/\/roveyayinevi.com.tr\/index.php\/wp-json\/wp\/v2\/product"}],"about":[{"href":"https:\/\/roveyayinevi.com.tr\/index.php\/wp-json\/wp\/v2\/types\/product"}],"wp:attachment":[{"href":"https:\/\/roveyayinevi.com.tr\/index.php\/wp-json\/wp\/v2\/media?parent=732694"}],"wp:term":[{"taxonomy":"product_brand","embeddable":true,"href":"https:\/\/roveyayinevi.com.tr\/index.php\/wp-json\/wp\/v2\/product_brand?post=732694"},{"taxonomy":"product_cat","embeddable":true,"href":"https:\/\/roveyayinevi.com.tr\/index.php\/wp-json\/wp\/v2\/product_cat?post=732694"},{"taxonomy":"product_tag","embeddable":true,"href":"https:\/\/roveyayinevi.com.tr\/index.php\/wp-json\/wp\/v2\/product_tag?post=732694"}],"curies":[{"name":"wp","href":"https:\/\/api.w.org\/{rel}","templated":true}]}}