{"id":732683,"date":"2025-08-27T21:55:48","date_gmt":"2025-08-27T18:55:48","guid":{"rendered":"https:\/\/roveyayinevi.com.tr\/index.php\/urun\/gonul-aynam\/"},"modified":"2026-04-16T02:40:25","modified_gmt":"2026-04-15T23:40:25","slug":"gonul-aynam","status":"publish","type":"product","link":"https:\/\/roveyayinevi.com.tr\/index.php\/urun\/gonul-aynam\/","title":{"rendered":"G\u00f6n\u00fcl Aynam"},"content":{"rendered":"<p>\u015eair de\u011filim, haddimi bilirim Hak yolunda yazmak niyetim Haddimi a\u015fsa da bu iste\u011fim Bu yolda \u015fehadet \u015ferbetini i\u00e7eyim Hak yolun do\u011frusu tektir Bu do\u011frunun \u015fartlar\u0131 be\u015ftir En \u00f6nce iman gerektir Bu yolda \u015fehadet \u015ferbetini i\u00e7mek b\u00fcy\u00fck bir nimettir. Yarat\u0131lm\u0131\u015flar\u0131n en g\u00fczelidir el\u00e7isi Kesinlikle haktan \u015fa\u015fmaz terazisi Do\u011fruluk vazge\u00e7ilmez ilkesi \u00dcmmetine b\u0131rakt\u0131 yollar\u0131n en g\u00fczelini Herkese nasip olmaz bu nimet Ne g\u00fczeldir hak yolunda \u015fehadet \u0130ki cihanda da namzet-i rahmet B\u00fcy\u00fck servet bu yolda \u015fehadet \u015ferbetini i\u00e7mek <\/p>\n","protected":false},"excerpt":{"rendered":"<p>\u015eair de\u011filim, haddimi bilirim Hak yolunda yazmak niyetim Haddimi a\u015fsa da bu iste\u011fim Bu yolda \u015fehadet \u015ferbetini i\u00e7eyim Hak yolun do\u011frusu tektir Bu do\u011frunun \u015fartlar\u0131 be\u015ftir<span class=\"excerpt-hellip\"> [\u2026]<\/span><\/p>\n","protected":false},"featured_media":0,"template":"","meta":{"_monsterinsights_skip_tracking":false,"_monsterinsights_sitenote_active":false,"_monsterinsights_sitenote_note":"","_monsterinsights_sitenote_category":0},"product_brand":[],"product_cat":[12291,12509],"product_tag":[],"class_list":{"0":"post-732683","1":"product","2":"type-product","3":"status-publish","5":"product_cat-edebiyat","6":"product_cat-siir","7":"pa_cilt-ciltsiz","8":"pa_tur-kitap","9":"pa_yayinevi-luna-yayinlari","10":"pa_yazar-abdullah-cagri-sener","12":"first","13":"instock","14":"sale","15":"shipping-taxable","16":"purchasable","17":"product-type-simple"},"_links":{"self":[{"href":"https:\/\/roveyayinevi.com.tr\/index.php\/wp-json\/wp\/v2\/product\/732683","targetHints":{"allow":["GET"]}}],"collection":[{"href":"https:\/\/roveyayinevi.com.tr\/index.php\/wp-json\/wp\/v2\/product"}],"about":[{"href":"https:\/\/roveyayinevi.com.tr\/index.php\/wp-json\/wp\/v2\/types\/product"}],"wp:attachment":[{"href":"https:\/\/roveyayinevi.com.tr\/index.php\/wp-json\/wp\/v2\/media?parent=732683"}],"wp:term":[{"taxonomy":"product_brand","embeddable":true,"href":"https:\/\/roveyayinevi.com.tr\/index.php\/wp-json\/wp\/v2\/product_brand?post=732683"},{"taxonomy":"product_cat","embeddable":true,"href":"https:\/\/roveyayinevi.com.tr\/index.php\/wp-json\/wp\/v2\/product_cat?post=732683"},{"taxonomy":"product_tag","embeddable":true,"href":"https:\/\/roveyayinevi.com.tr\/index.php\/wp-json\/wp\/v2\/product_tag?post=732683"}],"curies":[{"name":"wp","href":"https:\/\/api.w.org\/{rel}","templated":true}]}}