{"id":732678,"date":"2025-08-27T21:55:42","date_gmt":"2025-08-27T18:55:42","guid":{"rendered":"https:\/\/roveyayinevi.com.tr\/index.php\/urun\/dev-bir-benek\/"},"modified":"2026-04-16T02:40:25","modified_gmt":"2026-04-15T23:40:25","slug":"dev-bir-benek","status":"publish","type":"product","link":"https:\/\/roveyayinevi.com.tr\/index.php\/urun\/dev-bir-benek\/","title":{"rendered":"Dev Bir Benek"},"content":{"rendered":"<p>&#8220;Rutubetli bir bodrum kat\u0131n\u0131n duvar\u0131nda as\u0131l\u0131 olsan\u0131z da, e\u011fer mutluysan\u0131z g\u00fcne\u015f hemen yan\u0131n\u0131zdan do\u011fuyor ve hi\u00e7 batm\u0131yor. Ben mutlulu\u011fa Benek beni duvardan indirdi\u011finde kavu\u015ftum.&#8221; Bisiklet, ustas\u0131n\u0131n elinden \u00e7\u0131kt\u0131\u011f\u0131 g\u00fcnden beri \u015fehrin sokaklar\u0131yla tan\u0131\u015fmay\u0131 bekliyordu. Benek ad\u0131nda bir k\u0131za hediye edilece\u011fini \u00f6\u011frendi\u011finde, mutlulu\u011fu b\u00fct\u00fcn aksam\u0131nda hissetti. Ancak Benek bisiklete binmiyor; ona bakmaya, dokunmaya bile \u00e7ekiniyordu. Benek ile annesi de\u011fi\u015fen hayatlar\u0131n\u0131 yoluna koymaya \u00e7al\u0131\u015f\u0131rken, bisiklet de onlara k\u00fcsk\u00fcnce e\u015flik etti. \u0130yile\u015fmenin yollar\u0131, kurulacak yeni d\u00fczende ve yeni dostluklarda gizliydi. Bir ailenin hayata tutunu\u015f \u00f6yk\u00fcs\u00fcn\u00fc bir bisikletin dilinden anlatan Dilek Sever, okurlar\u0131yla birlikte eski \u0130stanbul sokaklar\u0131nda dayan\u0131\u015fman\u0131n, umudun ve ne\u015fenin izini s\u00fcr\u00fcyor.<\/p>\n","protected":false},"excerpt":{"rendered":"<p>&#8220;Rutubetli bir bodrum kat\u0131n\u0131n duvar\u0131nda as\u0131l\u0131 olsan\u0131z da, e\u011fer mutluysan\u0131z g\u00fcne\u015f hemen yan\u0131n\u0131zdan do\u011fuyor ve hi\u00e7 batm\u0131yor. Ben mutlulu\u011fa Benek beni duvardan indirdi\u011finde kavu\u015ftum.&#8221; Bisiklet, ustas\u0131n\u0131n<span class=\"excerpt-hellip\"> [\u2026]<\/span><\/p>\n","protected":false},"featured_media":0,"template":"","meta":{"_monsterinsights_skip_tracking":false,"_monsterinsights_sitenote_active":false,"_monsterinsights_sitenote_note":"","_monsterinsights_sitenote_category":0},"product_brand":[],"product_cat":[12275,12274],"product_tag":[],"class_list":{"0":"post-732678","1":"product","2":"type-product","3":"status-publish","5":"product_cat-6-12-yas-kitaplari","6":"product_cat-cocuk-ve-genclik-kitaplari","7":"pa_cilt-ciltsiz","8":"pa_tur-kitap","9":"pa_yayinevi-can-cocuk-yayinlari","10":"pa_yazar-dilek-sever","12":"first","13":"instock","14":"sale","15":"shipping-taxable","16":"purchasable","17":"product-type-simple"},"_links":{"self":[{"href":"https:\/\/roveyayinevi.com.tr\/index.php\/wp-json\/wp\/v2\/product\/732678","targetHints":{"allow":["GET"]}}],"collection":[{"href":"https:\/\/roveyayinevi.com.tr\/index.php\/wp-json\/wp\/v2\/product"}],"about":[{"href":"https:\/\/roveyayinevi.com.tr\/index.php\/wp-json\/wp\/v2\/types\/product"}],"wp:attachment":[{"href":"https:\/\/roveyayinevi.com.tr\/index.php\/wp-json\/wp\/v2\/media?parent=732678"}],"wp:term":[{"taxonomy":"product_brand","embeddable":true,"href":"https:\/\/roveyayinevi.com.tr\/index.php\/wp-json\/wp\/v2\/product_brand?post=732678"},{"taxonomy":"product_cat","embeddable":true,"href":"https:\/\/roveyayinevi.com.tr\/index.php\/wp-json\/wp\/v2\/product_cat?post=732678"},{"taxonomy":"product_tag","embeddable":true,"href":"https:\/\/roveyayinevi.com.tr\/index.php\/wp-json\/wp\/v2\/product_tag?post=732678"}],"curies":[{"name":"wp","href":"https:\/\/api.w.org\/{rel}","templated":true}]}}