{"id":732676,"date":"2025-08-27T21:55:40","date_gmt":"2025-08-27T18:55:40","guid":{"rendered":"https:\/\/roveyayinevi.com.tr\/index.php\/urun\/hegel-ve-modern-toplum\/"},"modified":"2026-04-16T02:40:25","modified_gmt":"2026-04-15T23:40:25","slug":"hegel-ve-modern-toplum","status":"publish","type":"product","link":"https:\/\/roveyayinevi.com.tr\/index.php\/urun\/hegel-ve-modern-toplum\/","title":{"rendered":"Hegel ve Modern Toplum"},"content":{"rendered":"<p>\u201c\u00d6\u011frencilere ikincil kaynak olarak tavsiye edilebilecek Hegel \u00fczerine \u0130ngilizce yaz\u0131lm\u0131\u015f en iyi kitap.\u201dTeaching PhilosophyFelsefe tarihine \u00f6zg\u00fcn katk\u0131lar\u0131yla yirminci y\u00fczy\u0131l\u0131n en \u00f6nemli filozoflar\u0131ndan biri kabul edilen CharlesTaylor bu zengin \u00e7al\u0131\u015fmas\u0131nda Hegel\u2019in toplum felsefesinin g\u00fcn\u00fcm\u00fcz i\u00e7in ge\u00e7erlili\u011fini ortaya koyuyor.Hegel\u2019in \u00f6zg\u00fcrl\u00fck felsefesine yapt\u0131\u011f\u0131 vurguyla, \u00e7a\u011f\u0131m\u0131z\u0131n en b\u00fcy\u00fck sorunlar\u0131n\u0131 d\u00fc\u015f\u00fcn\u00fcrken birey vetoplum ili\u015fkisini, yabanc\u0131la\u015fma ve \u00f6znellik meselesini tarihsel bir bak\u0131\u015fla yeniden de\u011ferlendirmemizef\u0131rsat veriyor. Hegel d\u00fc\u015f\u00fcncesinin temellerini anla\u015f\u0131l\u0131r bir dille \u00f6zetleyen bu \u00e7al\u0131\u015fma Hegel\u2019i ke\u015ffetmekisteyen okurlar i\u00e7in de \u00e7ok de\u011ferli bir kaynak.\u201c\u00d6zg\u00fcr bireylerin kendi toplumsal etkinliklerini salt faydal\u0131 de\u011fil, ayn\u0131 zamanda kim olduklar\u0131n\u0131 d\u0131\u015favuranetkinlikler olarak g\u00f6rd\u00fc\u011f\u00fc Hegelci toplum tasavvuru, bug\u00fcn art\u0131k k\u0131rk sene \u00f6ncesine g\u00f6re \u00e7ok daha uzakbir hedef gibi g\u00f6r\u00fcn\u00fcyor ve bu nedenle, Taylor\u2019\u0131n \u00e7\u0131\u011f\u0131r a\u00e7an yap\u0131t\u0131, g\u00fcn\u00fcm\u00fcz toplum felsefecileritaraf\u0131ndan yeniden yorumlanmay\u0131 hak ediyor.\u201dFrederick Neuhouser<\/p>\n","protected":false},"excerpt":{"rendered":"<p>\u201c\u00d6\u011frencilere ikincil kaynak olarak tavsiye edilebilecek Hegel \u00fczerine \u0130ngilizce yaz\u0131lm\u0131\u015f en iyi kitap.\u201dTeaching PhilosophyFelsefe tarihine \u00f6zg\u00fcn katk\u0131lar\u0131yla yirminci y\u00fczy\u0131l\u0131n en \u00f6nemli filozoflar\u0131ndan biri kabul edilen CharlesTaylor<span class=\"excerpt-hellip\"> [\u2026]<\/span><\/p>\n","protected":false},"featured_media":0,"template":"","meta":{"_monsterinsights_skip_tracking":false,"_monsterinsights_sitenote_active":false,"_monsterinsights_sitenote_note":"","_monsterinsights_sitenote_category":0},"product_brand":[],"product_cat":[20351,12388],"product_tag":[],"class_list":{"0":"post-732676","1":"product","2":"type-product","3":"status-publish","5":"product_cat-dusunce","6":"product_cat-felsefe","7":"pa_cilt-ciltsiz","8":"pa_tur-kitap","9":"pa_yayinevi-kolektif-kitap","10":"pa_yazar-charles-taylor","12":"first","13":"instock","14":"sale","15":"shipping-taxable","16":"purchasable","17":"product-type-simple"},"_links":{"self":[{"href":"https:\/\/roveyayinevi.com.tr\/index.php\/wp-json\/wp\/v2\/product\/732676","targetHints":{"allow":["GET"]}}],"collection":[{"href":"https:\/\/roveyayinevi.com.tr\/index.php\/wp-json\/wp\/v2\/product"}],"about":[{"href":"https:\/\/roveyayinevi.com.tr\/index.php\/wp-json\/wp\/v2\/types\/product"}],"wp:attachment":[{"href":"https:\/\/roveyayinevi.com.tr\/index.php\/wp-json\/wp\/v2\/media?parent=732676"}],"wp:term":[{"taxonomy":"product_brand","embeddable":true,"href":"https:\/\/roveyayinevi.com.tr\/index.php\/wp-json\/wp\/v2\/product_brand?post=732676"},{"taxonomy":"product_cat","embeddable":true,"href":"https:\/\/roveyayinevi.com.tr\/index.php\/wp-json\/wp\/v2\/product_cat?post=732676"},{"taxonomy":"product_tag","embeddable":true,"href":"https:\/\/roveyayinevi.com.tr\/index.php\/wp-json\/wp\/v2\/product_tag?post=732676"}],"curies":[{"name":"wp","href":"https:\/\/api.w.org\/{rel}","templated":true}]}}