{"id":732673,"date":"2025-08-27T21:55:37","date_gmt":"2025-08-27T18:55:37","guid":{"rendered":"https:\/\/roveyayinevi.com.tr\/index.php\/urun\/kral-kelebegi\/"},"modified":"2026-04-16T02:40:25","modified_gmt":"2026-04-15T23:40:25","slug":"kral-kelebegi","status":"publish","type":"product","link":"https:\/\/roveyayinevi.com.tr\/index.php\/urun\/kral-kelebegi\/","title":{"rendered":"Kral Kelebe\u011fi"},"content":{"rendered":"<p>\u2026 Adalet; g\u00f6z\u00fc k\u00f6r, terazisi k\u0131r\u0131k, t*cav\u00fcze u\u011fram\u0131\u015f bir kad\u0131nd\u0131 art\u0131k.\u2026 Her gece yeniden t*cav\u00fcze u\u011frayan bir kad\u0131nd\u0131 art\u0131k.\u2026\u00dcstelik t*cav\u00fczc\u00fcleri kafas\u0131n\u0131n i\u00e7indeydi ve onu asla b\u0131rakm\u0131yorlard\u0131.Her cinayette, t*cav\u00fczde \u201cBunlar ger\u00e7ek olabilir mi?\u201d diye sordu\u011fumuz kanayan yaram\u0131z olan kad\u0131na \u015fiddetle ilgili bilmedi\u011fimiz pek \u00e7ok detay\u0131 t\u00fcm \u00e7\u0131plakl\u0131\u011f\u0131yla aktaran yazar, bilgi birikimi ile insani duyarl\u0131l\u0131\u011f\u0131n\u0131 birle\u015ftirerek \u015fu do\u011fru tespiti yapm\u0131\u015f: \u201cBence tecav\u00fcz ki\u015fisel de\u011fil, toplumsal bir olgudur. T*cav\u00fczde konu cinselli\u011fin doyurulmas\u0131 de\u011fil, \u015fiddet uygulamakt\u0131r ve bu \u015fiddet eril bir \u015fiddettir. \u00c7o\u011funlukla kad\u0131na y\u00f6nelik olan bu \u015fiddetin temel amac\u0131 kad\u0131n\u0131 her y\u00f6n\u00fcyle bask\u0131 alt\u0131na almak ve sindirerek, s\u00fcrekli korku i\u00e7inde tutmakt\u0131r.\u201dAk\u0131c\u0131 bir dille yaz\u0131lm\u0131\u015f roman\u0131n sayfalar\u0131 aras\u0131nda kaybolurken, heyecan dolu bir polisiyenin i\u00e7inde bulacaks\u0131n\u0131z kendinizi. (Do\u00e7ent Doktor Meltem \u00dcnal Erzen, \u0130stanbul \u00dcniversitesi, \u0130leti\u015fim Fak\u00fcltesi \u00d6\u011fretim \u00dcyesi)<\/p>\n","protected":false},"excerpt":{"rendered":"<p>\u2026 Adalet; g\u00f6z\u00fc k\u00f6r, terazisi k\u0131r\u0131k, t*cav\u00fcze u\u011fram\u0131\u015f bir kad\u0131nd\u0131 art\u0131k.\u2026 Her gece yeniden t*cav\u00fcze u\u011frayan bir kad\u0131nd\u0131 art\u0131k.\u2026\u00dcstelik t*cav\u00fczc\u00fcleri kafas\u0131n\u0131n i\u00e7indeydi ve onu asla b\u0131rakm\u0131yorlard\u0131.Her<span class=\"excerpt-hellip\"> [\u2026]<\/span><\/p>\n","protected":false},"featured_media":0,"template":"","meta":{"_monsterinsights_skip_tracking":false,"_monsterinsights_sitenote_active":false,"_monsterinsights_sitenote_note":"","_monsterinsights_sitenote_category":0},"product_brand":[],"product_cat":[12291,12711],"product_tag":[],"class_list":{"0":"post-732673","1":"product","2":"type-product","3":"status-publish","5":"product_cat-edebiyat","6":"product_cat-roman-oyku","7":"pa_cilt-ciltsiz","8":"pa_tur-kitap","9":"pa_yayinevi-ilkim-ozan-yayinlari","10":"pa_yazar-semih-dikkatli","12":"first","13":"instock","14":"sale","15":"shipping-taxable","16":"purchasable","17":"product-type-simple"},"_links":{"self":[{"href":"https:\/\/roveyayinevi.com.tr\/index.php\/wp-json\/wp\/v2\/product\/732673","targetHints":{"allow":["GET"]}}],"collection":[{"href":"https:\/\/roveyayinevi.com.tr\/index.php\/wp-json\/wp\/v2\/product"}],"about":[{"href":"https:\/\/roveyayinevi.com.tr\/index.php\/wp-json\/wp\/v2\/types\/product"}],"wp:attachment":[{"href":"https:\/\/roveyayinevi.com.tr\/index.php\/wp-json\/wp\/v2\/media?parent=732673"}],"wp:term":[{"taxonomy":"product_brand","embeddable":true,"href":"https:\/\/roveyayinevi.com.tr\/index.php\/wp-json\/wp\/v2\/product_brand?post=732673"},{"taxonomy":"product_cat","embeddable":true,"href":"https:\/\/roveyayinevi.com.tr\/index.php\/wp-json\/wp\/v2\/product_cat?post=732673"},{"taxonomy":"product_tag","embeddable":true,"href":"https:\/\/roveyayinevi.com.tr\/index.php\/wp-json\/wp\/v2\/product_tag?post=732673"}],"curies":[{"name":"wp","href":"https:\/\/api.w.org\/{rel}","templated":true}]}}