{"id":732672,"date":"2025-08-27T21:55:36","date_gmt":"2025-08-27T18:55:36","guid":{"rendered":"https:\/\/roveyayinevi.com.tr\/index.php\/urun\/ailenin-adi-yok-ya-da-neden-feminist-degilim\/"},"modified":"2026-04-16T02:40:25","modified_gmt":"2026-04-15T23:40:25","slug":"ailenin-adi-yok-ya-da-neden-feminist-degilim","status":"publish","type":"product","link":"https:\/\/roveyayinevi.com.tr\/index.php\/urun\/ailenin-adi-yok-ya-da-neden-feminist-degilim\/","title":{"rendered":"Ailenin Ad\u0131 Yok Ya Da Neden Feminist De\u011filim?"},"content":{"rendered":"<p>T\u00fcrkiye\u2019de aile kurumu tehlikede mi? Geleneksel de\u011ferlerimizi kay\u0131p m\u0131 ediyoruz? Evlilik say\u0131s\u0131 azal\u0131rken, bo\u015fanmalar neden art\u0131yor? Aile nereye gidiyor? Aile i\u00e7indeki geleneksel rol da\u011f\u0131l\u0131m\u0131n\u0131n tarihi binlerce y\u0131ll\u0131k; bu kodlar\u0131n de\u011fi\u015fime u\u011frama tarihi ise kabaca sadece y\u00fcz y\u0131ll\u0131ksa, ne oldu da bir as\u0131rda kad\u0131n-erkek ve ebeveyn-\u00e7ocuk ili\u015fkileri bu denli d\u00f6n\u00fc\u015ft\u00fc? Bu d\u00f6n\u00fc\u015f\u00fcm\u00fc kategorik olarak k\u00f6t\u00fclemek ne kadar do\u011fru? Ya da d\u00f6n\u00fc\u015f\u00fcm\u00fc tersine \u00e7evirmeye \u00e7abalamak \u00e7\u00f6z\u00fcm m\u00fc? Feminizmin te\u015fhis ve re\u00e7eteleri yaraya merhem mi oluyor, tuz mu bas\u0131yor? Sorular\u0131 \u00e7o\u011faltmak m\u00fcmk\u00fcn. Kesin olan bu ve benzeri sorular\u0131n, g\u00fcndelik tart\u0131\u015fmalar\u0131m\u0131zda kaplad\u0131\u011f\u0131 alan\u0131n her g\u00fcn daha da b\u00fcy\u00fcd\u00fc\u011f\u00fcd\u00fcr. Verece\u011finiz cevap ne olursa olsun, ailenin toplumun temeli oldu\u011fu ger\u00e7e\u011fi ile onu koruma sorumlulu\u011fumuz de\u011fi\u015fmeyecektir.Sosyolog-Yazar Hil\u00e2l Kaplan, uzun zamand\u0131r yap\u0131lmas\u0131 gereken bir tart\u0131\u015fman\u0131n kap\u0131lar\u0131n\u0131 aral\u0131yor. Bu kitap asl\u0131nda bir \u201cilk s\u00f6z\u201d\u2026 Aile de\u011ferlerinin erozyona u\u011framas\u0131na dair \u00f6zelde muhafazak\u00e2r kesim, genelde de toplumun geni\u015f kesimleri rahats\u0131zl\u0131klar\u0131n\u0131 uzun s\u00fcredir da\u011f\u0131n\u0131k bi\u00e7imde ifade etse de hen\u00fcz derli toplu bi\u00e7imde ortaya konulamam\u0131\u015ft\u0131.Elinizdeki kitap, d\u00fcnyadaki g\u00fcncel gidi\u015fat\u0131n yans\u0131malar\u0131n\u0131 sosyal teori ile harmanlayarak analiz edip \u201ci\u00e7erden ve bural\u0131\u201d bir reddiye ortaya koymay\u0131 ama\u00e7l\u0131yor.<\/p>\n","protected":false},"excerpt":{"rendered":"<p>T\u00fcrkiye\u2019de aile kurumu tehlikede mi? Geleneksel de\u011ferlerimizi kay\u0131p m\u0131 ediyoruz? Evlilik say\u0131s\u0131 azal\u0131rken, bo\u015fanmalar neden art\u0131yor? Aile nereye gidiyor? Aile i\u00e7indeki geleneksel rol da\u011f\u0131l\u0131m\u0131n\u0131n tarihi binlerce<span class=\"excerpt-hellip\"> [\u2026]<\/span><\/p>\n","protected":false},"featured_media":0,"template":"","meta":{"_monsterinsights_skip_tracking":false,"_monsterinsights_sitenote_active":false,"_monsterinsights_sitenote_note":"","_monsterinsights_sitenote_category":0},"product_brand":[],"product_cat":[14741,13488],"product_tag":[],"class_list":{"0":"post-732672","1":"product","2":"type-product","3":"status-publish","5":"product_cat-kadin-sorunlari-feminizm","6":"product_cat-toplum-ve-insan","7":"pa_cilt-ciltsiz","8":"pa_tur-kitap","9":"pa_yayinevi-turkuvaz-kitap","10":"pa_yazar-hilal-kaplan","12":"first","13":"instock","14":"sale","15":"shipping-taxable","16":"purchasable","17":"product-type-simple"},"_links":{"self":[{"href":"https:\/\/roveyayinevi.com.tr\/index.php\/wp-json\/wp\/v2\/product\/732672","targetHints":{"allow":["GET"]}}],"collection":[{"href":"https:\/\/roveyayinevi.com.tr\/index.php\/wp-json\/wp\/v2\/product"}],"about":[{"href":"https:\/\/roveyayinevi.com.tr\/index.php\/wp-json\/wp\/v2\/types\/product"}],"wp:attachment":[{"href":"https:\/\/roveyayinevi.com.tr\/index.php\/wp-json\/wp\/v2\/media?parent=732672"}],"wp:term":[{"taxonomy":"product_brand","embeddable":true,"href":"https:\/\/roveyayinevi.com.tr\/index.php\/wp-json\/wp\/v2\/product_brand?post=732672"},{"taxonomy":"product_cat","embeddable":true,"href":"https:\/\/roveyayinevi.com.tr\/index.php\/wp-json\/wp\/v2\/product_cat?post=732672"},{"taxonomy":"product_tag","embeddable":true,"href":"https:\/\/roveyayinevi.com.tr\/index.php\/wp-json\/wp\/v2\/product_tag?post=732672"}],"curies":[{"name":"wp","href":"https:\/\/api.w.org\/{rel}","templated":true}]}}