{"id":732671,"date":"2025-08-27T21:55:35","date_gmt":"2025-08-27T18:55:35","guid":{"rendered":"https:\/\/roveyayinevi.com.tr\/index.php\/urun\/bes-ada\/"},"modified":"2026-04-16T02:40:25","modified_gmt":"2026-04-15T23:40:25","slug":"bes-ada","status":"publish","type":"product","link":"https:\/\/roveyayinevi.com.tr\/index.php\/urun\/bes-ada\/","title":{"rendered":"Be\u015f Ada"},"content":{"rendered":"<p>Okyanusun uzak bir k\u00f6\u015fesinde, bir zamanlar bar\u0131\u015f i\u00e7inde ya\u015fayan be\u015f ada&#8230;Peki, o bar\u0131\u015f dolu eski g\u00fcnlerine d\u00f6nebilecekler mi?Eskiden, Mada ve Teme adas\u0131n\u0131n sakinleri sevgi ve bar\u0131\u015f i\u00e7erisinde muhte\u015fem bir uyum yakalam\u0131\u015flard\u0131. Biri tar\u0131m di\u011feri bal\u0131k\u00e7\u0131l\u0131k yapar, pi\u015firdikleri mis kokulu ekmekleri ve nefis bal\u0131klar\u0131 takas ederek hayatta kal\u0131rlard\u0131. Her \u015fey \u00e7ok g\u00fczel gidiyordu&#8230; Ta ki bir g\u00fcn bar\u0131\u015f bozulana dek.Teme lideri, i\u015fgalci arzularla Madal\u0131lar\u0131n topra\u011f\u0131na g\u00f6z dikti.\u0130ki ada halk\u0131 aras\u0131nda sava\u015f ka\u00e7\u0131n\u0131lmaz hale geldi. Bu sava\u015f\u0131 ancak bir mucize durdurabilir&#8230;O mucize, bu adalar\u0131 yeniden bar\u0131\u015fa kavu\u015fturabilecek bir \u00e7ocu\u011fun b\u00fcy\u00fcl\u00fc ke\u015ffi olabilir mi?<\/p>\n","protected":false},"excerpt":{"rendered":"<p>Okyanusun uzak bir k\u00f6\u015fesinde, bir zamanlar bar\u0131\u015f i\u00e7inde ya\u015fayan be\u015f ada&#8230;Peki, o bar\u0131\u015f dolu eski g\u00fcnlerine d\u00f6nebilecekler mi?Eskiden, Mada ve Teme adas\u0131n\u0131n sakinleri sevgi ve bar\u0131\u015f<span class=\"excerpt-hellip\"> [\u2026]<\/span><\/p>\n","protected":false},"featured_media":0,"template":"","meta":{"_monsterinsights_skip_tracking":false,"_monsterinsights_sitenote_active":false,"_monsterinsights_sitenote_note":"","_monsterinsights_sitenote_category":0},"product_brand":[],"product_cat":[12275,12274],"product_tag":[],"class_list":{"0":"post-732671","1":"product","2":"type-product","3":"status-publish","5":"product_cat-6-12-yas-kitaplari","6":"product_cat-cocuk-ve-genclik-kitaplari","7":"pa_cilt-ciltsiz","8":"pa_tur-kitap","9":"pa_yayinevi-turkuvaz-kitap","10":"pa_yazar-roberto-piumini","12":"first","13":"instock","14":"sale","15":"shipping-taxable","16":"purchasable","17":"product-type-simple"},"_links":{"self":[{"href":"https:\/\/roveyayinevi.com.tr\/index.php\/wp-json\/wp\/v2\/product\/732671","targetHints":{"allow":["GET"]}}],"collection":[{"href":"https:\/\/roveyayinevi.com.tr\/index.php\/wp-json\/wp\/v2\/product"}],"about":[{"href":"https:\/\/roveyayinevi.com.tr\/index.php\/wp-json\/wp\/v2\/types\/product"}],"wp:attachment":[{"href":"https:\/\/roveyayinevi.com.tr\/index.php\/wp-json\/wp\/v2\/media?parent=732671"}],"wp:term":[{"taxonomy":"product_brand","embeddable":true,"href":"https:\/\/roveyayinevi.com.tr\/index.php\/wp-json\/wp\/v2\/product_brand?post=732671"},{"taxonomy":"product_cat","embeddable":true,"href":"https:\/\/roveyayinevi.com.tr\/index.php\/wp-json\/wp\/v2\/product_cat?post=732671"},{"taxonomy":"product_tag","embeddable":true,"href":"https:\/\/roveyayinevi.com.tr\/index.php\/wp-json\/wp\/v2\/product_tag?post=732671"}],"curies":[{"name":"wp","href":"https:\/\/api.w.org\/{rel}","templated":true}]}}