{"id":732666,"date":"2025-08-27T21:55:31","date_gmt":"2025-08-27T18:55:31","guid":{"rendered":"https:\/\/roveyayinevi.com.tr\/index.php\/urun\/erkek-2\/"},"modified":"2026-04-03T02:47:39","modified_gmt":"2026-04-02T23:47:39","slug":"erkek-2","status":"publish","type":"product","link":"https:\/\/roveyayinevi.com.tr\/index.php\/urun\/erkek-2\/","title":{"rendered":"Erkek"},"content":{"rendered":"<p>Tu\u0308m toplumlar \u00e7ocuklar\u0131n\u0131 kad\u0131n olmaya ve erkek olmaya dair \u00e7e\u015fitli kurallarla bu\u0308yu\u0308tu\u0308r. Bu kurallar aras\u0131nda erkeklere du\u0308\u015fen daima y\u0131k\u0131m, sald\u0131rganl\u0131k ve gu\u0308cu\u0308nu\u0308 ezici \u015fekilde kullanmay\u0131 \u00f6\u011frenmek olur. Bugu\u0308n i\u00e7inde ya\u015fad\u0131\u011f\u0131m\u0131z du\u0308nya ve sistem, hepimize \u00f6\u011fretilen bu erkekli\u011fin eseri. Bu kurallar, yaln\u0131zca sistemin i\u015flemeye devam etmesine ve gu\u0308\u00e7lu\u0308nu\u0308n daha da gu\u0308\u00e7lenmesine neden oluyor. Osho, Erkek: Erilin Ruhunu Yeniden Ke\u015ffetmek kitab\u0131nda \u015fimdiye kadar bize \u00f6\u011fretilenlerin d\u0131\u015f\u0131na nas\u0131l \u00e7\u0131kaca\u011f\u0131m\u0131z\u0131 anlat\u0131yor ve erkek olman\u0131n anlam\u0131na dair fikirlerini payla\u015f\u0131yor. Bu kitab\u0131 gu\u0308\u00e7lu\u0308 bir d\u00f6nu\u0308\u015fu\u0308m \u00e7a\u011fr\u0131s\u0131 olarak da okuyabilirsiniz. Benim yeni insan vizyonum bir asidir, kendi orijinal \u00f6zu\u0308nu\u0308, orijinal yu\u0308zu\u0308nu\u0308 arayan bir insand\u0131r. Tu\u0308m maskeleri, tu\u0308m g\u00f6steri\u015fi, tu\u0308m ikiyu\u0308zlu\u0308lu\u0308\u011fu\u0308 b\u0131rakmaya ve du\u0308nyaya ger\u00e7ekte ne oldu\u011funu g\u00f6stermeye haz\u0131r olan bir insan. Yaln\u0131zca fark\u0131ndal\u0131\u011fa sahip bir adam eylem yapar, fark\u0131nda olmayan bir adam tepki verir. Eylem \u00f6zgu\u0308rle\u015ftirir. Tepkinin de\u011fil, yan\u0131t\u0131n hayat\u0131n\u0131 ya\u015fa.   \u201cOsho, 20. yu\u0308zy\u0131l\u0131n 1000 ilah\u0131ndan biri&#8230;\u201d The Sunday Times <\/p>\n","protected":false},"excerpt":{"rendered":"<p>Tu\u0308m toplumlar \u00e7ocuklar\u0131n\u0131 kad\u0131n olmaya ve erkek olmaya dair \u00e7e\u015fitli kurallarla bu\u0308yu\u0308tu\u0308r. Bu kurallar aras\u0131nda erkeklere du\u0308\u015fen daima y\u0131k\u0131m, sald\u0131rganl\u0131k ve gu\u0308cu\u0308nu\u0308 ezici \u015fekilde kullanmay\u0131 \u00f6\u011frenmek<span class=\"excerpt-hellip\"> [\u2026]<\/span><\/p>\n","protected":false},"featured_media":0,"template":"","meta":{"_monsterinsights_skip_tracking":false,"_monsterinsights_sitenote_active":false,"_monsterinsights_sitenote_note":"","_monsterinsights_sitenote_category":0},"product_brand":[],"product_cat":[12364,12376],"product_tag":[],"class_list":{"0":"post-732666","1":"product","2":"type-product","3":"status-publish","5":"product_cat-genel-konular","6":"product_cat-kisisel-gelisim","7":"pa_cilt-ciltsiz","8":"pa_tur-kitap","9":"pa_yayinevi-omega","10":"pa_yazar-osho","12":"first","13":"instock","14":"sale","15":"shipping-taxable","16":"purchasable","17":"product-type-simple"},"_links":{"self":[{"href":"https:\/\/roveyayinevi.com.tr\/index.php\/wp-json\/wp\/v2\/product\/732666","targetHints":{"allow":["GET"]}}],"collection":[{"href":"https:\/\/roveyayinevi.com.tr\/index.php\/wp-json\/wp\/v2\/product"}],"about":[{"href":"https:\/\/roveyayinevi.com.tr\/index.php\/wp-json\/wp\/v2\/types\/product"}],"wp:attachment":[{"href":"https:\/\/roveyayinevi.com.tr\/index.php\/wp-json\/wp\/v2\/media?parent=732666"}],"wp:term":[{"taxonomy":"product_brand","embeddable":true,"href":"https:\/\/roveyayinevi.com.tr\/index.php\/wp-json\/wp\/v2\/product_brand?post=732666"},{"taxonomy":"product_cat","embeddable":true,"href":"https:\/\/roveyayinevi.com.tr\/index.php\/wp-json\/wp\/v2\/product_cat?post=732666"},{"taxonomy":"product_tag","embeddable":true,"href":"https:\/\/roveyayinevi.com.tr\/index.php\/wp-json\/wp\/v2\/product_tag?post=732666"}],"curies":[{"name":"wp","href":"https:\/\/api.w.org\/{rel}","templated":true}]}}