{"id":732664,"date":"2025-08-27T21:55:30","date_gmt":"2025-08-27T18:55:30","guid":{"rendered":"https:\/\/roveyayinevi.com.tr\/index.php\/urun\/bilim-bizi-kandiriyor-mu\/"},"modified":"2026-04-16T02:40:24","modified_gmt":"2026-04-15T23:40:24","slug":"bilim-bizi-kandiriyor-mu","status":"publish","type":"product","link":"https:\/\/roveyayinevi.com.tr\/index.php\/urun\/bilim-bizi-kandiriyor-mu\/","title":{"rendered":"Bilim Bizi Kand\u0131r\u0131yor Mu?"},"content":{"rendered":"<p>\u201c\u0130nsanlara do\u011frunun do\u011fru oldu\u011funu anlatmaya \u00e7al\u0131\u015fmak, bir yalana inand\u0131rmaktan daha zor olabilir.\u201d   \u0130nsano\u011flu var oldu\u011fu g\u00fcnden beri bilim ve t\u0131bba ihtiya\u00e7 duymu\u015ftur, salg\u0131nlar, \u00f6l\u00fcmc\u00fcl hastal\u0131klar avc\u0131 insandan bug\u00fcne insanl\u0131\u011f\u0131n geli\u015fimini ve tarihini etkilemi\u015ftir. Modern d\u00fcnyada pek \u00e7ok \u015fey gibi bilim de post-truth \u00e7a\u011f\u0131ndan pay\u0131n\u0131 alm\u0131\u015f, hem safsata ve hurafelerin oyunca\u011f\u0131 olmu\u015f hem de g\u00fc\u00e7 odaklar\u0131n\u0131n bir arac\u0131 haline gelmi\u015ftir. D\u00fcnya kapitalizminin manip\u00fclasyonlar\u0131 ve bilimi d\u0131\u015flayanlar\u0131n aras\u0131nda bug\u00fcn bilim nerededir? Elinizdeki bu kitap, irrasyonalizme ve g\u00fcd\u00fcml\u00fc bilim \u00e7a\u011f\u0131na bir tepkidir. Uzun y\u0131llar bilimsel konularda makaleler yazan ve programlar yapan Prof. Dr. Mustafa \u00c7etiner bu kitapta okurlar\u0131na bilimselli\u011fin ve bilimd\u0131\u015f\u0131l\u0131\u011f\u0131n ayr\u0131m\u0131n\u0131 anlat\u0131yor. Nesnel ve ku\u015fkucu yakla\u015f\u0131m\u0131yla bilimin yap\u0131l\u0131\u015f bi\u00e7imindeki g\u00fcn\u00fcm\u00fcz \u00fcretim ili\u015fkilerini, medyan\u0131n rol\u00fcn\u00fc tart\u0131\u015f\u0131rken, bilimin do\u011fas\u0131nda olan ve asla tam olarak ortadan kald\u0131r\u0131lamayan nesnellik sorununun \u00f6z\u00fcne iniyor ve bilim toplumu olmak i\u00e7in bilimden ba\u015fka \u00e7\u0131kar bir yolun olmad\u0131\u011f\u0131n\u0131n alt\u0131n\u0131 \u00e7iziyor.   Bilim ne kadar \u00f6zg\u00fcrd\u00fcr? \u0130la\u00e7lar ve a\u015f\u0131lar temel hak ve \u00f6zg\u00fcrl\u00fckleri kontrol alt\u0131na alabilir mi? Bilimsel ger\u00e7ekler ve yalanlar nas\u0131l ay\u0131rt edilir? Modern t\u0131p hep kusursuz ve masum mudur? Bilimde \u201c\u00e7*akal yay\u0131nc\u0131l\u0131k\u201d nas\u0131l yap\u0131l\u0131r? T\u00fcrkiye bilimselli\u011fin neresindedir? <\/p>\n","protected":false},"excerpt":{"rendered":"<p>\u201c\u0130nsanlara do\u011frunun do\u011fru oldu\u011funu anlatmaya \u00e7al\u0131\u015fmak, bir yalana inand\u0131rmaktan daha zor olabilir.\u201d \u0130nsano\u011flu var oldu\u011fu g\u00fcnden beri bilim ve t\u0131bba ihtiya\u00e7 duymu\u015ftur, salg\u0131nlar, \u00f6l\u00fcmc\u00fcl hastal\u0131klar avc\u0131<span class=\"excerpt-hellip\"> [\u2026]<\/span><\/p>\n","protected":false},"featured_media":0,"template":"","meta":{"_monsterinsights_skip_tracking":false,"_monsterinsights_sitenote_active":false,"_monsterinsights_sitenote_note":"","_monsterinsights_sitenote_category":0},"product_brand":[],"product_cat":[13005,13006],"product_tag":[],"class_list":{"0":"post-732664","1":"product","2":"type-product","3":"status-publish","5":"product_cat-bilim-muhendislik","6":"product_cat-populer-bilim","7":"pa_cilt-ciltsiz","8":"pa_tur-kitap","9":"pa_yayinevi-destek-yayinlari","10":"pa_yazar-mustafa-cetiner","12":"first","13":"instock","14":"sale","15":"shipping-taxable","16":"purchasable","17":"product-type-simple"},"_links":{"self":[{"href":"https:\/\/roveyayinevi.com.tr\/index.php\/wp-json\/wp\/v2\/product\/732664","targetHints":{"allow":["GET"]}}],"collection":[{"href":"https:\/\/roveyayinevi.com.tr\/index.php\/wp-json\/wp\/v2\/product"}],"about":[{"href":"https:\/\/roveyayinevi.com.tr\/index.php\/wp-json\/wp\/v2\/types\/product"}],"wp:attachment":[{"href":"https:\/\/roveyayinevi.com.tr\/index.php\/wp-json\/wp\/v2\/media?parent=732664"}],"wp:term":[{"taxonomy":"product_brand","embeddable":true,"href":"https:\/\/roveyayinevi.com.tr\/index.php\/wp-json\/wp\/v2\/product_brand?post=732664"},{"taxonomy":"product_cat","embeddable":true,"href":"https:\/\/roveyayinevi.com.tr\/index.php\/wp-json\/wp\/v2\/product_cat?post=732664"},{"taxonomy":"product_tag","embeddable":true,"href":"https:\/\/roveyayinevi.com.tr\/index.php\/wp-json\/wp\/v2\/product_tag?post=732664"}],"curies":[{"name":"wp","href":"https:\/\/api.w.org\/{rel}","templated":true}]}}