{"id":732663,"date":"2025-08-27T21:55:29","date_gmt":"2025-08-27T18:55:29","guid":{"rendered":"https:\/\/roveyayinevi.com.tr\/index.php\/urun\/boethius-simdi-biliyorum-hastaliginizin-ana-nedenini-siz-gercek-doganizi-unuttunuz\/"},"modified":"2026-04-16T02:40:24","modified_gmt":"2026-04-15T23:40:24","slug":"boethius-simdi-biliyorum-hastaliginizin-ana-nedenini-siz-gercek-doganizi-unuttunuz","status":"publish","type":"product","link":"https:\/\/roveyayinevi.com.tr\/index.php\/urun\/boethius-simdi-biliyorum-hastaliginizin-ana-nedenini-siz-gercek-doganizi-unuttunuz\/","title":{"rendered":"Boethius \u015eimdi Biliyorum Hastal\u0131\u011f\u0131n\u0131z\u0131n Ana Nedenini, Siz ger\u00e7ek Do\u011fan\u0131z\u0131 Unuttunuz"},"content":{"rendered":"<p>\u201cBedeniniz zindanda olabilir, yeter ki zihniniz \u00f6zg\u00fcr olsun.\u201d   Ak\u0131l ve inan\u00e7 \u00e7at\u0131\u015fmas\u0131 insanl\u0131\u011f\u0131n binlerce y\u0131ld\u0131r s\u00fcrd\u00fcrd\u00fc\u011f\u00fc tart\u0131\u015fmalardan biri olmu\u015ftur. Bo\u00ebthius, bu iki kavram\u0131 uzla\u015ft\u0131rmak i\u00e7in gayret g\u00f6steren ilk skolastik filozoftur. \u0130nsanl\u0131\u011f\u0131n d\u00fc\u015f\u00fcnce k\u00f6rl\u00fc\u011f\u00fc ya\u015fad\u0131\u011f\u0131 bir d\u00f6nemde, antik d\u00fc\u015f\u00fcncenin orta\u00e7a\u011fa aktar\u0131lmas\u0131nda bir k\u00f6pr\u00fc olan Bo\u00ebthius, Platon ve Aristoteles\u2019in eserlerini Latinceye \u00e7evirmi\u015ftir. Bundan 1500 y\u0131l \u00f6ncesinde, zindanda i\u015fkence g\u00f6r\u00fcrken dahi d\u00fc\u015f\u00fcnmekten ve \u00fcretmekten vazge\u00e7memi\u015ftir.<\/p>\n","protected":false},"excerpt":{"rendered":"<p>\u201cBedeniniz zindanda olabilir, yeter ki zihniniz \u00f6zg\u00fcr olsun.\u201d Ak\u0131l ve inan\u00e7 \u00e7at\u0131\u015fmas\u0131 insanl\u0131\u011f\u0131n binlerce y\u0131ld\u0131r s\u00fcrd\u00fcrd\u00fc\u011f\u00fc tart\u0131\u015fmalardan biri olmu\u015ftur. Bo\u00ebthius, bu iki kavram\u0131 uzla\u015ft\u0131rmak i\u00e7in gayret<span class=\"excerpt-hellip\"> [\u2026]<\/span><\/p>\n","protected":false},"featured_media":0,"template":"","meta":{"_monsterinsights_skip_tracking":false,"_monsterinsights_sitenote_active":false,"_monsterinsights_sitenote_note":"","_monsterinsights_sitenote_category":0},"product_brand":[],"product_cat":[20351,12388],"product_tag":[],"class_list":{"0":"post-732663","1":"product","2":"type-product","3":"status-publish","5":"product_cat-dusunce","6":"product_cat-felsefe","7":"pa_cilt-ciltsiz","8":"pa_tur-kitap","9":"pa_yayinevi-destek-yayinlari","10":"pa_yazar-ahmet-taha-alper","12":"first","13":"instock","14":"sale","15":"shipping-taxable","16":"purchasable","17":"product-type-simple"},"_links":{"self":[{"href":"https:\/\/roveyayinevi.com.tr\/index.php\/wp-json\/wp\/v2\/product\/732663","targetHints":{"allow":["GET"]}}],"collection":[{"href":"https:\/\/roveyayinevi.com.tr\/index.php\/wp-json\/wp\/v2\/product"}],"about":[{"href":"https:\/\/roveyayinevi.com.tr\/index.php\/wp-json\/wp\/v2\/types\/product"}],"wp:attachment":[{"href":"https:\/\/roveyayinevi.com.tr\/index.php\/wp-json\/wp\/v2\/media?parent=732663"}],"wp:term":[{"taxonomy":"product_brand","embeddable":true,"href":"https:\/\/roveyayinevi.com.tr\/index.php\/wp-json\/wp\/v2\/product_brand?post=732663"},{"taxonomy":"product_cat","embeddable":true,"href":"https:\/\/roveyayinevi.com.tr\/index.php\/wp-json\/wp\/v2\/product_cat?post=732663"},{"taxonomy":"product_tag","embeddable":true,"href":"https:\/\/roveyayinevi.com.tr\/index.php\/wp-json\/wp\/v2\/product_tag?post=732663"}],"curies":[{"name":"wp","href":"https:\/\/api.w.org\/{rel}","templated":true}]}}