{"id":732662,"date":"2025-08-27T21:55:28","date_gmt":"2025-08-27T18:55:28","guid":{"rendered":"https:\/\/roveyayinevi.com.tr\/index.php\/urun\/kole-devrimci-sultangaliyev\/"},"modified":"2026-04-16T02:40:24","modified_gmt":"2026-04-15T23:40:24","slug":"kole-devrimci-sultangaliyev","status":"publish","type":"product","link":"https:\/\/roveyayinevi.com.tr\/index.php\/urun\/kole-devrimci-sultangaliyev\/","title":{"rendered":"K\u00f6le Devrimci Sultangaliyev"},"content":{"rendered":"<p>Ben sadece Ekim Devrimi s\u0131ras\u0131nda kendimi \u00f6zg\u00fcr hissedebildim. Ben k\u00f6le olamam&#8230; Bir devrimci olarak yoluma devam etmek ve b\u00f6yle \u00f6lmek istiyorum. \u2013 Sultangaliyev   Ger\u00e7ekten ben kimim? Bir kom\u00fcnist, bir devrimci mi? Yoksa siyasi \u015fantajc\u0131, macerac\u0131 ve provokat\u00f6r m\u00fc? Bir kar\u015f\u0131devrimci mi? T\u00fcm ya\u015fant\u0131m\u0131 kafamda canland\u0131r\u0131yor ve g\u00f6r\u00fcyorum ki ben bir devrimci, bir kom\u00fcnist olmu\u015fum. Beni hayat\u0131n ta kendisi do\u011furmu\u015f; k\u00f6lelik, a\u011f\u0131r zul\u00fcm ve as\u0131rl\u0131k yoksulluk do\u011furmu\u015f. Ben, ezilen bir halk\u0131n ezilenlerinin o\u011fluyum. Evet&#8230; Ben devrimciyim&#8230; Fakat k\u00f6le bir devrimci. Bunu hep fark ediyordum ve hi\u00e7bir zaman kendimden memnun de\u011fildim. Fikirlerim, duygular\u0131m ve isteklerim vard\u0131, fakat iradem her zaman yeterli de\u011fildi. Bu bak\u0131mdan, a\u015fa\u011f\u0131daki m\u0131sralar\u0131 yazm\u0131\u015f olan eski Fars \u015fairine benziyordum:   \u201cHayat\u0131m boyunca \u00f6zg\u00fcrl\u00fc\u011fe can att\u0131m Fakat hayat\u0131m boyunca da kendimi k\u00f6le olarak hissettim.\u201d <\/p>\n","protected":false},"excerpt":{"rendered":"<p>Ben sadece Ekim Devrimi s\u0131ras\u0131nda kendimi \u00f6zg\u00fcr hissedebildim. Ben k\u00f6le olamam&#8230; Bir devrimci olarak yoluma devam etmek ve b\u00f6yle \u00f6lmek istiyorum. \u2013 Sultangaliyev Ger\u00e7ekten ben kimim?<span class=\"excerpt-hellip\"> [\u2026]<\/span><\/p>\n","protected":false},"featured_media":0,"template":"","meta":{"_monsterinsights_skip_tracking":false,"_monsterinsights_sitenote_active":false,"_monsterinsights_sitenote_note":"","_monsterinsights_sitenote_category":0},"product_brand":[],"product_cat":[12370,12304],"product_tag":[],"class_list":{"0":"post-732662","1":"product","2":"type-product","3":"status-publish","5":"product_cat-arastirma-inceleme","6":"product_cat-tarih","7":"pa_cilt-ciltsiz","8":"pa_tur-kitap","9":"pa_yayinevi-destek-yayinlari","10":"pa_yazar-halit-kakinc","12":"first","13":"instock","14":"sale","15":"shipping-taxable","16":"purchasable","17":"product-type-simple"},"_links":{"self":[{"href":"https:\/\/roveyayinevi.com.tr\/index.php\/wp-json\/wp\/v2\/product\/732662","targetHints":{"allow":["GET"]}}],"collection":[{"href":"https:\/\/roveyayinevi.com.tr\/index.php\/wp-json\/wp\/v2\/product"}],"about":[{"href":"https:\/\/roveyayinevi.com.tr\/index.php\/wp-json\/wp\/v2\/types\/product"}],"wp:attachment":[{"href":"https:\/\/roveyayinevi.com.tr\/index.php\/wp-json\/wp\/v2\/media?parent=732662"}],"wp:term":[{"taxonomy":"product_brand","embeddable":true,"href":"https:\/\/roveyayinevi.com.tr\/index.php\/wp-json\/wp\/v2\/product_brand?post=732662"},{"taxonomy":"product_cat","embeddable":true,"href":"https:\/\/roveyayinevi.com.tr\/index.php\/wp-json\/wp\/v2\/product_cat?post=732662"},{"taxonomy":"product_tag","embeddable":true,"href":"https:\/\/roveyayinevi.com.tr\/index.php\/wp-json\/wp\/v2\/product_tag?post=732662"}],"curies":[{"name":"wp","href":"https:\/\/api.w.org\/{rel}","templated":true}]}}