{"id":732661,"date":"2025-08-27T21:55:28","date_gmt":"2025-08-27T18:55:28","guid":{"rendered":"https:\/\/roveyayinevi.com.tr\/index.php\/urun\/nefes-ses-hareket-ve-kutsal-donusum\/"},"modified":"2026-04-15T02:51:57","modified_gmt":"2026-04-14T23:51:57","slug":"nefes-ses-hareket-ve-kutsal-donusum","status":"publish","type":"product","link":"https:\/\/roveyayinevi.com.tr\/index.php\/urun\/nefes-ses-hareket-ve-kutsal-donusum\/","title":{"rendered":"Nefes-Ses-Hareket ve Kutsal D\u00f6n\u00fc\u015f\u00fcm"},"content":{"rendered":"<p>\u201cTanr\u0131, kusurlu g\u00f6rd\u00fc\u011f\u00fc par\u00e7alar\u0131 tamir olmas\u0131 i\u00e7in d\u00fcnyaya g\u00f6nderir. Tamir olanlar ona geri d\u00f6ner, olmayanlar ise tamir olana dek yeniden d\u00fcnyaya d\u00f6nerler.\u201d   Kutsal d\u00f6n\u00fc\u015f\u00fcm\u00fcn temel \u00fc\u00e7 unsuru ses, nefes ve hareket, belki de bug\u00fcne kadar \u00f6nemini fark etmedi\u011fimiz insano\u011fluna bah\u015fedilmi\u015f en gizli hazinelerdir. Elinizde var olan g\u00fcc\u00fcn fark\u0131na varabilirseniz, y\u00fcksek benlikle uyumlu hale gelip titre\u015fiminizi y\u00fckseltebilir ve kutsal d\u00f6n\u00fc\u015f\u00fcm ya\u015fayabilirsiniz. Cenk Y\u00fcksel, bu kitapta evrensel bilincin kap\u0131s\u0131n\u0131 a\u00e7man\u0131za yard\u0131mc\u0131 olacak do\u011fru ses ve nefes tekniklerini, hareketin kutsiyetiyle beraber gelen mucizeleri anlatarak kutsal d\u00f6n\u00fc\u015f\u00fcm yolunuza \u0131\u015f\u0131k tutuyor. Bu \u0131\u015f\u0131k sayesinde y\u00fcksek bir titre\u015fim sergileyecek, ba\u015fta kendinize sonra etraf\u0131n\u0131za \u0131\u015f\u0131k olacak ve evrensel b\u00fct\u00fcn\u00fcn bir par\u00e7as\u0131 olabileceksiniz. Bu kitapta aktar\u0131lan bilgilerden sonra neler yapabilece\u011finiz tamamen sizin hayal g\u00fcc\u00fcn\u00fcz ve yeteneklerinizle s\u0131n\u0131rl\u0131d\u0131r.     \u201cCenk Y\u00fcksel \u00f6zg\u00fcn g\u00f6r\u00fc\u015fleri ve saptamalar\u0131yla insanlar\u0131n ya\u015famlar\u0131nda kendilerine nas\u0131l \u0131\u015f\u0131k tutaca\u011f\u0131n\u0131n yolunu g\u00f6steriyor. Sorunlar\u0131n \u00e7\u00f6z\u00fcm\u00fcn\u00fcn insanda ve do\u011fayla uyumlanmada oldu\u011funu, hepsinden \u00f6te iyi bir hayat\u0131n m\u00fcmk\u00fcn oldu\u011funu anlat\u0131yor bize.\u201d \u00d6zen Yula\/Tiyatro Y\u00f6netmeni-Yazar   \u201cAkademisyen-sanat\u00e7\u0131 Cenk Y\u00fcksel ne g\u00fczel anlatm\u0131\u015f; ses-nefes-hareket ile \u00e7\u00f6z\u00fcm bizde. Hayat\u0131n bize verdi\u011fi en b\u00fcy\u00fck zenginlik nefes alma, duyma, konu\u015fma ve hareket edebilme yetileri bu usta yazar\u0131n elinde mucizeye d\u00f6n\u00fc\u015f\u00fcyor. Kendini, hayat\u0131 yeniden ke\u015ffetmek ve ne kadar de\u011ferli oldu\u011funu idrak etmek isteyenler i\u00e7in mutlaka okunmas\u0131 gereken bir eser.\u201d Farah Yurd\u00f6z\u00fc\/Ara\u015ft\u0131rmac\u0131-Yazar <\/p>\n","protected":false},"excerpt":{"rendered":"<p>\u201cTanr\u0131, kusurlu g\u00f6rd\u00fc\u011f\u00fc par\u00e7alar\u0131 tamir olmas\u0131 i\u00e7in d\u00fcnyaya g\u00f6nderir. Tamir olanlar ona geri d\u00f6ner, olmayanlar ise tamir olana dek yeniden d\u00fcnyaya d\u00f6nerler.\u201d Kutsal d\u00f6n\u00fc\u015f\u00fcm\u00fcn temel \u00fc\u00e7<span class=\"excerpt-hellip\"> [\u2026]<\/span><\/p>\n","protected":false},"featured_media":0,"template":"","meta":{"_monsterinsights_skip_tracking":false,"_monsterinsights_sitenote_active":false,"_monsterinsights_sitenote_note":"","_monsterinsights_sitenote_category":0},"product_brand":[],"product_cat":[12364,12376],"product_tag":[],"class_list":{"0":"post-732661","1":"product","2":"type-product","3":"status-publish","5":"product_cat-genel-konular","6":"product_cat-kisisel-gelisim","7":"pa_cilt-ciltsiz","8":"pa_tur-kitap","9":"pa_yayinevi-destek-yayinlari","10":"pa_yazar-cenk-yuksel","12":"first","13":"instock","14":"sale","15":"shipping-taxable","16":"purchasable","17":"product-type-simple"},"_links":{"self":[{"href":"https:\/\/roveyayinevi.com.tr\/index.php\/wp-json\/wp\/v2\/product\/732661","targetHints":{"allow":["GET"]}}],"collection":[{"href":"https:\/\/roveyayinevi.com.tr\/index.php\/wp-json\/wp\/v2\/product"}],"about":[{"href":"https:\/\/roveyayinevi.com.tr\/index.php\/wp-json\/wp\/v2\/types\/product"}],"wp:attachment":[{"href":"https:\/\/roveyayinevi.com.tr\/index.php\/wp-json\/wp\/v2\/media?parent=732661"}],"wp:term":[{"taxonomy":"product_brand","embeddable":true,"href":"https:\/\/roveyayinevi.com.tr\/index.php\/wp-json\/wp\/v2\/product_brand?post=732661"},{"taxonomy":"product_cat","embeddable":true,"href":"https:\/\/roveyayinevi.com.tr\/index.php\/wp-json\/wp\/v2\/product_cat?post=732661"},{"taxonomy":"product_tag","embeddable":true,"href":"https:\/\/roveyayinevi.com.tr\/index.php\/wp-json\/wp\/v2\/product_tag?post=732661"}],"curies":[{"name":"wp","href":"https:\/\/api.w.org\/{rel}","templated":true}]}}