{"id":732660,"date":"2025-08-27T21:55:27","date_gmt":"2025-08-27T18:55:27","guid":{"rendered":"https:\/\/roveyayinevi.com.tr\/index.php\/urun\/son-gunah\/"},"modified":"2026-04-16T02:40:24","modified_gmt":"2026-04-15T23:40:24","slug":"son-gunah","status":"publish","type":"product","link":"https:\/\/roveyayinevi.com.tr\/index.php\/urun\/son-gunah\/","title":{"rendered":"Son G\u00fcnah"},"content":{"rendered":"<p>\u201cBir insan\u0131n \u00f6l\u00fcm\u00fc trajiktir. On insan\u0131n \u00f6l\u00fcm\u00fc dramatiktir. Bir milyon insan\u0131n \u00f6l\u00fcm\u00fc ise sadece bir istatistiktir.\u201d \u2013 Josef Stalin   \u015eeytan\u0131n sundu\u011fu elmay\u0131 iradesine yenilerek kabul eden ve b\u00f6ylece cennetten kovulan insana, \u015feytan ne vaat etmi\u015f olabilir ki? Haz m\u0131? Hay\u0131r. G\u00dc\u00c7! Tanr\u0131\u2019n\u0131n g\u00fcvenli krall\u0131\u011f\u0131nda, bolluk ve bereket i\u00e7inde ya\u015fay\u0131p giden insano\u011fluna \u015feytan\u0131n vaat edebilece\u011fi tek \u015fey, insan\u0131n kendi krall\u0131\u011f\u0131n\u0131 ilan etmesi olabilirdi ancak. B\u00f6ylece ilk kez Tanr\u0131\u2019n\u0131n taht\u0131na g\u00f6z dikmeye c\u00fcret eden insano\u011flu, elmayla sembolize edilen tanr\u0131sall\u0131k g\u00fcc\u00fcn\u00fc kabul ederek ilk g\u00fcnah\u0131n\u0131 i\u015flemi\u015f oldu. Kendinin tanr\u0131y\u0131 oynayabilece\u011fi bir d\u00fcnyada, kendi kurallar\u0131yla kendi egemenli\u011fini kurdu. Pandemi deneyimiyle birlikte bu kez dijital devletle\u015fmenin provas\u0131n\u0131 yaparak form de\u011fi\u015ftirmeye haz\u0131rlanan d\u00fcnyada, bir kez daha Tanr\u0131\u2019n\u0131n taht\u0131nda oturmak isteyen egemen k\u00fcresel g\u00fc\u00e7ler, kartlar\u0131 yeniden da\u011f\u0131tmaya karar verdiler. Bu sonsuz g\u00fc\u00e7 istenci kar\u015f\u0131s\u0131nda, dijital devletlerin k\u00f6leli\u011fine mahk\u00fbm edilecek olan insanl\u0131k, ger\u00e7ekli\u011fe ne zaman uyanacak ve bask\u0131ya kar\u015f\u0131 nas\u0131l direnecek? <\/p>\n","protected":false},"excerpt":{"rendered":"<p>\u201cBir insan\u0131n \u00f6l\u00fcm\u00fc trajiktir. On insan\u0131n \u00f6l\u00fcm\u00fc dramatiktir. Bir milyon insan\u0131n \u00f6l\u00fcm\u00fc ise sadece bir istatistiktir.\u201d \u2013 Josef Stalin \u015eeytan\u0131n sundu\u011fu elmay\u0131 iradesine yenilerek kabul eden<span class=\"excerpt-hellip\"> [\u2026]<\/span><\/p>\n","protected":false},"featured_media":0,"template":"","meta":{"_monsterinsights_skip_tracking":false,"_monsterinsights_sitenote_active":false,"_monsterinsights_sitenote_note":"","_monsterinsights_sitenote_category":0},"product_brand":[],"product_cat":[15983,13488],"product_tag":[],"class_list":{"0":"post-732660","1":"product","2":"type-product","3":"status-publish","5":"product_cat-iletisim-ve-medya","6":"product_cat-toplum-ve-insan","7":"pa_cilt-ciltsiz","8":"pa_tur-kitap","9":"pa_yayinevi-destek-yayinlari","10":"pa_yazar-hamza-yardimcioglu","12":"first","13":"instock","14":"sale","15":"shipping-taxable","16":"purchasable","17":"product-type-simple"},"_links":{"self":[{"href":"https:\/\/roveyayinevi.com.tr\/index.php\/wp-json\/wp\/v2\/product\/732660","targetHints":{"allow":["GET"]}}],"collection":[{"href":"https:\/\/roveyayinevi.com.tr\/index.php\/wp-json\/wp\/v2\/product"}],"about":[{"href":"https:\/\/roveyayinevi.com.tr\/index.php\/wp-json\/wp\/v2\/types\/product"}],"wp:attachment":[{"href":"https:\/\/roveyayinevi.com.tr\/index.php\/wp-json\/wp\/v2\/media?parent=732660"}],"wp:term":[{"taxonomy":"product_brand","embeddable":true,"href":"https:\/\/roveyayinevi.com.tr\/index.php\/wp-json\/wp\/v2\/product_brand?post=732660"},{"taxonomy":"product_cat","embeddable":true,"href":"https:\/\/roveyayinevi.com.tr\/index.php\/wp-json\/wp\/v2\/product_cat?post=732660"},{"taxonomy":"product_tag","embeddable":true,"href":"https:\/\/roveyayinevi.com.tr\/index.php\/wp-json\/wp\/v2\/product_tag?post=732660"}],"curies":[{"name":"wp","href":"https:\/\/api.w.org\/{rel}","templated":true}]}}