{"id":732659,"date":"2025-08-27T21:55:26","date_gmt":"2025-08-27T18:55:26","guid":{"rendered":"https:\/\/roveyayinevi.com.tr\/index.php\/urun\/turkiyenin-komsu-ulkelerle-goc-ve-sinir-politikalari\/"},"modified":"2026-04-16T02:40:24","modified_gmt":"2026-04-15T23:40:24","slug":"turkiyenin-komsu-ulkelerle-goc-ve-sinir-politikalari","status":"publish","type":"product","link":"https:\/\/roveyayinevi.com.tr\/index.php\/urun\/turkiyenin-komsu-ulkelerle-goc-ve-sinir-politikalari\/","title":{"rendered":"T\u00fcrkiye&#8217;nin Kom\u015fu \u00dclkelerle G\u00f6\u00e7 Ve S\u0131n\u0131r Politikalar\u0131"},"content":{"rendered":"<p>\u0130\u00e7indekiler 1.T\u00fcrkiye \u2013 Bulgaristan G\u00f6\u00e7 Y\u00f6ntemi ve S\u0131n\u0131r G\u00fcvenli\u011fi 2.G\u00f6\u00e7 ve S\u0131n\u0131r Denkleminde T\u00fcrk-Ermeni \u0130li\u015fkileri 3.\u00dclkelerin Sinir U\u00e7lar\u0131 Olarak S\u0131n\u0131rlar ve S\u0131n\u0131r\u0131n Jeopolitik Psikolojisi: \u0130ran \u00d6rne\u011fi 6.K\u0131br\u0131s Sorununun Avrupal\u0131la\u015fmas\u0131 ve T\u00fcrkiye \u2013 Kuzey K\u0131br\u0131s T\u00fcrk Cumhuriyeti \u0130li\u015fkilerinde G\u00f6\u00e7 ve S\u0131n\u0131r Konular\u0131n\u0131n De\u011ferlendirilmesi 7.T\u00fcrkiye-Rusya Federasyonu: G\u00f6\u00e7, S\u0131n\u0131rlar ve Karadeniz 8.T\u00fcrkiye \u2013 Suriye S\u0131n\u0131r Hatt\u0131n\u0131n Olu\u015fum S\u00fcreci ve S\u0131n\u0131r G\u00fcvenli\u011fi Politikalar\u0131n\u0131n G\u00f6\u00e7 Y\u00f6netimine Etkisi 9.Yunanistan\u2019\u0131n M\u00fcltecilere ve S\u0131\u011f\u0131nmac\u0131lara Y\u00f6nelik S\u0131n\u0131r ve Koruma Politikalar\u0131 <\/p>\n","protected":false},"excerpt":{"rendered":"<p>\u0130\u00e7indekiler 1.T\u00fcrkiye \u2013 Bulgaristan G\u00f6\u00e7 Y\u00f6ntemi ve S\u0131n\u0131r G\u00fcvenli\u011fi 2.G\u00f6\u00e7 ve S\u0131n\u0131r Denkleminde T\u00fcrk-Ermeni \u0130li\u015fkileri 3.\u00dclkelerin Sinir U\u00e7lar\u0131 Olarak S\u0131n\u0131rlar ve S\u0131n\u0131r\u0131n Jeopolitik Psikolojisi: \u0130ran \u00d6rne\u011fi<span class=\"excerpt-hellip\"> [\u2026]<\/span><\/p>\n","protected":false},"featured_media":0,"template":"","meta":{"_monsterinsights_skip_tracking":false,"_monsterinsights_sitenote_active":false,"_monsterinsights_sitenote_note":"","_monsterinsights_sitenote_category":0},"product_brand":[],"product_cat":[12337,17225],"product_tag":[],"class_list":{"0":"post-732659","1":"product","2":"type-product","3":"status-publish","5":"product_cat-politika-siyaset","6":"product_cat-uluslararasi-iliskiler","7":"pa_cilt-ciltsiz","8":"pa_tur-kitap","9":"pa_yayinevi-gazi-kitabevi","10":"pa_yazar-zuhal-karakoc-dora-nuri-korkmaz","12":"first","13":"instock","14":"sale","15":"shipping-taxable","16":"purchasable","17":"product-type-simple"},"_links":{"self":[{"href":"https:\/\/roveyayinevi.com.tr\/index.php\/wp-json\/wp\/v2\/product\/732659","targetHints":{"allow":["GET"]}}],"collection":[{"href":"https:\/\/roveyayinevi.com.tr\/index.php\/wp-json\/wp\/v2\/product"}],"about":[{"href":"https:\/\/roveyayinevi.com.tr\/index.php\/wp-json\/wp\/v2\/types\/product"}],"wp:attachment":[{"href":"https:\/\/roveyayinevi.com.tr\/index.php\/wp-json\/wp\/v2\/media?parent=732659"}],"wp:term":[{"taxonomy":"product_brand","embeddable":true,"href":"https:\/\/roveyayinevi.com.tr\/index.php\/wp-json\/wp\/v2\/product_brand?post=732659"},{"taxonomy":"product_cat","embeddable":true,"href":"https:\/\/roveyayinevi.com.tr\/index.php\/wp-json\/wp\/v2\/product_cat?post=732659"},{"taxonomy":"product_tag","embeddable":true,"href":"https:\/\/roveyayinevi.com.tr\/index.php\/wp-json\/wp\/v2\/product_tag?post=732659"}],"curies":[{"name":"wp","href":"https:\/\/api.w.org\/{rel}","templated":true}]}}