{"id":732658,"date":"2025-08-27T21:55:26","date_gmt":"2025-08-27T18:55:26","guid":{"rendered":"https:\/\/roveyayinevi.com.tr\/index.php\/urun\/ogretmenin-yontemleri\/"},"modified":"2026-03-25T14:10:08","modified_gmt":"2026-03-25T11:10:08","slug":"ogretmenin-yontemleri","status":"publish","type":"product","link":"https:\/\/roveyayinevi.com.tr\/index.php\/urun\/ogretmenin-yontemleri\/","title":{"rendered":"\u00d6\u011fretmenin Y\u00f6ntemleri"},"content":{"rendered":"<p>Bu kitap, \u00f6\u011fretmen ve \u00f6\u011fretmen adaylar\u0131 ile \u00f6\u011fretim alan\u0131nda \u00e7al\u0131\u015fma yapan akademisyenlerin kaynak eser olarak yararlanabilmeleri i\u00e7in haz\u0131rlanm\u0131\u015ft\u0131r. Bilindi\u011fi \u00fczere \u00f6\u011fretmenin bir \u00e7ok y\u00f6ntemi vard\u0131r. \u00d6\u011fretmenin y\u00f6ntem bilgisi s\u0131n\u0131fta dersi nas\u0131l i\u015fledi\u011fini do\u011frudan etkiler. \u00c7\u00fcnk\u00fc \u00f6\u011fretimde y\u00f6ntem, \u00f6\u011fretimin nas\u0131l y\u00fcr\u00fct\u00fcld\u00fc\u011f\u00fcn\u00fc g\u00f6sterir. \u00d6\u011fretmenin \u00f6\u011fretim konusundaki uzmanl\u0131\u011f\u0131 e\u011fitimin niteli\u011fini do\u011frudan etkileyecek kadar \u00f6nemlidir. Her alanda oldu\u011fu gibi \u00f6\u011fretim alan\u0131nda da s\u00fcrekli geli\u015fmeler ya\u015fanmaktad\u0131r. Nitelikli bir e\u011fitim i\u00e7in e\u011fitimcilerin bu geli\u015fmeleri yak\u0131ndan takip etmeleri gerekir. Bu alanda \u00e7ok say\u0131da kaynak mevcuttur ancak b\u00fct\u00fcn \u00f6\u011fretim ilke, y\u00f6ntem ve tekni\u011fini bir arada sunan kaynak say\u0131s\u0131 yeterli de\u011fildir. Bu nedenle \u00f6zellikle de \u00f6\u011fretim ilke ve y\u00f6ntemleri konusunda literat\u00fcrde b\u00fct\u00fcn \u00f6\u011fretim y\u00f6ntem, teknik ve ilkelerinin bilimsel ara\u015ft\u0131rmalara dayanarak tasniflenmi\u015f halde bir arada sunulmas\u0131 zorunlulu\u011fu ortaya \u00e7\u0131km\u0131\u015ft\u0131r. Buradan hareket edilerek haz\u0131rlanan kitapta literat\u00fcrde yer alan b\u00fct\u00fcn y\u00f6ntem ve tekniklerin bir arada verilmesi ama\u00e7lanm\u0131\u015ft\u0131r. Kitapta ilk defa 50 \u00f6\u011fretim y\u00f6ntemi ve 300 \u00f6\u011fretim tekni\u011fini tasniflenmi\u015f halde bulacaks\u0131n\u0131z. Ayr\u0131ca bu kitapta 20 \u00f6\u011fretim ilkesi ile 21 \u00f6\u011fretim modeli yer almaktad\u0131r. Kitap, ba\u015fta WEB 2.0 ara\u00e7lar\u0131 olmak \u00fczere \u00e7ok say\u0131da \u00f6\u011fretim materyalini de i\u00e7ermektedir.    1.B\u00d6L\u00dcM: \u00d6\u011fretim \u0130lkeleri 2.B\u00d6L\u00dcM: \u00d6\u011fretim Stratejileri 3.B\u00d6L\u00dcM: \u00d6\u011fretim Y\u00f6ntemleri 4.B\u00d6L\u00dcM: \u00d6\u011fretim Teknikleri 5.B\u00d6L\u00dcM: \u00d6\u011fretim Taktikleri 6.B\u00d6L\u00dcM: \u00d6\u011fretim Modelleri 7.B\u00d6L\u00dcM: \u00d6\u011fretimde Materyal 8.B\u00d6L\u00dcM: S\u0131n\u0131f \u0130\u00e7i \u00d6\u011frenmelerde \u00d6l\u00e7me-De\u011ferlendirme 9.B\u00d6L\u00dcM: Hedeflerin Belirlenmesi, Planlanmas\u0131 ve Y\u00fcr\u00fct\u00fclmesi SONU\u00c7: Etkili Okul ve Nitelikli \u00d6\u011fretmen<\/p>\n","protected":false},"excerpt":{"rendered":"<p>Bu kitap, \u00f6\u011fretmen ve \u00f6\u011fretmen adaylar\u0131 ile \u00f6\u011fretim alan\u0131nda \u00e7al\u0131\u015fma yapan akademisyenlerin kaynak eser olarak yararlanabilmeleri i\u00e7in haz\u0131rlanm\u0131\u015ft\u0131r. Bilindi\u011fi \u00fczere \u00f6\u011fretmenin bir \u00e7ok y\u00f6ntemi vard\u0131r. \u00d6\u011fretmenin<span class=\"excerpt-hellip\"> [\u2026]<\/span><\/p>\n","protected":false},"featured_media":0,"template":"","meta":{"_monsterinsights_skip_tracking":false,"_monsterinsights_sitenote_active":false,"_monsterinsights_sitenote_note":"","_monsterinsights_sitenote_category":0},"product_brand":[],"product_cat":[12573,12566],"product_tag":[],"class_list":{"0":"post-732658","1":"product","2":"type-product","3":"status-publish","5":"product_cat-akademik-kitaplar","6":"product_cat-egitim","7":"pa_cilt-ciltsiz","8":"pa_tur-kitap","9":"pa_yayinevi-gazi-kitabevi","10":"pa_yazar-serdarhan-musa-taskaya","12":"first","13":"instock","14":"sale","15":"shipping-taxable","16":"purchasable","17":"product-type-simple"},"_links":{"self":[{"href":"https:\/\/roveyayinevi.com.tr\/index.php\/wp-json\/wp\/v2\/product\/732658","targetHints":{"allow":["GET"]}}],"collection":[{"href":"https:\/\/roveyayinevi.com.tr\/index.php\/wp-json\/wp\/v2\/product"}],"about":[{"href":"https:\/\/roveyayinevi.com.tr\/index.php\/wp-json\/wp\/v2\/types\/product"}],"wp:attachment":[{"href":"https:\/\/roveyayinevi.com.tr\/index.php\/wp-json\/wp\/v2\/media?parent=732658"}],"wp:term":[{"taxonomy":"product_brand","embeddable":true,"href":"https:\/\/roveyayinevi.com.tr\/index.php\/wp-json\/wp\/v2\/product_brand?post=732658"},{"taxonomy":"product_cat","embeddable":true,"href":"https:\/\/roveyayinevi.com.tr\/index.php\/wp-json\/wp\/v2\/product_cat?post=732658"},{"taxonomy":"product_tag","embeddable":true,"href":"https:\/\/roveyayinevi.com.tr\/index.php\/wp-json\/wp\/v2\/product_tag?post=732658"}],"curies":[{"name":"wp","href":"https:\/\/api.w.org\/{rel}","templated":true}]}}