{"id":732657,"date":"2025-08-27T21:55:25","date_gmt":"2025-08-27T18:55:25","guid":{"rendered":"https:\/\/roveyayinevi.com.tr\/index.php\/urun\/makedonyada-uluslararasi-baris-ve-guvenlik-tarihsel-kurumsalci-bir-analiz\/"},"modified":"2026-04-16T02:40:24","modified_gmt":"2026-04-15T23:40:24","slug":"makedonyada-uluslararasi-baris-ve-guvenlik-tarihsel-kurumsalci-bir-analiz","status":"publish","type":"product","link":"https:\/\/roveyayinevi.com.tr\/index.php\/urun\/makedonyada-uluslararasi-baris-ve-guvenlik-tarihsel-kurumsalci-bir-analiz\/","title":{"rendered":"Makedonya&#8217;da Uluslararas\u0131 Bar\u0131\u015f ve G\u00fcvenlik: Tarihsel Kurumsalc\u0131 Bir Analiz"},"content":{"rendered":"<p>B\u0130R\u0130NC\u0130 B\u00d6L\u00dcM Kuramsal ve Kavramsal \u00c7er\u00e7eve Olarak Tarihsel Kurumsalc\u0131l\u0131k 1Tarihsel Kurumsalc\u0131l\u0131\u011f\u0131n Uluslararas\u0131 \u0130li\u015fkiler Disiplini \u0130\u00e7erisindeki Seyri 2.Tarihsel Kurumsalc\u0131l\u0131\u011f\u0131 Di\u011fer Yakla\u015f\u0131mlardan Ay\u0131ran Unsurlar 3.Tarihsel Kurumsalc\u0131 Gelene\u011fin Anahtar Kavramlar\u0131 4.Tarihsel Kurumsalc\u0131 Literat\u00fcrden \u00d6rnekler 5.Tarihsel Kurumsalc\u0131 \u00c7al\u0131\u015fmalarda \u00d6ne \u00c7\u0131kan G\u00fcndemler 6.Tarihsel Kurumsalc\u0131l\u0131\u011fa G\u00f6re Uluslararas\u0131 Sistemin Yap\u0131s\u0131 ve Kademeli De\u011fi\u015fim Modelleri \u0130K\u0130NC\u0130 B\u00d6L\u00dcM Makedonya Cumhuriyeti \u00d6zelinde Uluslararas\u0131 Bar\u0131\u015f ve G\u00fcvenli\u011fi Tehdit Eden Unsurlar 1.Yunanistan ile Ya\u015fanan \u0130sim Sorunu 2.Makedonya Cumhuriyeti \u2013 S\u0131rbistan \u0130li\u015fkileri Ekseninde Eski Yugoslavya\u2019dan Kalan Sorunlar 3.Makedonya Cumhuriyeti \u2013 Bulgaristan \u0130li\u015fkileri Ekseninde Ortaya \u00c7\u0131kan Anla\u015fmazl\u0131klar ve Tart\u0131\u015fmalar 4.Makedonya Cumhuriyeti\u2019ndeki Arnavut Az\u0131nl\u0131\u011f\u0131n Arnavutluk D\u0131\u015f Politikas\u0131na Etkisi 5.Makedonya Cumhuriyeti\u2019nde Arnavut Az\u0131nl\u0131k Sorunu \u00dc\u00c7\u00dcNC\u00dc B\u00d6L\u00dcM Makedonya Cumhuriyeti \u00d6zelinde Uluslararas\u0131 Bar\u0131\u015f ve G\u00fcvenli\u011fi Tesis Eden Unsurlar 1.Birle\u015fmi\u015f Milletler \u00d6nleyici Konu\u015fland\u0131rma G\u00fcc\u00fc (UNPREDEP) 2.NATO Operasyonlar\u0131 3. Avrupa Birli\u011fi Misyonlar\u0131 4.Ohrid \u00c7er\u00e7eve Anla\u015fmas\u0131 ve Sonras\u0131nda Ger\u00e7ekle\u015ftirilen Reformlar <\/p>\n","protected":false},"excerpt":{"rendered":"<p>B\u0130R\u0130NC\u0130 B\u00d6L\u00dcM Kuramsal ve Kavramsal \u00c7er\u00e7eve Olarak Tarihsel Kurumsalc\u0131l\u0131k 1Tarihsel Kurumsalc\u0131l\u0131\u011f\u0131n Uluslararas\u0131 \u0130li\u015fkiler Disiplini \u0130\u00e7erisindeki Seyri 2.Tarihsel Kurumsalc\u0131l\u0131\u011f\u0131 Di\u011fer Yakla\u015f\u0131mlardan Ay\u0131ran Unsurlar 3.Tarihsel Kurumsalc\u0131 Gelene\u011fin Anahtar<span class=\"excerpt-hellip\"> [\u2026]<\/span><\/p>\n","protected":false},"featured_media":0,"template":"","meta":{"_monsterinsights_skip_tracking":false,"_monsterinsights_sitenote_active":false,"_monsterinsights_sitenote_note":"","_monsterinsights_sitenote_category":0},"product_brand":[],"product_cat":[12337,17225],"product_tag":[],"class_list":{"0":"post-732657","1":"product","2":"type-product","3":"status-publish","5":"product_cat-politika-siyaset","6":"product_cat-uluslararasi-iliskiler","7":"pa_cilt-ciltsiz","8":"pa_tur-kitap","9":"pa_yayinevi-gazi-kitabevi","10":"pa_yazar-fatih-demircioglu","12":"first","13":"instock","14":"sale","15":"shipping-taxable","16":"purchasable","17":"product-type-simple"},"_links":{"self":[{"href":"https:\/\/roveyayinevi.com.tr\/index.php\/wp-json\/wp\/v2\/product\/732657","targetHints":{"allow":["GET"]}}],"collection":[{"href":"https:\/\/roveyayinevi.com.tr\/index.php\/wp-json\/wp\/v2\/product"}],"about":[{"href":"https:\/\/roveyayinevi.com.tr\/index.php\/wp-json\/wp\/v2\/types\/product"}],"wp:attachment":[{"href":"https:\/\/roveyayinevi.com.tr\/index.php\/wp-json\/wp\/v2\/media?parent=732657"}],"wp:term":[{"taxonomy":"product_brand","embeddable":true,"href":"https:\/\/roveyayinevi.com.tr\/index.php\/wp-json\/wp\/v2\/product_brand?post=732657"},{"taxonomy":"product_cat","embeddable":true,"href":"https:\/\/roveyayinevi.com.tr\/index.php\/wp-json\/wp\/v2\/product_cat?post=732657"},{"taxonomy":"product_tag","embeddable":true,"href":"https:\/\/roveyayinevi.com.tr\/index.php\/wp-json\/wp\/v2\/product_tag?post=732657"}],"curies":[{"name":"wp","href":"https:\/\/api.w.org\/{rel}","templated":true}]}}