{"id":732655,"date":"2025-08-27T21:55:23","date_gmt":"2025-08-27T18:55:23","guid":{"rendered":"https:\/\/roveyayinevi.com.tr\/index.php\/urun\/benim-adim-can-kedimin-adi-cancan\/"},"modified":"2026-04-16T02:40:24","modified_gmt":"2026-04-15T23:40:24","slug":"benim-adim-can-kedimin-adi-cancan","status":"publish","type":"product","link":"https:\/\/roveyayinevi.com.tr\/index.php\/urun\/benim-adim-can-kedimin-adi-cancan\/","title":{"rendered":"Benim Ad\u0131m Can Kedimin Ad\u0131 Cancan"},"content":{"rendered":"<p>Cancan benim o g\u00fcne dek ald\u0131\u011f\u0131m en harika do\u011fum g\u00fcn\u00fc arma\u011fan\u0131yd\u0131. Ad\u0131n\u0131 ben koydum; CANCAN dedim ona. Bir daha da hi\u00e7 ayr\u0131lmad\u0131k. \u0130kimiz beraberce \u00f6yle ilgin\u00e7 maceralar ya\u015fad\u0131k ki sizlerle de payla\u015fmasam olmazd\u0131!   T\u00fcrk edebiyat\u0131n\u0131n usta kalemi Canan Tan Benim Ad\u0131m Can, Kedimin Ad\u0131 Cancan ile t\u00fcm okurlar\u0131n\u0131 g\u00fcl\u00fcmsetiyor; hayvanlarla dostlu\u011fumuza dair \u00f6l\u00fcms\u00fcz bir anlat\u0131 sunuyor.   CAN ile CANCAN\u2019\u0131n e\u011flenceli d\u00fcnyas\u0131na ho\u015f geldiniz! <\/p>\n","protected":false},"excerpt":{"rendered":"<p>Cancan benim o g\u00fcne dek ald\u0131\u011f\u0131m en harika do\u011fum g\u00fcn\u00fc arma\u011fan\u0131yd\u0131. Ad\u0131n\u0131 ben koydum; CANCAN dedim ona. Bir daha da hi\u00e7 ayr\u0131lmad\u0131k. \u0130kimiz beraberce \u00f6yle ilgin\u00e7<span class=\"excerpt-hellip\"> [\u2026]<\/span><\/p>\n","protected":false},"featured_media":0,"template":"","meta":{"_monsterinsights_skip_tracking":false,"_monsterinsights_sitenote_active":false,"_monsterinsights_sitenote_note":"","_monsterinsights_sitenote_category":0},"product_brand":[],"product_cat":[12275,12274],"product_tag":[],"class_list":{"0":"post-732655","1":"product","2":"type-product","3":"status-publish","5":"product_cat-6-12-yas-kitaplari","6":"product_cat-cocuk-ve-genclik-kitaplari","7":"pa_cilt-ciltsiz","8":"pa_tur-kitap","9":"pa_yayinevi-dogan-egmont-yayincilik","10":"pa_yazar-canan-tan","12":"first","13":"instock","14":"sale","15":"shipping-taxable","16":"purchasable","17":"product-type-simple"},"_links":{"self":[{"href":"https:\/\/roveyayinevi.com.tr\/index.php\/wp-json\/wp\/v2\/product\/732655","targetHints":{"allow":["GET"]}}],"collection":[{"href":"https:\/\/roveyayinevi.com.tr\/index.php\/wp-json\/wp\/v2\/product"}],"about":[{"href":"https:\/\/roveyayinevi.com.tr\/index.php\/wp-json\/wp\/v2\/types\/product"}],"wp:attachment":[{"href":"https:\/\/roveyayinevi.com.tr\/index.php\/wp-json\/wp\/v2\/media?parent=732655"}],"wp:term":[{"taxonomy":"product_brand","embeddable":true,"href":"https:\/\/roveyayinevi.com.tr\/index.php\/wp-json\/wp\/v2\/product_brand?post=732655"},{"taxonomy":"product_cat","embeddable":true,"href":"https:\/\/roveyayinevi.com.tr\/index.php\/wp-json\/wp\/v2\/product_cat?post=732655"},{"taxonomy":"product_tag","embeddable":true,"href":"https:\/\/roveyayinevi.com.tr\/index.php\/wp-json\/wp\/v2\/product_tag?post=732655"}],"curies":[{"name":"wp","href":"https:\/\/api.w.org\/{rel}","templated":true}]}}