{"id":732652,"date":"2025-08-27T21:55:20","date_gmt":"2025-08-27T18:55:20","guid":{"rendered":"https:\/\/roveyayinevi.com.tr\/index.php\/urun\/son-fasil\/"},"modified":"2026-04-16T02:40:24","modified_gmt":"2026-04-15T23:40:24","slug":"son-fasil","status":"publish","type":"product","link":"https:\/\/roveyayinevi.com.tr\/index.php\/urun\/son-fasil\/","title":{"rendered":"Son Fas\u0131l"},"content":{"rendered":"<p>Nedim G\u00fcrsel bu kitapta Van Gogh, Leonardo da Vinci, Rubens, Tolstoy, Rilke, Sartre, Semprun, N\u00e2z\u0131m Hikmet gibi b\u00fcy\u00fck ustalar\u0131n yap\u0131tlar\u0131n\u0131 etkilemi\u015f kentleri ve co\u011frafyalar\u0131 anlat\u0131rken onlar\u0131n son y\u0131llar\u0131na da \u0131\u015f\u0131k tutuyor. Son nefesini verirken \u201cYa\u015famay\u0131 \u00f6\u011frendi\u011fimi san\u0131yordum, me\u011fer \u00f6lmeyi \u00f6\u011freniyormu\u015fum\u201d diyen da Vinci\u2019nin tablolar\u0131nda, Van Gogh\u2019un akl\u0131n s\u0131n\u0131rlar\u0131n\u0131 zorlayan d\u00fcnyas\u0131nda, Tolstoy\u2019un bir istasyonda \u00f6l\u00fcmle bulu\u015fmak \u00fczere terk etti\u011fi Yasnaya Polyana\u2019da, Semprun\u2019un e\u015fsiz \u00fcslubuyla dile getir- di\u011fi Buchenwald Toplama Kamp\u0131\u2019nda ve N\u00e2z\u0131m Hikmet\u2019in s\u00fcrg\u00fcn ya\u015fad\u0131\u011f\u0131 kentlerde unutulmaz bir yolculu\u011fa \u00e7\u0131kar\u0131yor okuru.    \u201cBeni etkilemi\u015f yazar ve sanat\u00e7\u0131lar\u0131n \u2018son fas\u0131l\u2019lar\u0131n\u0131n izini bizzat yerinde s\u00fcrmemin nedeni kendi \u2018son fasl\u0131m\u0131\u2019 ya\u015f\u0131yor olmam san\u0131r\u0131m. Azrail zamandan \u00e7ald\u0131\u011f\u0131 akrep ve yelkovanla kap\u0131ya dayand\u0131\u011f\u0131nda \u2018Ho\u015f geldin ama biraz bekle, vakit var daha!\u2019 diyemem. Bundan sonras\u0131 bilinmez de\u011fil, bir bilene sormaya da gerek yok. \u00d6ncesi ard\u0131mda kald\u0131, sonras\u0131 \u00f6n\u00fcmde, yoklu\u011fa be\u015f kala. Hepsi bu i\u015fte.\u201d<\/p>\n","protected":false},"excerpt":{"rendered":"<p>Nedim G\u00fcrsel bu kitapta Van Gogh, Leonardo da Vinci, Rubens, Tolstoy, Rilke, Sartre, Semprun, N\u00e2z\u0131m Hikmet gibi b\u00fcy\u00fck ustalar\u0131n yap\u0131tlar\u0131n\u0131 etkilemi\u015f kentleri ve co\u011frafyalar\u0131 anlat\u0131rken onlar\u0131n<span class=\"excerpt-hellip\"> [\u2026]<\/span><\/p>\n","protected":false},"featured_media":0,"template":"","meta":{"_monsterinsights_skip_tracking":false,"_monsterinsights_sitenote_active":false,"_monsterinsights_sitenote_note":"","_monsterinsights_sitenote_category":0},"product_brand":[],"product_cat":[12777,12291],"product_tag":[],"class_list":{"0":"post-732652","1":"product","2":"type-product","3":"status-publish","5":"product_cat-deneme","6":"product_cat-edebiyat","7":"pa_cilt-ciltsiz","8":"pa_tur-kitap","9":"pa_yayinevi-dogan-kitap","10":"pa_yazar-nedim-gursel","12":"first","13":"instock","14":"sale","15":"shipping-taxable","16":"purchasable","17":"product-type-simple"},"_links":{"self":[{"href":"https:\/\/roveyayinevi.com.tr\/index.php\/wp-json\/wp\/v2\/product\/732652","targetHints":{"allow":["GET"]}}],"collection":[{"href":"https:\/\/roveyayinevi.com.tr\/index.php\/wp-json\/wp\/v2\/product"}],"about":[{"href":"https:\/\/roveyayinevi.com.tr\/index.php\/wp-json\/wp\/v2\/types\/product"}],"wp:attachment":[{"href":"https:\/\/roveyayinevi.com.tr\/index.php\/wp-json\/wp\/v2\/media?parent=732652"}],"wp:term":[{"taxonomy":"product_brand","embeddable":true,"href":"https:\/\/roveyayinevi.com.tr\/index.php\/wp-json\/wp\/v2\/product_brand?post=732652"},{"taxonomy":"product_cat","embeddable":true,"href":"https:\/\/roveyayinevi.com.tr\/index.php\/wp-json\/wp\/v2\/product_cat?post=732652"},{"taxonomy":"product_tag","embeddable":true,"href":"https:\/\/roveyayinevi.com.tr\/index.php\/wp-json\/wp\/v2\/product_tag?post=732652"}],"curies":[{"name":"wp","href":"https:\/\/api.w.org\/{rel}","templated":true}]}}