{"id":732650,"date":"2025-08-27T21:55:18","date_gmt":"2025-08-27T18:55:18","guid":{"rendered":"https:\/\/roveyayinevi.com.tr\/index.php\/urun\/baskalarinin-ulkesi\/"},"modified":"2026-04-01T02:48:39","modified_gmt":"2026-03-31T23:48:39","slug":"baskalarinin-ulkesi","status":"publish","type":"product","link":"https:\/\/roveyayinevi.com.tr\/index.php\/urun\/baskalarinin-ulkesi\/","title":{"rendered":"Ba\u015fkalar\u0131n\u0131n \u00dclkesi"},"content":{"rendered":"<p>\u0130kinci D\u00fcnya Sava\u015f\u0131 s\u0131ras\u0131nda Alsacel\u0131 bir gen\u00e7 k\u0131z, Fransa i\u00e7in sava\u015fan bir Fasl\u0131 askere \u00e2\u015f\u0131k olur. Evlenip Meknes yak\u0131nlar\u0131ndaki \u00e7iftli\u011fe yerle\u015ftiklerinde do\u011fan\u0131n, ta\u015fran\u0131n zorlu ko\u015fullar\u0131, yabanc\u0131 ya da az\u0131nl\u0131k olman\u0131n farkl\u0131 bi\u00e7imleri yan\u0131nda Fas\u2019\u0131n siyasi \u00e7alkant\u0131lar\u0131yla da y\u00fczle\u015fmeleri gerekecektir. D\u00fcnya sava\u015f\u0131 ve s\u00f6m\u00fcrge sava\u015flar\u0131n\u0131n \u015fekillendirdi\u011fi d\u00fcnyada bireysel m\u00fccadeleler \u00f6ne \u00e7\u0131kar; Fas topraklar\u0131na yerle\u015fmi\u015f s\u00f6m\u00fcrgeliler, yurdundan ka\u00e7mak zorunda kalm\u0131\u015f bir Macar Yahudisi, ne Frans\u0131z ne Fasl\u0131 olabilenler, Fransa\u2019dan ba\u011f\u0131ms\u0131z olmak i\u00e7in isyan eden erkekler ve erkeklerden ba\u011f\u0131ms\u0131z olmak i\u00e7in \u00e7\u0131rp\u0131nan kad\u0131nlar\u2026 Goncourt \u00f6d\u00fcll\u00fc Le\u00efla Slimani\u2019den, melezlik, yabanc\u0131l\u0131k, yerlilik \u00fczerine, Fransa\u2019n\u0131n s\u00f6m\u00fcrgeci ge\u00e7mi\u015fine de dokunan, kendi ailesinin k\u00f6kenlerinden ilham alan s\u00fcr\u00fckleyici bir aile hik\u00e2yesi. \u201cNazik\u00e7e kap\u0131y\u0131 \u00f6rtt\u00fc ve koridorda limtakal\u0131n meyvelerinin yenmedi\u011fini d\u00fc\u015f\u00fcnd\u00fc. Posas\u0131 kuruydu ve tad\u0131 \u00f6yle ac\u0131yd\u0131 ki insan\u0131n g\u00f6z\u00fcnden ya\u015f geliyordu. \u0130nsanlar\u0131n d\u00fcnyas\u0131n\u0131n da botanikteki gibi oldu\u011funu d\u00fc\u015f\u00fcnd\u00fc. En sonunda bir t\u00fcr di\u011ferine \u00fcst\u00fcn geliyordu ve bir g\u00fcn portakal limona galip gelecekti ya da tam tersi olacak, a\u011fa\u00e7 sonunda yenebilir meyveler verecekti.\u201d <\/p>\n","protected":false},"excerpt":{"rendered":"<p>\u0130kinci D\u00fcnya Sava\u015f\u0131 s\u0131ras\u0131nda Alsacel\u0131 bir gen\u00e7 k\u0131z, Fransa i\u00e7in sava\u015fan bir Fasl\u0131 askere \u00e2\u015f\u0131k olur. Evlenip Meknes yak\u0131nlar\u0131ndaki \u00e7iftli\u011fe yerle\u015ftiklerinde do\u011fan\u0131n, ta\u015fran\u0131n zorlu ko\u015fullar\u0131, yabanc\u0131<span class=\"excerpt-hellip\"> [\u2026]<\/span><\/p>\n","protected":false},"featured_media":0,"template":"","meta":{"_monsterinsights_skip_tracking":false,"_monsterinsights_sitenote_active":false,"_monsterinsights_sitenote_note":"","_monsterinsights_sitenote_category":0},"product_brand":[],"product_cat":[12291,12292],"product_tag":[],"class_list":{"0":"post-732650","1":"product","2":"type-product","3":"status-publish","5":"product_cat-edebiyat","6":"product_cat-turk-edebiyati","7":"pa_cilt-ciltsiz","8":"pa_tur-kitap","9":"pa_yayinevi-kirmizi-kedi-yayinevi","10":"pa_yazar-leila-slimani","12":"first","13":"instock","14":"sale","15":"shipping-taxable","16":"purchasable","17":"product-type-simple"},"_links":{"self":[{"href":"https:\/\/roveyayinevi.com.tr\/index.php\/wp-json\/wp\/v2\/product\/732650","targetHints":{"allow":["GET"]}}],"collection":[{"href":"https:\/\/roveyayinevi.com.tr\/index.php\/wp-json\/wp\/v2\/product"}],"about":[{"href":"https:\/\/roveyayinevi.com.tr\/index.php\/wp-json\/wp\/v2\/types\/product"}],"wp:attachment":[{"href":"https:\/\/roveyayinevi.com.tr\/index.php\/wp-json\/wp\/v2\/media?parent=732650"}],"wp:term":[{"taxonomy":"product_brand","embeddable":true,"href":"https:\/\/roveyayinevi.com.tr\/index.php\/wp-json\/wp\/v2\/product_brand?post=732650"},{"taxonomy":"product_cat","embeddable":true,"href":"https:\/\/roveyayinevi.com.tr\/index.php\/wp-json\/wp\/v2\/product_cat?post=732650"},{"taxonomy":"product_tag","embeddable":true,"href":"https:\/\/roveyayinevi.com.tr\/index.php\/wp-json\/wp\/v2\/product_tag?post=732650"}],"curies":[{"name":"wp","href":"https:\/\/api.w.org\/{rel}","templated":true}]}}