{"id":732649,"date":"2025-08-27T21:55:17","date_gmt":"2025-08-27T18:55:17","guid":{"rendered":"https:\/\/roveyayinevi.com.tr\/index.php\/urun\/marmara-denizinin-kirletilmesinin-yakin-tarihi\/"},"modified":"2026-04-16T02:40:24","modified_gmt":"2026-04-15T23:40:24","slug":"marmara-denizinin-kirletilmesinin-yakin-tarihi","status":"publish","type":"product","link":"https:\/\/roveyayinevi.com.tr\/index.php\/urun\/marmara-denizinin-kirletilmesinin-yakin-tarihi\/","title":{"rendered":"Marmara Denizi\u2019nin Kirletilmesinin Yak\u0131n Tarihi"},"content":{"rendered":"<p>Hidrobiyolog M. Levent Art\u00fcz, daha 15 y\u0131l \u00f6nce yapt\u0131\u011f\u0131 ara\u015ft\u0131rmalar\u0131n sonucunda Marmara Denizi\u2019ndeki oksijenin s\u0131f\u0131ra yakla\u015ft\u0131\u011f\u0131n\u0131 belirtmi\u015f ve \u015fu saptamada bulunmu\u015ftu: \u201cBir benzetme yapmak gerekirse Marmara Denizi komada ve \u00f6lmek \u00fczere olan bir hastaya benziyor.\u201d \u0130\u015fte o hasta bug\u00fcnlerde \u201cm\u00fcsilaj\u201d ile son nefesini vermeye haz\u0131rlan\u0131yor ne ac\u0131 ki&#8230; Peki hastay\u0131 kaybediyor muyuz? Marmara Denizi\u2019ni kurtaramaz m\u0131y\u0131z? Elbette Marmara Denizi kurtar\u0131labilir; ama ak\u0131lla, bilimle, uzun vadeli projelerle ve kamucu anlay\u0131\u015fla, denizci yakla\u015f\u0131mla&#8230; Bir de Marmara Denizi\u2019ni hangi anlay\u0131\u015fla ve hangi projelerle ad\u0131m ad\u0131m bu koma haline getirdi\u011fimizi saptayarak elbette&#8230; \u0130\u015fte Hidrobiyolog M. Levent Art\u00fcz, Marmara Denizi\u2019ni bu noktaya getiren anlay\u0131\u015f ve projelerle hesapla\u015f\u0131yor  ve denizlerimizin nas\u0131l kurtar\u0131laca\u011f\u0131n\u0131 anlat\u0131yor&#8230; <\/p>\n","protected":false},"excerpt":{"rendered":"<p>Hidrobiyolog M. Levent Art\u00fcz, daha 15 y\u0131l \u00f6nce yapt\u0131\u011f\u0131 ara\u015ft\u0131rmalar\u0131n sonucunda Marmara Denizi\u2019ndeki oksijenin s\u0131f\u0131ra yakla\u015ft\u0131\u011f\u0131n\u0131 belirtmi\u015f ve \u015fu saptamada bulunmu\u015ftu: \u201cBir benzetme yapmak gerekirse Marmara<span class=\"excerpt-hellip\"> [\u2026]<\/span><\/p>\n","protected":false},"featured_media":0,"template":"","meta":{"_monsterinsights_skip_tracking":false,"_monsterinsights_sitenote_active":false,"_monsterinsights_sitenote_note":"","_monsterinsights_sitenote_category":0},"product_brand":[],"product_cat":[12370,12304],"product_tag":[],"class_list":{"0":"post-732649","1":"product","2":"type-product","3":"status-publish","5":"product_cat-arastirma-inceleme","6":"product_cat-tarih","7":"pa_cilt-ciltsiz","8":"pa_tur-kitap","9":"pa_yayinevi-kirmizi-kedi-yayinevi","10":"pa_yazar-m-levent-artuz","12":"first","13":"instock","14":"sale","15":"shipping-taxable","16":"purchasable","17":"product-type-simple"},"_links":{"self":[{"href":"https:\/\/roveyayinevi.com.tr\/index.php\/wp-json\/wp\/v2\/product\/732649","targetHints":{"allow":["GET"]}}],"collection":[{"href":"https:\/\/roveyayinevi.com.tr\/index.php\/wp-json\/wp\/v2\/product"}],"about":[{"href":"https:\/\/roveyayinevi.com.tr\/index.php\/wp-json\/wp\/v2\/types\/product"}],"wp:attachment":[{"href":"https:\/\/roveyayinevi.com.tr\/index.php\/wp-json\/wp\/v2\/media?parent=732649"}],"wp:term":[{"taxonomy":"product_brand","embeddable":true,"href":"https:\/\/roveyayinevi.com.tr\/index.php\/wp-json\/wp\/v2\/product_brand?post=732649"},{"taxonomy":"product_cat","embeddable":true,"href":"https:\/\/roveyayinevi.com.tr\/index.php\/wp-json\/wp\/v2\/product_cat?post=732649"},{"taxonomy":"product_tag","embeddable":true,"href":"https:\/\/roveyayinevi.com.tr\/index.php\/wp-json\/wp\/v2\/product_tag?post=732649"}],"curies":[{"name":"wp","href":"https:\/\/api.w.org\/{rel}","templated":true}]}}