{"id":732645,"date":"2025-08-27T21:55:12","date_gmt":"2025-08-27T18:55:12","guid":{"rendered":"https:\/\/roveyayinevi.com.tr\/index.php\/urun\/sungerbob-karepantolon-bikini-kasabasinin-korsanlari\/"},"modified":"2026-03-22T02:54:34","modified_gmt":"2026-03-21T23:54:34","slug":"sungerbob-karepantolon-bikini-kasabasinin-korsanlari","status":"publish","type":"product","link":"https:\/\/roveyayinevi.com.tr\/index.php\/urun\/sungerbob-karepantolon-bikini-kasabasinin-korsanlari\/","title":{"rendered":"S\u00fcngerBob KarePantolon Bikini Kasabas\u0131\u2019n\u0131n Korsanlar\u0131"},"content":{"rendered":"<p>Maceralar\u0131na h\u0131z kesmeden devam eden S\u00fcngerBob ve Patrick, Yenge\u00e7 Restoran\u2019a yelkenli bir gemi g\u00f6r\u00fcn\u00fcm\u00fc verdikten hemen sonra, ac\u0131mas\u0131z bir korsan grubu taraf\u0131ndan ka\u00e7\u0131r\u0131l\u0131yorlar! Zorla \u00e7\u0131kar\u0131ld\u0131klar\u0131 bu yolculukta S\u00fcngerBob korsanlar\u0131 \u00f6ylesine etkiliyor ki bir anda geminin kaptan\u0131 oluyor! Ama korsanlar \u00e7ok ge\u00e7meden isyan \u00e7\u0131kar\u0131nca, S\u00fcngerBob, Patrick ve onlara kat\u0131lan Squidward\u2019u b\u00fcy\u00fck bir tehlike bekliyor! Acaba S\u00fcngerBob ve arkada\u015flar\u0131 bir daha Bikini Kasabas\u0131\u2019n\u0131 g\u00f6rebilecekler mi? <\/p>\n","protected":false},"excerpt":{"rendered":"<p>Maceralar\u0131na h\u0131z kesmeden devam eden S\u00fcngerBob ve Patrick, Yenge\u00e7 Restoran\u2019a yelkenli bir gemi g\u00f6r\u00fcn\u00fcm\u00fc verdikten hemen sonra, ac\u0131mas\u0131z bir korsan grubu taraf\u0131ndan ka\u00e7\u0131r\u0131l\u0131yorlar! Zorla \u00e7\u0131kar\u0131ld\u0131klar\u0131 bu<span class=\"excerpt-hellip\"> [\u2026]<\/span><\/p>\n","protected":false},"featured_media":0,"template":"","meta":{"_monsterinsights_skip_tracking":false,"_monsterinsights_sitenote_active":false,"_monsterinsights_sitenote_note":"","_monsterinsights_sitenote_category":0},"product_brand":[],"product_cat":[12913,12274],"product_tag":[],"class_list":{"0":"post-732645","1":"product","2":"type-product","3":"status-publish","5":"product_cat-3-6-yas-kitaplari","6":"product_cat-cocuk-ve-genclik-kitaplari","7":"pa_cilt-ciltsiz","8":"pa_tur-kitap","9":"pa_yayinevi-ithaki-yayinlari","10":"pa_yazar-david-lewman","12":"first","13":"instock","14":"sale","15":"shipping-taxable","16":"purchasable","17":"product-type-simple"},"_links":{"self":[{"href":"https:\/\/roveyayinevi.com.tr\/index.php\/wp-json\/wp\/v2\/product\/732645","targetHints":{"allow":["GET"]}}],"collection":[{"href":"https:\/\/roveyayinevi.com.tr\/index.php\/wp-json\/wp\/v2\/product"}],"about":[{"href":"https:\/\/roveyayinevi.com.tr\/index.php\/wp-json\/wp\/v2\/types\/product"}],"wp:attachment":[{"href":"https:\/\/roveyayinevi.com.tr\/index.php\/wp-json\/wp\/v2\/media?parent=732645"}],"wp:term":[{"taxonomy":"product_brand","embeddable":true,"href":"https:\/\/roveyayinevi.com.tr\/index.php\/wp-json\/wp\/v2\/product_brand?post=732645"},{"taxonomy":"product_cat","embeddable":true,"href":"https:\/\/roveyayinevi.com.tr\/index.php\/wp-json\/wp\/v2\/product_cat?post=732645"},{"taxonomy":"product_tag","embeddable":true,"href":"https:\/\/roveyayinevi.com.tr\/index.php\/wp-json\/wp\/v2\/product_tag?post=732645"}],"curies":[{"name":"wp","href":"https:\/\/api.w.org\/{rel}","templated":true}]}}