{"id":732644,"date":"2025-08-27T21:55:11","date_gmt":"2025-08-27T18:55:11","guid":{"rendered":"https:\/\/roveyayinevi.com.tr\/index.php\/urun\/sunger-bob-kare-pantolon-en-iyisini-annem-bilir\/"},"modified":"2025-10-01T18:53:12","modified_gmt":"2025-10-01T15:53:12","slug":"sunger-bob-kare-pantolon-en-iyisini-annem-bilir","status":"publish","type":"product","link":"https:\/\/roveyayinevi.com.tr\/index.php\/urun\/sunger-bob-kare-pantolon-en-iyisini-annem-bilir\/","title":{"rendered":"S\u00fcnger Bob Kare Pantolon En \u0130yisini Annem Bilir"},"content":{"rendered":"<p>S\u00fcngerBob\u2019un anne sevgisinin g\u00fcc\u00fc hakk\u0131nda s\u00f6ylediklerinden \u00e7ok etkilenen bir televizyon yap\u0131mc\u0131s\u0131, ona kanal\u0131ndaki bir program\u0131n sunuculu\u011funu yapmas\u0131n\u0131 teklif ediyor. Program reyting rekorlar\u0131 k\u0131rarken, kendisiyle gurur duyan annesinin de deste\u011fiyle S\u00fcngerBob k\u0131sa s\u00fcrede inan\u0131lmaz bir \u00fcne kavu\u015fuyor. Peki ya S\u00fcngerBob yanl\u0131\u015fl\u0131kla annesinin art\u0131k onunla gurur duymad\u0131\u011f\u0131n\u0131 d\u00fc\u015f\u00fcn\u00fcrse ne olur? Cevab\u0131 bu sevgi dolu ve e\u011flenceli hik\u00e2yede! <\/p>\n","protected":false},"excerpt":{"rendered":"<p>S\u00fcngerBob\u2019un anne sevgisinin g\u00fcc\u00fc hakk\u0131nda s\u00f6ylediklerinden \u00e7ok etkilenen bir televizyon yap\u0131mc\u0131s\u0131, ona kanal\u0131ndaki bir program\u0131n sunuculu\u011funu yapmas\u0131n\u0131 teklif ediyor. Program reyting rekorlar\u0131 k\u0131rarken, kendisiyle gurur duyan<span class=\"excerpt-hellip\"> [\u2026]<\/span><\/p>\n","protected":false},"featured_media":0,"template":"","meta":{"_monsterinsights_skip_tracking":false,"_monsterinsights_sitenote_active":false,"_monsterinsights_sitenote_note":"","_monsterinsights_sitenote_category":0},"product_brand":[],"product_cat":[12913,12274],"product_tag":[],"class_list":{"0":"post-732644","1":"product","2":"type-product","3":"status-publish","5":"product_cat-3-6-yas-kitaplari","6":"product_cat-cocuk-ve-genclik-kitaplari","7":"pa_cilt-ciltsiz","8":"pa_tur-kitap","9":"pa_yayinevi-ithaki-yayinlari","10":"pa_yazar-sarah-willson","12":"first","13":"instock","14":"sale","15":"shipping-taxable","16":"purchasable","17":"product-type-simple"},"_links":{"self":[{"href":"https:\/\/roveyayinevi.com.tr\/index.php\/wp-json\/wp\/v2\/product\/732644","targetHints":{"allow":["GET"]}}],"collection":[{"href":"https:\/\/roveyayinevi.com.tr\/index.php\/wp-json\/wp\/v2\/product"}],"about":[{"href":"https:\/\/roveyayinevi.com.tr\/index.php\/wp-json\/wp\/v2\/types\/product"}],"wp:attachment":[{"href":"https:\/\/roveyayinevi.com.tr\/index.php\/wp-json\/wp\/v2\/media?parent=732644"}],"wp:term":[{"taxonomy":"product_brand","embeddable":true,"href":"https:\/\/roveyayinevi.com.tr\/index.php\/wp-json\/wp\/v2\/product_brand?post=732644"},{"taxonomy":"product_cat","embeddable":true,"href":"https:\/\/roveyayinevi.com.tr\/index.php\/wp-json\/wp\/v2\/product_cat?post=732644"},{"taxonomy":"product_tag","embeddable":true,"href":"https:\/\/roveyayinevi.com.tr\/index.php\/wp-json\/wp\/v2\/product_tag?post=732644"}],"curies":[{"name":"wp","href":"https:\/\/api.w.org\/{rel}","templated":true}]}}