{"id":732643,"date":"2025-08-27T21:55:10","date_gmt":"2025-08-27T18:55:10","guid":{"rendered":"https:\/\/roveyayinevi.com.tr\/index.php\/urun\/sungerbob-karepantolon-gary-nerede\/"},"modified":"2026-04-08T02:49:20","modified_gmt":"2026-04-07T23:49:20","slug":"sungerbob-karepantolon-gary-nerede","status":"publish","type":"product","link":"https:\/\/roveyayinevi.com.tr\/index.php\/urun\/sungerbob-karepantolon-gary-nerede\/","title":{"rendered":"S\u00fcngerBob KarePantolon Gary Nerede?"},"content":{"rendered":"<p>S\u00fcngerBob rakette top z\u0131platma yar\u0131\u015fmas\u0131nda Pasakl\u0131 Baloncuk\u2019u yenmeye o kadar odaklanm\u0131\u015ft\u0131 ki, evcil salyangozu Gary\u2019yi bir hafta boyunca beslemeyi unuttu! Bu y\u00fczden Gary, e\u015fyalar\u0131n\u0131 toplay\u0131p kendine yeni bir ev bulma zaman\u0131n\u0131n geldi\u011fine karar verdi.   Gary, tatl\u0131 B\u00fcy\u00fckanne taraf\u0131ndan \u015f\u0131mart\u0131l\u0131rken, S\u00fcngerBob \u015fehrin her yerine kay\u0131p salyangoz afi\u015fleri as\u0131yordu. \u00c7ok ge\u00e7meden Gary, B\u00fcy\u00fckanne\u2019nin onun mutlulu\u011fundan daha fazlas\u0131n\u0131n pe\u015finde oldu\u011fundan \u015f\u00fcphelenmeye ba\u015flad\u0131. S\u00fcngerBob, Gary\u2019yi \u00e7ok ge\u00e7 olmadan kurtarabilecek miydi? <\/p>\n","protected":false},"excerpt":{"rendered":"<p>S\u00fcngerBob rakette top z\u0131platma yar\u0131\u015fmas\u0131nda Pasakl\u0131 Baloncuk\u2019u yenmeye o kadar odaklanm\u0131\u015ft\u0131 ki, evcil salyangozu Gary\u2019yi bir hafta boyunca beslemeyi unuttu! Bu y\u00fczden Gary, e\u015fyalar\u0131n\u0131 toplay\u0131p kendine<span class=\"excerpt-hellip\"> [\u2026]<\/span><\/p>\n","protected":false},"featured_media":0,"template":"","meta":{"_monsterinsights_skip_tracking":false,"_monsterinsights_sitenote_active":false,"_monsterinsights_sitenote_note":"","_monsterinsights_sitenote_category":0},"product_brand":[],"product_cat":[12275,12274],"product_tag":[],"class_list":{"0":"post-732643","1":"product","2":"type-product","3":"status-publish","5":"product_cat-6-12-yas-kitaplari","6":"product_cat-cocuk-ve-genclik-kitaplari","7":"pa_cilt-ciltsiz","8":"pa_tur-kitap","9":"pa_yayinevi-ithaki-yayinlari","10":"pa_yazar-david-lewman","12":"first","13":"instock","14":"sale","15":"shipping-taxable","16":"purchasable","17":"product-type-simple"},"_links":{"self":[{"href":"https:\/\/roveyayinevi.com.tr\/index.php\/wp-json\/wp\/v2\/product\/732643","targetHints":{"allow":["GET"]}}],"collection":[{"href":"https:\/\/roveyayinevi.com.tr\/index.php\/wp-json\/wp\/v2\/product"}],"about":[{"href":"https:\/\/roveyayinevi.com.tr\/index.php\/wp-json\/wp\/v2\/types\/product"}],"wp:attachment":[{"href":"https:\/\/roveyayinevi.com.tr\/index.php\/wp-json\/wp\/v2\/media?parent=732643"}],"wp:term":[{"taxonomy":"product_brand","embeddable":true,"href":"https:\/\/roveyayinevi.com.tr\/index.php\/wp-json\/wp\/v2\/product_brand?post=732643"},{"taxonomy":"product_cat","embeddable":true,"href":"https:\/\/roveyayinevi.com.tr\/index.php\/wp-json\/wp\/v2\/product_cat?post=732643"},{"taxonomy":"product_tag","embeddable":true,"href":"https:\/\/roveyayinevi.com.tr\/index.php\/wp-json\/wp\/v2\/product_tag?post=732643"}],"curies":[{"name":"wp","href":"https:\/\/api.w.org\/{rel}","templated":true}]}}