{"id":732641,"date":"2025-08-27T21:55:09","date_gmt":"2025-08-27T18:55:09","guid":{"rendered":"https:\/\/roveyayinevi.com.tr\/index.php\/urun\/islamin-siyasal-soylemi\/"},"modified":"2026-01-26T03:02:45","modified_gmt":"2026-01-26T00:02:45","slug":"islamin-siyasal-soylemi","status":"publish","type":"product","link":"https:\/\/roveyayinevi.com.tr\/index.php\/urun\/islamin-siyasal-soylemi\/","title":{"rendered":"\u0130slam&#8217;\u0131n Siyasal S\u00f6ylemi"},"content":{"rendered":"<p>Cihat asl\u0131nda ne demektir? M\u00fcsl\u00fcmanlar\u0131n kanun anlay\u0131\u015f\u0131 nedir? \u0130slam\u2019\u0131n k\u00e2firlere kar\u015f\u0131 tutumu nedir? Edebi ve tarihi kaynaklar\u0131 ele alan Bernard Lewis \u0130slam\u2019\u0131n siyasal s\u00f6yleminin geli\u015fiminin, Peygamber\u2019in zaman\u0131ndan g\u00fcn\u00fcm\u00fcze kadar izini s\u00fcr\u00fcyor. Arap\u00e7a, T\u00fcrk\u00e7e ve Fars\u00e7a belgeleri inceleyerek \u0130slam\u2019\u0131n siyaset d\u00fc\u015f\u00fcncesi ile Bat\u0131 siyaset teorisi aras\u0131ndaki farklar\u0131 ortaya koyuyor. Bununla birlikte \u0130slam d\u00fcnyas\u0131ndaki siyaset alg\u0131s\u0131na, tart\u0131\u015fmalar\u0131na ve uygulamalar\u0131na \u0131\u015f\u0131k tutuyor. G\u00fcn\u00fcm\u00fczde \u0130slam\u2019\u0131 siyasal s\u00f6yleminden ayr\u0131, hatta siyasal s\u00f6ylemi olmaks\u0131z\u0131n d\u00fc\u015f\u00fcnebilmek olanaks\u0131z bir hale gelmi\u015ftir. Hatta \u0130slam\u2019\u0131n siyaset sahas\u0131nda ileri s\u00fcrd\u00fc\u011f\u00fc konular ve ba\u015fl\u0131klar bug\u00fcn, belki de tarihin hi\u00e7bir d\u00f6neminde olmad\u0131\u011f\u0131 kadar \u00f6n planda ve sorgu alt\u0131ndad\u0131r. Yeti\u015fme tarz\u0131 ve mesle\u011fi itibar\u0131 ile bir tarih\u00e7i ve \u0130slam bilimleri uzman\u0131 olan Bernard Lewis meseleyi gayet ustaca \u00e7evreleyen bu kitab\u0131nda \u0130slam dininin siyasi alan i\u00e7erisinde geli\u015ftirmi\u015f oldu\u011fu s\u00f6ylemi inceliyor. Bunu yaparken akademik de\u011fil a\u00e7\u0131k, belirgin ve sade bir \u00fcslup kullan\u0131yor. Lewis\u2019in alan\u0131ndaki uzmanl\u0131\u011f\u0131 ise dipnotlarda an\u0131lan y\u00fczlerce eser, makale ve ansiklopedi maddesinde kendisini bir kez daha g\u00f6steriyor. \u0130slam\u2019\u0131n Siyasal S\u00f6ylemi\u2019nde Lewis, \u0130slam d\u00fcnyas\u0131ndaki siyasi yap\u0131n\u0131n unsurlar\u0131n\u0131 sosyolojik, dilbilimsel, etimolojik, siyasal ve tarihsel bir okumaya tabi tutuyor ve bu yap\u0131n\u0131n y\u00fczy\u0131llar i\u00e7erisinde at\u0131lan temellerini ele al\u0131yor. \u0130slam uygarl\u0131\u011f\u0131n\u0131n siyaset sahas\u0131nda geli\u015ftirdi\u011fi dile ait \u00f6rnekleri irdeleyerek k\u00f6kenine dair kaynaklara i\u015faret eden Lewis\u2019in \u0130slam siyasetine ait unsurlar ile Bat\u0131 siyaset teorisi ve prati\u011fini k\u0131yaslamas\u0131 hi\u00e7 \u015f\u00fcphe yok ki bu \u00e7al\u0131\u015fmay\u0131 daha k\u0131ymetli hale getiriyor. \u0130slam\u2019\u0131n Siyasal S\u00f6ylemi \u0130slam siyaset dilinin tarih i\u00e7erisindeki serencam\u0131n\u0131 k\u0131sa ve \u00f6z bi\u00e7imde sunuyor. Bernard Lewis bu kitab\u0131nda sadece iyi bir tarih\u00e7i oldu\u011funu de\u011fil, ayn\u0131 zamanda ele ald\u0131\u011f\u0131 konuyu ayr\u0131nt\u0131lara bo\u011fmadan aktarabilen mahir bir yazar oldu\u011funu da g\u00f6steriyor.<\/p>\n","protected":false},"excerpt":{"rendered":"<p>Cihat asl\u0131nda ne demektir? M\u00fcsl\u00fcmanlar\u0131n kanun anlay\u0131\u015f\u0131 nedir? \u0130slam\u2019\u0131n k\u00e2firlere kar\u015f\u0131 tutumu nedir? Edebi ve tarihi kaynaklar\u0131 ele alan Bernard Lewis \u0130slam\u2019\u0131n siyasal s\u00f6yleminin geli\u015fiminin, Peygamber\u2019in<span class=\"excerpt-hellip\"> [\u2026]<\/span><\/p>\n","protected":false},"featured_media":0,"template":"","meta":{"_monsterinsights_skip_tracking":false,"_monsterinsights_sitenote_active":false,"_monsterinsights_sitenote_note":"","_monsterinsights_sitenote_category":0},"product_brand":[],"product_cat":[12305,12304],"product_tag":[],"class_list":{"0":"post-732641","1":"product","2":"type-product","3":"status-publish","5":"product_cat-dunya-tarihi","6":"product_cat-tarih","7":"pa_cilt-ciltsiz","8":"pa_tur-kitap","9":"pa_yayinevi-kronik-kitap","10":"pa_yazar-bernard-lewis","12":"first","13":"instock","14":"sale","15":"shipping-taxable","16":"purchasable","17":"product-type-simple"},"_links":{"self":[{"href":"https:\/\/roveyayinevi.com.tr\/index.php\/wp-json\/wp\/v2\/product\/732641","targetHints":{"allow":["GET"]}}],"collection":[{"href":"https:\/\/roveyayinevi.com.tr\/index.php\/wp-json\/wp\/v2\/product"}],"about":[{"href":"https:\/\/roveyayinevi.com.tr\/index.php\/wp-json\/wp\/v2\/types\/product"}],"wp:attachment":[{"href":"https:\/\/roveyayinevi.com.tr\/index.php\/wp-json\/wp\/v2\/media?parent=732641"}],"wp:term":[{"taxonomy":"product_brand","embeddable":true,"href":"https:\/\/roveyayinevi.com.tr\/index.php\/wp-json\/wp\/v2\/product_brand?post=732641"},{"taxonomy":"product_cat","embeddable":true,"href":"https:\/\/roveyayinevi.com.tr\/index.php\/wp-json\/wp\/v2\/product_cat?post=732641"},{"taxonomy":"product_tag","embeddable":true,"href":"https:\/\/roveyayinevi.com.tr\/index.php\/wp-json\/wp\/v2\/product_tag?post=732641"}],"curies":[{"name":"wp","href":"https:\/\/api.w.org\/{rel}","templated":true}]}}