{"id":732639,"date":"2025-08-27T21:55:07","date_gmt":"2025-08-27T18:55:07","guid":{"rendered":"https:\/\/roveyayinevi.com.tr\/index.php\/urun\/royal-serisi-3-kitap-kutulu-set\/"},"modified":"2026-04-16T02:40:24","modified_gmt":"2026-04-15T23:40:24","slug":"royal-serisi-3-kitap-kutulu-set","status":"publish","type":"product","link":"https:\/\/roveyayinevi.com.tr\/index.php\/urun\/royal-serisi-3-kitap-kutulu-set\/","title":{"rendered":"Royal Serisi 3 Kitap Kutulu Set"},"content":{"rendered":"<p>ROYAL A\u0130LES\u0130 SEN\u0130 MAHVEDECEK   \u201cYeti\u015fkin romantik romanlar\u0131n\u0131 aratmayan kurgusuyla, Gossip Girl seven gen\u00e7lerin tam da arad\u0131klar\u0131 kan.\u201d \u2014Kirkus\u201cYo\u011fun, ak\u0131ldan \u00e7\u0131kmayan ve \u00e7ok ate\u015fli. Mutlaka okumal\u0131s\u0131n\u0131z.\u201d \u2014Emma Chace   \u201cBu neslin Cruel Intentions\u2019\u0131.\u201d \u2014Jennifer L. Armentrout\u201cB\u0131rak\u0131n Royal ailesi sizi de mahvetsin.\u201d \u2014Meghan March<\/p>\n","protected":false},"excerpt":{"rendered":"<p>ROYAL A\u0130LES\u0130 SEN\u0130 MAHVEDECEK \u201cYeti\u015fkin romantik romanlar\u0131n\u0131 aratmayan kurgusuyla, Gossip Girl seven gen\u00e7lerin tam da arad\u0131klar\u0131 kan.\u201d \u2014Kirkus\u201cYo\u011fun, ak\u0131ldan \u00e7\u0131kmayan ve \u00e7ok ate\u015fli. Mutlaka okumal\u0131s\u0131n\u0131z.\u201d \u2014Emma<span class=\"excerpt-hellip\"> [\u2026]<\/span><\/p>\n","protected":false},"featured_media":0,"template":"","meta":{"_monsterinsights_skip_tracking":false,"_monsterinsights_sitenote_active":false,"_monsterinsights_sitenote_note":"","_monsterinsights_sitenote_category":0},"product_brand":[],"product_cat":[14643,12291],"product_tag":[],"class_list":{"0":"post-732639","1":"product","2":"type-product","3":"status-publish","5":"product_cat-ask","6":"product_cat-edebiyat","7":"pa_cilt-ciltsiz","8":"pa_tur-kitap","9":"pa_yayinevi-yabanci-yayinevi","10":"pa_yazar-erin-watt","12":"first","13":"instock","14":"sale","15":"shipping-taxable","16":"purchasable","17":"product-type-simple"},"_links":{"self":[{"href":"https:\/\/roveyayinevi.com.tr\/index.php\/wp-json\/wp\/v2\/product\/732639","targetHints":{"allow":["GET"]}}],"collection":[{"href":"https:\/\/roveyayinevi.com.tr\/index.php\/wp-json\/wp\/v2\/product"}],"about":[{"href":"https:\/\/roveyayinevi.com.tr\/index.php\/wp-json\/wp\/v2\/types\/product"}],"wp:attachment":[{"href":"https:\/\/roveyayinevi.com.tr\/index.php\/wp-json\/wp\/v2\/media?parent=732639"}],"wp:term":[{"taxonomy":"product_brand","embeddable":true,"href":"https:\/\/roveyayinevi.com.tr\/index.php\/wp-json\/wp\/v2\/product_brand?post=732639"},{"taxonomy":"product_cat","embeddable":true,"href":"https:\/\/roveyayinevi.com.tr\/index.php\/wp-json\/wp\/v2\/product_cat?post=732639"},{"taxonomy":"product_tag","embeddable":true,"href":"https:\/\/roveyayinevi.com.tr\/index.php\/wp-json\/wp\/v2\/product_tag?post=732639"}],"curies":[{"name":"wp","href":"https:\/\/api.w.org\/{rel}","templated":true}]}}