{"id":732638,"date":"2025-08-27T21:55:05","date_gmt":"2025-08-27T18:55:05","guid":{"rendered":"https:\/\/roveyayinevi.com.tr\/index.php\/urun\/carpik-saray\/"},"modified":"2026-04-16T02:40:24","modified_gmt":"2026-04-15T23:40:24","slug":"carpik-saray","status":"publish","type":"product","link":"https:\/\/roveyayinevi.com.tr\/index.php\/urun\/carpik-saray\/","title":{"rendered":"\u00c7arp\u0131k Saray"},"content":{"rendered":"<p>Ella Harper, hayatta kar\u015f\u0131s\u0131na \u00e7\u0131kan her zorlu\u011fu atlatabilecek kadar g\u00fc\u00e7l\u00fc ve sevdiklerini korumak i\u00e7in kendini feda edebilecek kadar g\u00f6z\u00fc karayd\u0131. \u00d6fkesiyle tan\u0131nan Reed Royal\u2019\u0131n ise her sorunu \u015fiddet kullanarak \u00e7\u00f6zmeye \u00e7al\u0131\u015fmas\u0131 sonunda aya\u011f\u0131na dolanm\u0131\u015ft\u0131. Fakat o gece malik\u00e2nede ya\u015fananlar ikisi i\u00e7in de fazlayd\u0131.   Lekeli ge\u00e7mi\u015fleri onlar\u0131 asla rahat b\u0131rakmazken, birbirlerine zarar vereceklerini hayk\u0131ran seslerin aras\u0131nda yollar\u0131n\u0131 bulmaya \u00e7al\u0131\u015f\u0131yorlard\u0131.   \u00c7arp\u0131k Saray\u2019\u0131n \u00e7oktan unutulmu\u015f s\u0131rlar\u0131n\u0131 a\u00e7\u0131\u011fa \u00e7\u0131karmak ve kendilerine yeni bir hayat \u015fans\u0131 tan\u0131maktan ba\u015fka se\u00e7enekleri kalmam\u0131\u015ft\u0131.   \u201cBu neslin Cruel Intentions\u2019\u0131.\u201d \u2014Jennifer L. Armentrout   \u201c\u00c7arp\u0131k Saray, Ella ile Reed\u2019in hik\u00e2yesi i\u00e7in m\u00fckemmel bir son.\u201d \u2014Samantha Towle   \u201cB\u0131rak\u0131n Royal ailesi sizi de mahvetsin.\u201d \u2014Meghan March   \u201cA\u015fk, ihanet ve manip\u00fclasyonlara dair kusursuz bir hik\u00e2yenin sonuna haz\u0131r olun.\u201d \u2014S.L. Jennings <\/p>\n","protected":false},"excerpt":{"rendered":"<p>Ella Harper, hayatta kar\u015f\u0131s\u0131na \u00e7\u0131kan her zorlu\u011fu atlatabilecek kadar g\u00fc\u00e7l\u00fc ve sevdiklerini korumak i\u00e7in kendini feda edebilecek kadar g\u00f6z\u00fc karayd\u0131. \u00d6fkesiyle tan\u0131nan Reed Royal\u2019\u0131n ise her<span class=\"excerpt-hellip\"> [\u2026]<\/span><\/p>\n","protected":false},"featured_media":0,"template":"","meta":{"_monsterinsights_skip_tracking":false,"_monsterinsights_sitenote_active":false,"_monsterinsights_sitenote_note":"","_monsterinsights_sitenote_category":0},"product_brand":[],"product_cat":[14643,12291],"product_tag":[],"class_list":{"0":"post-732638","1":"product","2":"type-product","3":"status-publish","5":"product_cat-ask","6":"product_cat-edebiyat","7":"pa_cilt-ciltsiz","8":"pa_tur-kitap","9":"pa_yayinevi-yabanci-yayinevi","10":"pa_yazar-erin-watt","12":"first","13":"instock","14":"sale","15":"shipping-taxable","16":"purchasable","17":"product-type-simple"},"_links":{"self":[{"href":"https:\/\/roveyayinevi.com.tr\/index.php\/wp-json\/wp\/v2\/product\/732638","targetHints":{"allow":["GET"]}}],"collection":[{"href":"https:\/\/roveyayinevi.com.tr\/index.php\/wp-json\/wp\/v2\/product"}],"about":[{"href":"https:\/\/roveyayinevi.com.tr\/index.php\/wp-json\/wp\/v2\/types\/product"}],"wp:attachment":[{"href":"https:\/\/roveyayinevi.com.tr\/index.php\/wp-json\/wp\/v2\/media?parent=732638"}],"wp:term":[{"taxonomy":"product_brand","embeddable":true,"href":"https:\/\/roveyayinevi.com.tr\/index.php\/wp-json\/wp\/v2\/product_brand?post=732638"},{"taxonomy":"product_cat","embeddable":true,"href":"https:\/\/roveyayinevi.com.tr\/index.php\/wp-json\/wp\/v2\/product_cat?post=732638"},{"taxonomy":"product_tag","embeddable":true,"href":"https:\/\/roveyayinevi.com.tr\/index.php\/wp-json\/wp\/v2\/product_tag?post=732638"}],"curies":[{"name":"wp","href":"https:\/\/api.w.org\/{rel}","templated":true}]}}