{"id":732637,"date":"2025-08-27T21:55:04","date_gmt":"2025-08-27T18:55:04","guid":{"rendered":"https:\/\/roveyayinevi.com.tr\/index.php\/urun\/ask-ve-zeytin-ciltli\/"},"modified":"2026-04-16T02:40:24","modified_gmt":"2026-04-15T23:40:24","slug":"ask-ve-zeytin-ciltli","status":"publish","type":"product","link":"https:\/\/roveyayinevi.com.tr\/index.php\/urun\/ask-ve-zeytin-ciltli\/","title":{"rendered":"A\u015fk ve Zeytin (Ciltli)"},"content":{"rendered":"<p>Kay\u0131p olan ne varsa, art\u0131k bulundu.   Liv Varanakis, babas\u0131ndan bahsetmekten ho\u015flanmazd\u0131 \u2013 ya da y\u0131llar \u00f6nce onu ve annesini kay\u0131p \u015fehir Atlantis\u2019i bulmak u\u011fruna nas\u0131l terk etti\u011finden. Babas\u0131n\u0131n onu bir anda Santorini\u2019ye \u00e7a\u011f\u0131rmas\u0131 ve ona ihtiyac\u0131 oldu\u011funu s\u00f6ylemesi ise lise dertleriyle bo\u011fu\u015fan Liv\u2019in duymak istedi\u011fi en son \u015feydi.   Annesinin zorlamas\u0131yla apar topar Yunanistan\u2019a gitti\u011finde, hayal dahi edemeyece\u011fi bir masal\u0131n i\u00e7ine \u00e7ekilmi\u015fti sanki. Adan\u0131n b\u00fcy\u00fcl\u00fc do\u011fas\u0131, s\u0131ms\u0131cak halk\u0131, babas\u0131n\u0131n bir an bile dibinden ayr\u0131lmayan karizmatik \u00e7\u0131ra\u011f\u0131 Theo\u2026 T\u00fcm bunlar, kald\u0131rabilece\u011finden \u00e7ok fazlayd\u0131.   Ne kadar aksini iddia etmeye \u00e7al\u0131\u015fsa da, Santorini ger\u00e7ekten m\u00fckemmeldi. Fakat defalarca kez k\u0131r\u0131lm\u0131\u015f kalbinin tekrar sevebilmesi i\u00e7in, \u00f6nce \u00fczerlerinde kara bulut gibi dolanan sorular\u0131n cevaplanmas\u0131 gerekiyordu.   \u201cHayattan romantik bir ka\u00e7\u0131\u015f.\u201d \u2014Kirkus   \u201cSayfalar aras\u0131na dald\u0131\u011f\u0131n\u0131zda, bekledi\u011finizden \u00e7ok daha derin ve b\u00fcy\u00fcl\u00fc bir hik\u00e2ye bulacaks\u0131n\u0131z.\u201d \u2014The Young Folks   \u201cMacera ve romantizmin kusursuz birle\u015fimi.\u201d \u2014Tha Fandom <\/p>\n","protected":false},"excerpt":{"rendered":"<p>Kay\u0131p olan ne varsa, art\u0131k bulundu. Liv Varanakis, babas\u0131ndan bahsetmekten ho\u015flanmazd\u0131 \u2013 ya da y\u0131llar \u00f6nce onu ve annesini kay\u0131p \u015fehir Atlantis\u2019i bulmak u\u011fruna nas\u0131l terk<span class=\"excerpt-hellip\"> [\u2026]<\/span><\/p>\n","protected":false},"featured_media":0,"template":"","meta":{"_monsterinsights_skip_tracking":false,"_monsterinsights_sitenote_active":false,"_monsterinsights_sitenote_note":"","_monsterinsights_sitenote_category":0},"product_brand":[],"product_cat":[14643,12291],"product_tag":[],"class_list":{"0":"post-732637","1":"product","2":"type-product","3":"status-publish","5":"product_cat-ask","6":"product_cat-edebiyat","7":"pa_cilt-ciltli","8":"pa_tur-kitap","9":"pa_yayinevi-yabanci-yayinevi","10":"pa_yazar-jenna-evans-welch","12":"first","13":"instock","14":"sale","15":"shipping-taxable","16":"purchasable","17":"product-type-simple"},"_links":{"self":[{"href":"https:\/\/roveyayinevi.com.tr\/index.php\/wp-json\/wp\/v2\/product\/732637","targetHints":{"allow":["GET"]}}],"collection":[{"href":"https:\/\/roveyayinevi.com.tr\/index.php\/wp-json\/wp\/v2\/product"}],"about":[{"href":"https:\/\/roveyayinevi.com.tr\/index.php\/wp-json\/wp\/v2\/types\/product"}],"wp:attachment":[{"href":"https:\/\/roveyayinevi.com.tr\/index.php\/wp-json\/wp\/v2\/media?parent=732637"}],"wp:term":[{"taxonomy":"product_brand","embeddable":true,"href":"https:\/\/roveyayinevi.com.tr\/index.php\/wp-json\/wp\/v2\/product_brand?post=732637"},{"taxonomy":"product_cat","embeddable":true,"href":"https:\/\/roveyayinevi.com.tr\/index.php\/wp-json\/wp\/v2\/product_cat?post=732637"},{"taxonomy":"product_tag","embeddable":true,"href":"https:\/\/roveyayinevi.com.tr\/index.php\/wp-json\/wp\/v2\/product_tag?post=732637"}],"curies":[{"name":"wp","href":"https:\/\/api.w.org\/{rel}","templated":true}]}}