{"id":732635,"date":"2025-08-27T21:55:02","date_gmt":"2025-08-27T18:55:02","guid":{"rendered":"https:\/\/roveyayinevi.com.tr\/index.php\/urun\/bozadam\/"},"modified":"2026-04-16T02:40:24","modified_gmt":"2026-04-15T23:40:24","slug":"bozadam","status":"publish","type":"product","link":"https:\/\/roveyayinevi.com.tr\/index.php\/urun\/bozadam\/","title":{"rendered":"Bozadam"},"content":{"rendered":"<p>De\u011fi\u015fen sadece insan de\u011fil. Korkular da de\u011fi\u015fiyor zamanla. Yak\u0131n ya da uzak herkes seziyor bu de\u011fi\u015fimi. Hepimiz ko\u015farak uzakla\u015fmak istedi\u011fimiz \u015feylere d\u00f6n\u00fc\u015f\u00fcyoruz. Bir ev ar\u0131yoruz, bir e\u015fik, yeni bir yurt, taze, s\u0131cak bir el. Kaybetmenin bir t\u00fcr yeniden bulma oldu\u011funu \u00f6\u011freniyoruz yine de. El yordam\u0131yla anl\u0131yoruz ger\u00e7e\u011fi. S\u00fcrekli kendimizle kar\u015f\u0131la\u015farak, arayarak ve de\u015ferek.   \u00d6mer \u0130zge\u00e7, Bozadam ile yepyeni ama \u00fcrk\u00fct\u00fcc\u00fc bir d\u00fcnyan\u0131n kap\u0131lar\u0131n\u0131 a\u00e7\u0131yor bize. On iki ya\u015f\u0131ndaki Es\u2019in hik\u00e2yesinde tanr\u0131, inan\u00e7, kader, kabulleni\u015f, umut ve a\u015fk gibi konular \u00fczerine d\u00fc\u015f\u00fcn\u00fcrken co\u011frafyam\u0131zda da tan\u0131k oldu\u011fumuz ayr\u0131mc\u0131l\u0131k, ikilik ve nefret tohumlar\u0131yla y\u00fczle\u015fiyoruz. Roman, zaman ve mek\u00e2n bilinmezli\u011fiyle, anlatt\u0131\u011f\u0131 hik\u00e2yenin gizemli havas\u0131yla okuru do\u011frudan i\u00e7ine al\u0131yor.   \u201cUnutulan ge\u00e7mi\u015f yerini tedirginli\u011fe ve kayna\u011f\u0131n\u0131 h\u00e2kimiyet \u00fclk\u00fcs\u00fcnden alan hiddete b\u0131rakm\u0131\u015ft\u0131. Var olman\u0131n, farkl\u0131l\u0131klar\u0131 yok etmekle m\u00fcmk\u00fcn olaca\u011f\u0131n\u0131 d\u00fc\u015f\u00fcn\u00fcyorlard\u0131. Korkmu\u015flard\u0131 ve korku, \u00f6tekini yok etme d\u00fcrt\u00fcs\u00fcn\u00fc beraberinde getiriyordu.\u201d <\/p>\n","protected":false},"excerpt":{"rendered":"<p>De\u011fi\u015fen sadece insan de\u011fil. Korkular da de\u011fi\u015fiyor zamanla. Yak\u0131n ya da uzak herkes seziyor bu de\u011fi\u015fimi. Hepimiz ko\u015farak uzakla\u015fmak istedi\u011fimiz \u015feylere d\u00f6n\u00fc\u015f\u00fcyoruz. Bir ev ar\u0131yoruz, bir<span class=\"excerpt-hellip\"> [\u2026]<\/span><\/p>\n","protected":false},"featured_media":0,"template":"","meta":{"_monsterinsights_skip_tracking":false,"_monsterinsights_sitenote_active":false,"_monsterinsights_sitenote_note":"","_monsterinsights_sitenote_category":0},"product_brand":[],"product_cat":[12291,14777],"product_tag":[],"class_list":{"0":"post-732635","1":"product","2":"type-product","3":"status-publish","5":"product_cat-edebiyat","6":"product_cat-fantastik","7":"pa_cilt-ciltsiz","8":"pa_tur-kitap","9":"pa_yayinevi-ithaki-yayinlari","10":"pa_yazar-omer-izgec","12":"first","13":"instock","14":"sale","15":"shipping-taxable","16":"purchasable","17":"product-type-simple"},"_links":{"self":[{"href":"https:\/\/roveyayinevi.com.tr\/index.php\/wp-json\/wp\/v2\/product\/732635","targetHints":{"allow":["GET"]}}],"collection":[{"href":"https:\/\/roveyayinevi.com.tr\/index.php\/wp-json\/wp\/v2\/product"}],"about":[{"href":"https:\/\/roveyayinevi.com.tr\/index.php\/wp-json\/wp\/v2\/types\/product"}],"wp:attachment":[{"href":"https:\/\/roveyayinevi.com.tr\/index.php\/wp-json\/wp\/v2\/media?parent=732635"}],"wp:term":[{"taxonomy":"product_brand","embeddable":true,"href":"https:\/\/roveyayinevi.com.tr\/index.php\/wp-json\/wp\/v2\/product_brand?post=732635"},{"taxonomy":"product_cat","embeddable":true,"href":"https:\/\/roveyayinevi.com.tr\/index.php\/wp-json\/wp\/v2\/product_cat?post=732635"},{"taxonomy":"product_tag","embeddable":true,"href":"https:\/\/roveyayinevi.com.tr\/index.php\/wp-json\/wp\/v2\/product_tag?post=732635"}],"curies":[{"name":"wp","href":"https:\/\/api.w.org\/{rel}","templated":true}]}}