{"id":732631,"date":"2025-08-27T21:54:58","date_gmt":"2025-08-27T18:54:58","guid":{"rendered":"https:\/\/roveyayinevi.com.tr\/index.php\/urun\/mutlu-orman-masallari-5li-set\/"},"modified":"2026-04-16T02:40:24","modified_gmt":"2026-04-15T23:40:24","slug":"mutlu-orman-masallari-5li-set","status":"publish","type":"product","link":"https:\/\/roveyayinevi.com.tr\/index.php\/urun\/mutlu-orman-masallari-5li-set\/","title":{"rendered":"Mutlu Orman Masallar\u0131 5\u2019li Set"},"content":{"rendered":"<p>Kahramanlar\u0131n\u0131 \u00e7ocuklar\u0131n se\u00e7ti\u011fi bu masallar, bir \u00e7ocuk kalbi hassasiyetiyle yaz\u0131ld\u0131. Onlar\u0131n g\u00f6z\u00fcnden tav\u015fan, kaplumba\u011fa, papa\u011fan, sincap, panda, mirket gibi sevimli kahramanlar\u0131m\u0131z ayr\u0131 ayr\u0131 yeteneklerini ortaya koydular. &#8220;\u00dcrkek, korkak bir tav\u015fandan kral m\u0131 olur?&#8221; demeyin. Bak\u0131n neler yap\u0131yor\u2026 \u00c7\u00fcnk\u00fc resmin b\u00fct\u00fcn\u00fcne bakan \u00e7ocuk kalbi, biz yeti\u015fkinlerin fark edemedi\u011fi nice g\u00fczellikleri bulup \u00f6n\u00fcm\u00fcze koyuverir. \u0130\u015fte bu bak\u0131\u015f\u0131, \u00e7ocu\u011fun masum d\u00fcnyas\u0131n\u0131 yans\u0131tmak amac\u0131yla yaz\u0131lan Mutlu Orman Masallar\u0131, ayn\u0131 zamanda yeti\u015fkinlerin de keyifle okuyabilece\u011fi bir masal demetidir.   Mutlu Orman Masallar\u0131\u2019n\u0131 Neden Okumal\u0131, Okutmal\u0131y\u0131z? \u00b7 Bizi biz yapan Anadolu&#8217;nun mayas\u0131 de\u011ferlerimizin \u00e7ocuklar\u0131m\u0131z taraf\u0131ndan da \u00f6z\u00fcmsenmesi, kolay \u00f6zde\u015fim kurabildikleri hayvanlar\u0131n ya\u015fant\u0131lar\u0131yla sunuluyor. \u00b7 D\u00fcr\u00fcstl\u00fck, liyakat, farkl\u0131l\u0131klara sayg\u0131, yard\u0131mla\u015fma ve vefa gibi kadim Anadolu k\u00fclt\u00fcr\u00fc Dede Korkut Hik\u00e2yeleri\u2019nden, Kelo\u011flan Masallar\u0131\u2019na kadar zengin kaynaklar\u0131m\u0131zdan beslenerek sevimli kahramanlarla \u00e7ocuklar\u0131m\u0131za aktar\u0131l\u0131yor. \u00b7 \u201cHer \u00e7ocuk \u00f6zeldir\u201d duyarl\u0131l\u0131\u011f\u0131 ile yaz\u0131lan bu masallarda bireyin toplum i\u00e7inde varl\u0131\u011f\u0131, vazge\u00e7ilmezli\u011fi ve do\u011fal ya\u015fam\u0131n k\u0131ymeti kuvvetle vurgulan\u0131yor. Bu y\u00fczden Mutlu Orman Masallar\u0131, \u00e7ocuklar\u0131m\u0131za okumay\u0131 sevdirecek \u015fiir tad\u0131nda diliyle \u00e7ok farkl\u0131 bir pencere a\u00e7\u0131yor \u00f6n\u00fcm\u00fcze&#8230; PEDAGOG PS\u0130KOLOJ\u0130K DANI\u015eMAN REHBER \u00d6\u011eRETMEN \u00c7OCUK GEL\u0130\u015e\u0130M\u0130 UZMANI ONAYLI <\/p>\n","protected":false},"excerpt":{"rendered":"<p>Kahramanlar\u0131n\u0131 \u00e7ocuklar\u0131n se\u00e7ti\u011fi bu masallar, bir \u00e7ocuk kalbi hassasiyetiyle yaz\u0131ld\u0131. Onlar\u0131n g\u00f6z\u00fcnden tav\u015fan, kaplumba\u011fa, papa\u011fan, sincap, panda, mirket gibi sevimli kahramanlar\u0131m\u0131z ayr\u0131 ayr\u0131 yeteneklerini ortaya koydular.<span class=\"excerpt-hellip\"> [\u2026]<\/span><\/p>\n","protected":false},"featured_media":0,"template":"","meta":{"_monsterinsights_skip_tracking":false,"_monsterinsights_sitenote_active":false,"_monsterinsights_sitenote_note":"","_monsterinsights_sitenote_category":0},"product_brand":[],"product_cat":[12913,12274],"product_tag":[],"class_list":{"0":"post-732631","1":"product","2":"type-product","3":"status-publish","5":"product_cat-3-6-yas-kitaplari","6":"product_cat-cocuk-ve-genclik-kitaplari","7":"pa_cilt-set","8":"pa_tur-kitap","9":"pa_yayinevi-hayykitap","10":"pa_yazar-himmet-karatas","12":"first","13":"instock","14":"sale","15":"shipping-taxable","16":"purchasable","17":"product-type-simple"},"_links":{"self":[{"href":"https:\/\/roveyayinevi.com.tr\/index.php\/wp-json\/wp\/v2\/product\/732631","targetHints":{"allow":["GET"]}}],"collection":[{"href":"https:\/\/roveyayinevi.com.tr\/index.php\/wp-json\/wp\/v2\/product"}],"about":[{"href":"https:\/\/roveyayinevi.com.tr\/index.php\/wp-json\/wp\/v2\/types\/product"}],"wp:attachment":[{"href":"https:\/\/roveyayinevi.com.tr\/index.php\/wp-json\/wp\/v2\/media?parent=732631"}],"wp:term":[{"taxonomy":"product_brand","embeddable":true,"href":"https:\/\/roveyayinevi.com.tr\/index.php\/wp-json\/wp\/v2\/product_brand?post=732631"},{"taxonomy":"product_cat","embeddable":true,"href":"https:\/\/roveyayinevi.com.tr\/index.php\/wp-json\/wp\/v2\/product_cat?post=732631"},{"taxonomy":"product_tag","embeddable":true,"href":"https:\/\/roveyayinevi.com.tr\/index.php\/wp-json\/wp\/v2\/product_tag?post=732631"}],"curies":[{"name":"wp","href":"https:\/\/api.w.org\/{rel}","templated":true}]}}