{"id":732630,"date":"2025-08-27T21:54:57","date_gmt":"2025-08-27T18:54:57","guid":{"rendered":"https:\/\/roveyayinevi.com.tr\/index.php\/urun\/bal-gibi-tatli-sut-gibi-sifali-yun-gibi-sicacik-3lu-set\/"},"modified":"2026-04-16T02:40:24","modified_gmt":"2026-04-15T23:40:24","slug":"bal-gibi-tatli-sut-gibi-sifali-yun-gibi-sicacik-3lu-set","status":"publish","type":"product","link":"https:\/\/roveyayinevi.com.tr\/index.php\/urun\/bal-gibi-tatli-sut-gibi-sifali-yun-gibi-sicacik-3lu-set\/","title":{"rendered":"Bal Gibi Tatl\u0131 S\u00fct Gibi \u015eifal\u0131 Y\u00fcn Gibi S\u0131cac\u0131k, 3\u2019l\u00fc Set"},"content":{"rendered":"<p>Bal Gibi Tatl\u0131  S\u00fct Gibi \u015eifal\u0131  Y\u00fcn Gibi S\u0131cac\u0131k 3\u2019l\u00fc Set Do\u011fa, t\u00fcm g\u00f6rkemiyle kollar\u0131n\u0131 a\u00e7\u0131p bizi kucaklamaya haz\u0131rken \u00e7ocuklar\u0131m\u0131za bu bereketli sofran\u0131n lezzetlerini sunmal\u0131y\u0131z. G\u00fcne\u015fin do\u011fu\u015fuyla ba\u015flayan bir g\u00fcn\u00fcn tazeli\u011fini, kald\u0131r\u0131mlar\u0131n dibinde biten minik otlar\u0131n ya\u015fam\u0131m\u0131z\u0131 g\u00fczelle\u015ftirip renklendirdi\u011fini fark edebilmek, modern d\u00fcnyan\u0131n minik insanlar\u0131na derin bir soluk ald\u0131racak. Bir canl\u0131n\u0131n yarad\u0131l\u0131\u015f\u0131ndaki mucizev\u00ee detaylara tan\u0131kl\u0131k etmek, minik bedenlerin ruhunu ok\u015fayarak onlara \u015fifa p\u0131nar\u0131ndan damlalar sunacak. Kent ya\u015fam\u0131n\u0131n h\u0131zl\u0131 ve monoton atmosferinden s\u0131yr\u0131l\u0131p y\u00fcz\u00fcm\u00fcz\u00fc, tabiat\u0131n bek\u00e7ileri hayvanlara d\u00f6nmemizin zaman\u0131 geldi de ge\u00e7iyor bile\u2026   Sevgili \u00c7ocuklar, Bal gibi tatl\u0131 bu \u00f6yk\u00fcleri okuyarak; farkl\u0131 olana duydu\u011fumuz \u00f6nyarg\u0131n\u0131n, hayat\u0131m\u0131z\u0131 renklendirmeye engel oldu\u011funu anlayacaks\u0131n\u0131z. S\u00fct gibi \u015fifal\u0131 bu \u00f6yk\u00fclerde; erken uyanman\u0131n ya\u015fam\u0131m\u0131za bolluk katt\u0131\u011f\u0131n\u0131, a\u00e7g\u00f6zl\u00fcl\u00fc\u011f\u00fcn ili\u015fkilerimize zarar verdi\u011fini anlayarak ruhunuzu ke\u015ffedeceksiniz. Y\u00fcn gibi s\u0131cac\u0131k bu \u00f6yk\u00fclerle; korkular\u0131n\u0131z\u0131 yenebilece\u011finizi, cesaretin bilgelikte gizlendi\u011fini fark edeceksiniz. <\/p>\n","protected":false},"excerpt":{"rendered":"<p>Bal Gibi Tatl\u0131 S\u00fct Gibi \u015eifal\u0131 Y\u00fcn Gibi S\u0131cac\u0131k 3\u2019l\u00fc Set Do\u011fa, t\u00fcm g\u00f6rkemiyle kollar\u0131n\u0131 a\u00e7\u0131p bizi kucaklamaya haz\u0131rken \u00e7ocuklar\u0131m\u0131za bu bereketli sofran\u0131n lezzetlerini sunmal\u0131y\u0131z. G\u00fcne\u015fin<span class=\"excerpt-hellip\"> [\u2026]<\/span><\/p>\n","protected":false},"featured_media":0,"template":"","meta":{"_monsterinsights_skip_tracking":false,"_monsterinsights_sitenote_active":false,"_monsterinsights_sitenote_note":"","_monsterinsights_sitenote_category":0},"product_brand":[],"product_cat":[12274,12284],"product_tag":[],"class_list":{"0":"post-732630","1":"product","2":"type-product","3":"status-publish","5":"product_cat-cocuk-ve-genclik-kitaplari","6":"product_cat-hikayeler","7":"pa_cilt-ciltsiz","8":"pa_tur-kitap","9":"pa_yayinevi-hayykitap","10":"pa_yazar-vildan-sert","12":"first","13":"instock","14":"sale","15":"shipping-taxable","16":"purchasable","17":"product-type-simple"},"_links":{"self":[{"href":"https:\/\/roveyayinevi.com.tr\/index.php\/wp-json\/wp\/v2\/product\/732630","targetHints":{"allow":["GET"]}}],"collection":[{"href":"https:\/\/roveyayinevi.com.tr\/index.php\/wp-json\/wp\/v2\/product"}],"about":[{"href":"https:\/\/roveyayinevi.com.tr\/index.php\/wp-json\/wp\/v2\/types\/product"}],"wp:attachment":[{"href":"https:\/\/roveyayinevi.com.tr\/index.php\/wp-json\/wp\/v2\/media?parent=732630"}],"wp:term":[{"taxonomy":"product_brand","embeddable":true,"href":"https:\/\/roveyayinevi.com.tr\/index.php\/wp-json\/wp\/v2\/product_brand?post=732630"},{"taxonomy":"product_cat","embeddable":true,"href":"https:\/\/roveyayinevi.com.tr\/index.php\/wp-json\/wp\/v2\/product_cat?post=732630"},{"taxonomy":"product_tag","embeddable":true,"href":"https:\/\/roveyayinevi.com.tr\/index.php\/wp-json\/wp\/v2\/product_tag?post=732630"}],"curies":[{"name":"wp","href":"https:\/\/api.w.org\/{rel}","templated":true}]}}