{"id":732626,"date":"2025-08-27T21:54:09","date_gmt":"2025-08-27T18:54:09","guid":{"rendered":"https:\/\/roveyayinevi.com.tr\/index.php\/urun\/gec-osmanli-donemi-romanlarinda-sair-ve-siir\/"},"modified":"2026-04-16T02:40:24","modified_gmt":"2026-04-15T23:40:24","slug":"gec-osmanli-donemi-romanlarinda-sair-ve-siir","status":"publish","type":"product","link":"https:\/\/roveyayinevi.com.tr\/index.php\/urun\/gec-osmanli-donemi-romanlarinda-sair-ve-siir\/","title":{"rendered":"Ge\u00e7 Osmanl\u0131 D\u00f6nemi Romanlar\u0131nda \u015eair ve \u015eiir"},"content":{"rendered":"<p>\u015eairlerin karakterleri, hayat tarzlar\u0131, hayal d\u00fcnyalar\u0131 her daim ilgi \u00e7ekmi\u015f, pek \u00e7ok ara\u015ft\u0131rman\u0131n konusu olmu\u015ftur. \u015eairler, sadece inceleme ve ara\u015ft\u0131rma kitaplar\u0131nda de\u011fil; roman, hik\u00e2ye gibi kurmaca eserlerde de kendisine yer edinmi\u015ftir. \u0130\u015fte bu kitap \u015faire ve \u015fiire odaklanan romanlar\u0131n kitab\u0131d\u0131r. Ge\u00e7 Osmanl\u0131 d\u00f6nemi romanlar\u0131n\u0131n t\u00fcm \u015fair kahramanlar\u0131, melankolik ya da vatanperver \u015fairler, rind-me\u015frep \u015fairler ya da gelene\u011fe sad\u0131k Divan \u015fairleri ve hatta romantiklerin ba\u015far\u0131s\u0131z taklit\u00e7ileri, yani m\u00fcte\u015fairler bu kitapta kar\u015f\u0131n\u0131za \u00e7\u0131kar. \u015eairlerin \u015fiiri nas\u0131l tan\u0131mlad\u0131\u011f\u0131, Divan, Halk ve Bat\u0131 \u015fiirine yakla\u015f\u0131mlar\u0131, d\u00f6nemlerinin poetik meseleleri, \u015fiirlerini s\u00f6yleme sanc\u0131lar\u0131, bu zorlu merhalelerin delilik ve narsisizmle olan yak\u0131nl\u0131\u011f\u0131, bu kitapta yer bulur. Bahanur Garan G\u00f6k\u015fen\u2019in bu ara\u015ft\u0131rma eseri, Tanzimat roman\u0131 Cezmi\u2019den Cumhuriyet\u2019in ilk y\u0131l\u0131nda yay\u0131mlanan Karanfil ve Yasemin ile Z\u00e2niyeler\u2019e kadar \u00e7e\u015fitli romanlardaki \u015fair izlerinin pe\u015fine d\u00fc\u015f\u00fcyor\u2026 <\/p>\n","protected":false},"excerpt":{"rendered":"<p>\u015eairlerin karakterleri, hayat tarzlar\u0131, hayal d\u00fcnyalar\u0131 her daim ilgi \u00e7ekmi\u015f, pek \u00e7ok ara\u015ft\u0131rman\u0131n konusu olmu\u015ftur. \u015eairler, sadece inceleme ve ara\u015ft\u0131rma kitaplar\u0131nda de\u011fil; roman, hik\u00e2ye gibi kurmaca<span class=\"excerpt-hellip\"> [\u2026]<\/span><\/p>\n","protected":false},"featured_media":0,"template":"","meta":{"_monsterinsights_skip_tracking":false,"_monsterinsights_sitenote_active":false,"_monsterinsights_sitenote_note":"","_monsterinsights_sitenote_category":0},"product_brand":[],"product_cat":[12291,12711],"product_tag":[],"class_list":{"0":"post-732626","1":"product","2":"type-product","3":"status-publish","5":"product_cat-edebiyat","6":"product_cat-roman-oyku","7":"pa_cilt-ciltsiz","8":"pa_tur-kitap","9":"pa_yayinevi-vakifbank-kultur-yayinlari","10":"pa_yazar-bahanur-garan-goksen-murat-yalcin","12":"first","13":"instock","14":"sale","15":"shipping-taxable","16":"purchasable","17":"product-type-simple"},"_links":{"self":[{"href":"https:\/\/roveyayinevi.com.tr\/index.php\/wp-json\/wp\/v2\/product\/732626","targetHints":{"allow":["GET"]}}],"collection":[{"href":"https:\/\/roveyayinevi.com.tr\/index.php\/wp-json\/wp\/v2\/product"}],"about":[{"href":"https:\/\/roveyayinevi.com.tr\/index.php\/wp-json\/wp\/v2\/types\/product"}],"wp:attachment":[{"href":"https:\/\/roveyayinevi.com.tr\/index.php\/wp-json\/wp\/v2\/media?parent=732626"}],"wp:term":[{"taxonomy":"product_brand","embeddable":true,"href":"https:\/\/roveyayinevi.com.tr\/index.php\/wp-json\/wp\/v2\/product_brand?post=732626"},{"taxonomy":"product_cat","embeddable":true,"href":"https:\/\/roveyayinevi.com.tr\/index.php\/wp-json\/wp\/v2\/product_cat?post=732626"},{"taxonomy":"product_tag","embeddable":true,"href":"https:\/\/roveyayinevi.com.tr\/index.php\/wp-json\/wp\/v2\/product_tag?post=732626"}],"curies":[{"name":"wp","href":"https:\/\/api.w.org\/{rel}","templated":true}]}}