{"id":732619,"date":"2025-08-27T21:54:02","date_gmt":"2025-08-27T18:54:02","guid":{"rendered":"https:\/\/roveyayinevi.com.tr\/index.php\/urun\/sesini-biraz-acabilir-miyim\/"},"modified":"2026-04-16T02:40:23","modified_gmt":"2026-04-15T23:40:23","slug":"sesini-biraz-acabilir-miyim","status":"publish","type":"product","link":"https:\/\/roveyayinevi.com.tr\/index.php\/urun\/sesini-biraz-acabilir-miyim\/","title":{"rendered":"Sesini Biraz A\u00e7abilir miyim?"},"content":{"rendered":"<p>Serbu\u0308lent \u015eengu\u0308n, \u00e7ocuklu\u011funu 1980\u2019li y\u0131llarda ge\u00e7iren bir\u00e7ok ya\u015f\u0131t\u0131 gibi Amerika ve Sovyetler Birli\u011fi aras\u0131nda iki kutba b\u00f6lu\u0308nmu\u0308\u015f bir du\u0308nyada do\u011fan, zamanla bu kutuplardan birinin ortadan kalk\u0131p du\u0308nyan\u0131n \u201ck\u00fcreselle\u015fmesine\u201d tan\u0131k olan biri. Onu ya\u015f\u0131tlar\u0131ndan farkl\u0131 k\u0131lan \u00f6nemli bir \u00f6zelli\u011fiyse \u00e7ocuklu\u011fundan lise d\u00f6neminin sonuna kadar d\u00f6rt u\u0308lke, alt\u0131 \u015fehir, yedi okul de\u011fi\u015ftirmi\u015f olmas\u0131: Stockholm, Ankara, Tel-Aviv, \u0130stanbul, G\u00fcm\u00fclcine, Nu\u0308rnberg. Birbirinden farkl\u0131 bir\u00e7ok ku\u0308ltu\u0308rle ve ya\u015fam bi\u00e7imiyle hemhal olan \u015eengu\u0308n, ku\u0308reselle\u015fme \u00f6ncesindeki du\u0308nyan\u0131n hik\u00e2yesini d\u00f6nemin sa\u00e7 modelleri, giyim ku\u015fam modalar\u0131, film ve dizileri, kahramanlar\u0131, popu\u0308ler e\u015fyalar\u0131, spor etkinlikleri ve esas olarak bir tu\u0308r mu\u0308zikal tan\u0131kl\u0131k u\u0308zerinden aktar\u0131yor.Sesini Biraz A\u00e7abilir miyim? sadece \u00e7ocuklu\u011fun ve ergenli\u011fin renkli, ne\u015feli, yer yer hu\u0308zu\u0308nlu\u0308 du\u0308nyas\u0131n\u0131 aktarmakla kalm\u0131yor okuru keyifli bir du\u0308nya tarihi yolculu\u011funa da davet ediyor.\u00dcstelik karekodlar sayesinde, kitab\u0131 okurken dinleyebilece\u011finiz zengin bir mu\u0308zikli yolculuk e\u015fli\u011finde..<\/p>\n","protected":false},"excerpt":{"rendered":"<p>Serbu\u0308lent \u015eengu\u0308n, \u00e7ocuklu\u011funu 1980\u2019li y\u0131llarda ge\u00e7iren bir\u00e7ok ya\u015f\u0131t\u0131 gibi Amerika ve Sovyetler Birli\u011fi aras\u0131nda iki kutba b\u00f6lu\u0308nmu\u0308\u015f bir du\u0308nyada do\u011fan, zamanla bu kutuplardan birinin ortadan kalk\u0131p<span class=\"excerpt-hellip\"> [\u2026]<\/span><\/p>\n","protected":false},"featured_media":0,"template":"","meta":{"_monsterinsights_skip_tracking":false,"_monsterinsights_sitenote_active":false,"_monsterinsights_sitenote_note":"","_monsterinsights_sitenote_category":0},"product_brand":[],"product_cat":[13043,65318],"product_tag":[],"class_list":{"0":"post-732619","1":"product","2":"type-product","3":"status-publish","5":"product_cat-ekonomi","6":"product_cat-kuresellesme","7":"pa_cilt-ciltsiz","8":"pa_tur-kitap","9":"pa_yayinevi-iletisim-yayinlari","10":"pa_yazar-serbulent-sengun","12":"first","13":"instock","14":"sale","15":"shipping-taxable","16":"purchasable","17":"product-type-simple"},"_links":{"self":[{"href":"https:\/\/roveyayinevi.com.tr\/index.php\/wp-json\/wp\/v2\/product\/732619","targetHints":{"allow":["GET"]}}],"collection":[{"href":"https:\/\/roveyayinevi.com.tr\/index.php\/wp-json\/wp\/v2\/product"}],"about":[{"href":"https:\/\/roveyayinevi.com.tr\/index.php\/wp-json\/wp\/v2\/types\/product"}],"wp:attachment":[{"href":"https:\/\/roveyayinevi.com.tr\/index.php\/wp-json\/wp\/v2\/media?parent=732619"}],"wp:term":[{"taxonomy":"product_brand","embeddable":true,"href":"https:\/\/roveyayinevi.com.tr\/index.php\/wp-json\/wp\/v2\/product_brand?post=732619"},{"taxonomy":"product_cat","embeddable":true,"href":"https:\/\/roveyayinevi.com.tr\/index.php\/wp-json\/wp\/v2\/product_cat?post=732619"},{"taxonomy":"product_tag","embeddable":true,"href":"https:\/\/roveyayinevi.com.tr\/index.php\/wp-json\/wp\/v2\/product_tag?post=732619"}],"curies":[{"name":"wp","href":"https:\/\/api.w.org\/{rel}","templated":true}]}}