{"id":732618,"date":"2025-08-27T21:54:01","date_gmt":"2025-08-27T18:54:01","guid":{"rendered":"https:\/\/roveyayinevi.com.tr\/index.php\/urun\/levannanin-gulleri\/"},"modified":"2026-04-16T02:40:23","modified_gmt":"2026-04-15T23:40:23","slug":"levannanin-gulleri","status":"publish","type":"product","link":"https:\/\/roveyayinevi.com.tr\/index.php\/urun\/levannanin-gulleri\/","title":{"rendered":"Levanna\u2019n\u0131n G\u00fclleri"},"content":{"rendered":"<p>\u0130nsan, iyi ve k\u00f6t\u00fc diye bizlerin adland\u0131rd\u0131\u011f\u0131 de\u011ferlere sahip bir ala\u015f\u0131mdan; yaln\u0131zca hayat\u0131n ak\u0131\u015f\u0131nda \u201cvar olabilmek\u201d i\u00e7in \u00e7abalayan, nefes al\u0131p veren bir bedenden mi ibaret? A\u015fk, dostluk, mutluluk; par\u00e7alara b\u00f6l\u00fcnm\u00fc\u015fl\u00fck, \u0131rk\u00e7\u0131l\u0131k\u2026 \u0130nsan\u0131 var eden hatta insanl\u0131\u011f\u0131n\u0131 hi\u00e7 eden ka\u00e7 de\u011fer var d\u00fcnyada?K\u00f6klerini arayan, ge\u00e7mi\u015fini ayd\u0131nl\u0131\u011fa kavu\u015fturmaya u\u011fra\u015fan, gururunu inciten s\u0131n\u0131f ayr\u0131mlar\u0131na ra\u011fmen a\u015fk\u0131na sahip \u00e7\u0131kan bir adam\u0131n ve yollar\u0131n\u0131n kesi\u015fti\u011fi bir\u00e7ok insan\u0131n hayat hik\u00e2yesi var bu anlat\u0131da; okurken her birimizin kendinden par\u00e7alar toplayaca\u011f\u0131 bamba\u015fka hayatlar. Bu roman, cevaplanmam\u0131\u015f onca soru varken ya\u015fama tela\u015f\u0131na kap\u0131lm\u0131\u015f her birimizin biraz olsun soluklan\u0131p i\u00e7ine d\u00f6nmesine, sorular sormas\u0131na ve belki cevaplar bulmas\u0131na olanak sa\u011flayacak. Bu y\u00fczden \u015fimdi, Deli Yakov\u2019un par\u015f\u00f6menlerine kulak verip hep bir a\u011f\u0131zdan o sorular\u0131 sorman\u0131n tam zaman\u0131:\u201cS\u00f6ylesene Deli Yakov nedir bo\u015fluk, peki \u00f6l\u00fcm, ya beklemek?\u201dAffan Fatih \u00d6zt\u00fcrk\u2019\u00fcn edeb\u00ee \u00fcslubu iliklerinize dek i\u015flerken, s\u00fcr\u00fckleyici ve s\u00fcrprizlerle dolu olay \u00f6rg\u00fcs\u00fc i\u00e7erisinde Portland\u2019dan d\u00fcnyan\u0131n en b\u00fcy\u00fck Nazi kamp\u0131 Auschwitz ve ard\u0131ndan Halep\u2019e uzanan kurgusal bir d\u00fc\u015f\u00fcn koridorlar\u0131nda gezineceksiniz.<\/p>\n","protected":false},"excerpt":{"rendered":"<p>\u0130nsan, iyi ve k\u00f6t\u00fc diye bizlerin adland\u0131rd\u0131\u011f\u0131 de\u011ferlere sahip bir ala\u015f\u0131mdan; yaln\u0131zca hayat\u0131n ak\u0131\u015f\u0131nda \u201cvar olabilmek\u201d i\u00e7in \u00e7abalayan, nefes al\u0131p veren bir bedenden mi ibaret? A\u015fk,<span class=\"excerpt-hellip\"> [\u2026]<\/span><\/p>\n","protected":false},"featured_media":0,"template":"","meta":{"_monsterinsights_skip_tracking":false,"_monsterinsights_sitenote_active":false,"_monsterinsights_sitenote_note":"","_monsterinsights_sitenote_category":0},"product_brand":[],"product_cat":[12291,12711],"product_tag":[],"class_list":{"0":"post-732618","1":"product","2":"type-product","3":"status-publish","5":"product_cat-edebiyat","6":"product_cat-roman-oyku","7":"pa_cilt-ciltsiz","8":"pa_tur-kitap","9":"pa_yayinevi-yeni-insan-yayinlari","10":"pa_yazar-affan-fatih-ozturk","12":"first","13":"instock","14":"sale","15":"shipping-taxable","16":"purchasable","17":"product-type-simple"},"_links":{"self":[{"href":"https:\/\/roveyayinevi.com.tr\/index.php\/wp-json\/wp\/v2\/product\/732618","targetHints":{"allow":["GET"]}}],"collection":[{"href":"https:\/\/roveyayinevi.com.tr\/index.php\/wp-json\/wp\/v2\/product"}],"about":[{"href":"https:\/\/roveyayinevi.com.tr\/index.php\/wp-json\/wp\/v2\/types\/product"}],"wp:attachment":[{"href":"https:\/\/roveyayinevi.com.tr\/index.php\/wp-json\/wp\/v2\/media?parent=732618"}],"wp:term":[{"taxonomy":"product_brand","embeddable":true,"href":"https:\/\/roveyayinevi.com.tr\/index.php\/wp-json\/wp\/v2\/product_brand?post=732618"},{"taxonomy":"product_cat","embeddable":true,"href":"https:\/\/roveyayinevi.com.tr\/index.php\/wp-json\/wp\/v2\/product_cat?post=732618"},{"taxonomy":"product_tag","embeddable":true,"href":"https:\/\/roveyayinevi.com.tr\/index.php\/wp-json\/wp\/v2\/product_tag?post=732618"}],"curies":[{"name":"wp","href":"https:\/\/api.w.org\/{rel}","templated":true}]}}