{"id":732616,"date":"2025-08-27T21:53:58","date_gmt":"2025-08-27T18:53:58","guid":{"rendered":"https:\/\/roveyayinevi.com.tr\/index.php\/urun\/kimliksiz\/"},"modified":"2026-04-16T02:40:23","modified_gmt":"2026-04-15T23:40:23","slug":"kimliksiz","status":"publish","type":"product","link":"https:\/\/roveyayinevi.com.tr\/index.php\/urun\/kimliksiz\/","title":{"rendered":"Kimliksiz"},"content":{"rendered":"<p>Kendi kurdu\u011fu krall\u0131\u011f\u0131n i\u00e7inde kimseye g\u00fcvenmeden ya\u015famay\u0131 \u00f6\u011frenen Deryal Yi\u011fit, \u00e7izdi\u011fi s\u0131n\u0131rlardan i\u00e7eri ba\u015fkalar\u0131n\u0131 sokmayan bir adamd\u0131r. Tehlikeden korkmaktansa tehlikenin ta kendisi olmay\u0131 se\u00e7mi\u015ftir uzun zaman \u00f6nce ve b\u00f6yle bir hayat\u0131n i\u00e7inde kimseye yer yoktur. Ancak bir gece, bar\u0131ndan i\u00e7eri giren Burcu\u2019yla birlikte, kurallardan \u00f6rd\u00fc\u011f\u00fc duvara ilk darbenin indi\u011fini fark eder. Burcu\u2019nun kendisine do\u011fru att\u0131\u011f\u0131 her ad\u0131mla, Deryal de ona yak\u0131nla\u015f\u0131r ve k\u0131sa bir s\u00fcre sonra, kendine \u00e7izdi\u011fi o s\u0131n\u0131rlar\u0131n d\u0131\u015f\u0131na \u00e7\u0131kt\u0131\u011f\u0131n\u0131 anlar. Burcu, Deryal\u2019in, o g\u00fcne kadar ihtiya\u00e7 duydu\u011funu bile bilmedi\u011fi her \u015feydir. Karanl\u0131k d\u00fcnyas\u0131na kabul etti\u011fi tek \u0131\u015f\u0131kt\u0131r. Ancak onu yak\u0131p kavuracak olan da yine o\u2019dur.<\/p>\n","protected":false},"excerpt":{"rendered":"<p>Kendi kurdu\u011fu krall\u0131\u011f\u0131n i\u00e7inde kimseye g\u00fcvenmeden ya\u015famay\u0131 \u00f6\u011frenen Deryal Yi\u011fit, \u00e7izdi\u011fi s\u0131n\u0131rlardan i\u00e7eri ba\u015fkalar\u0131n\u0131 sokmayan bir adamd\u0131r. Tehlikeden korkmaktansa tehlikenin ta kendisi olmay\u0131 se\u00e7mi\u015ftir uzun zaman<span class=\"excerpt-hellip\"> [\u2026]<\/span><\/p>\n","protected":false},"featured_media":0,"template":"","meta":{"_monsterinsights_skip_tracking":false,"_monsterinsights_sitenote_active":false,"_monsterinsights_sitenote_note":"","_monsterinsights_sitenote_category":0},"product_brand":[],"product_cat":[12291,12711],"product_tag":[],"class_list":{"0":"post-732616","1":"product","2":"type-product","3":"status-publish","5":"product_cat-edebiyat","6":"product_cat-roman-oyku","7":"pa_cilt-ciltsiz","8":"pa_tur-kitap","9":"pa_yayinevi-nemesis-kitap","10":"pa_yazar-selvi-atici","12":"first","13":"instock","14":"sale","15":"shipping-taxable","16":"purchasable","17":"product-type-simple"},"_links":{"self":[{"href":"https:\/\/roveyayinevi.com.tr\/index.php\/wp-json\/wp\/v2\/product\/732616","targetHints":{"allow":["GET"]}}],"collection":[{"href":"https:\/\/roveyayinevi.com.tr\/index.php\/wp-json\/wp\/v2\/product"}],"about":[{"href":"https:\/\/roveyayinevi.com.tr\/index.php\/wp-json\/wp\/v2\/types\/product"}],"wp:attachment":[{"href":"https:\/\/roveyayinevi.com.tr\/index.php\/wp-json\/wp\/v2\/media?parent=732616"}],"wp:term":[{"taxonomy":"product_brand","embeddable":true,"href":"https:\/\/roveyayinevi.com.tr\/index.php\/wp-json\/wp\/v2\/product_brand?post=732616"},{"taxonomy":"product_cat","embeddable":true,"href":"https:\/\/roveyayinevi.com.tr\/index.php\/wp-json\/wp\/v2\/product_cat?post=732616"},{"taxonomy":"product_tag","embeddable":true,"href":"https:\/\/roveyayinevi.com.tr\/index.php\/wp-json\/wp\/v2\/product_tag?post=732616"}],"curies":[{"name":"wp","href":"https:\/\/api.w.org\/{rel}","templated":true}]}}