{"id":732609,"date":"2025-08-27T21:53:50","date_gmt":"2025-08-27T18:53:50","guid":{"rendered":"https:\/\/roveyayinevi.com.tr\/index.php\/urun\/ekoloji-kitabi-ciltli\/"},"modified":"2026-04-16T02:40:23","modified_gmt":"2026-04-15T23:40:23","slug":"ekoloji-kitabi-ciltli","status":"publish","type":"product","link":"https:\/\/roveyayinevi.com.tr\/index.php\/urun\/ekoloji-kitabi-ciltli\/","title":{"rendered":"Ekoloji Kitab\u0131 (Ciltli)"},"content":{"rendered":"<p>Neden daha b\u00fcy\u00fck biyolojik \u00e7e\u015fitlilik istenir? Ozon tabakas\u0131ndaki delikler nas\u0131l ke\u015ffedildi? Soyu t\u00fckenen ba\u015fka t\u00fcrler olacak m\u0131? \u0130nsanlar tarih boyunca canl\u0131 d\u00fcnyay\u0131 d\u00fczene koymaya ve i\u015flerin nas\u0131l y\u00fcr\u00fcd\u00fc\u011f\u00fcn\u00fc anlamaya \u00e7al\u0131\u015f\u0131yor. Gezegen \u00fczerindeki etkimiz g\u00fcn ge\u00e7tik\u00e7e artarken bu derin sorular\u0131 yan\u0131tlamak daha da \u00f6nem kazan\u0131yor.Sade bir dille yaz\u0131lan Ekoloji Kitab\u0131 90\u2019dan fazla \u00f6nemli d\u00fc\u015f\u00fcnceye ait k\u0131sa ve \u00f6z a\u00e7\u0131klamalarla dolu. Karma\u015f\u0131k teoriler, grafiklerle ad\u0131m ad\u0131m \u00e7\u00f6z\u00fcme ula\u015f\u0131yor; a\u00e7\u0131klay\u0131c\u0131 al\u0131nt\u0131lar fikirleri ve ke\u015fifleri unutulmaz k\u0131l\u0131yor; muzip \u00e7izimler bilimi kavray\u0131\u015f\u0131m\u0131zla oynayarak onu geli\u015ftiriyor.Ekolojiye yabanc\u0131ysan\u0131z, ya\u015fayan d\u00fcnyaya dair hevesli bir \u00f6\u011frenciyseniz ya da gezegenimize neler yapt\u0131\u011f\u0131m\u0131z konusunda endi\u015feleniyorsan\u0131z Ekoloji Kitab\u0131 b\u00fct\u00fcn meraklar\u0131n\u0131z\u0131 tatmin edecek.<\/p>\n","protected":false},"excerpt":{"rendered":"<p>Neden daha b\u00fcy\u00fck biyolojik \u00e7e\u015fitlilik istenir? Ozon tabakas\u0131ndaki delikler nas\u0131l ke\u015ffedildi? Soyu t\u00fckenen ba\u015fka t\u00fcrler olacak m\u0131? \u0130nsanlar tarih boyunca canl\u0131 d\u00fcnyay\u0131 d\u00fczene koymaya ve i\u015flerin<span class=\"excerpt-hellip\"> [\u2026]<\/span><\/p>\n","protected":false},"featured_media":0,"template":"","meta":{"_monsterinsights_skip_tracking":false,"_monsterinsights_sitenote_active":false,"_monsterinsights_sitenote_note":"","_monsterinsights_sitenote_category":0},"product_brand":[],"product_cat":[23323,12364],"product_tag":[],"class_list":{"0":"post-732609","1":"product","2":"type-product","3":"status-publish","5":"product_cat-ekoloji","6":"product_cat-genel-konular","7":"pa_cilt-ciltli","8":"pa_tur-kitap","9":"pa_yayinevi-alfa-yayinlari","10":"pa_yazar-tony-juniper","12":"first","13":"instock","14":"sale","15":"shipping-taxable","16":"purchasable","17":"product-type-simple"},"_links":{"self":[{"href":"https:\/\/roveyayinevi.com.tr\/index.php\/wp-json\/wp\/v2\/product\/732609","targetHints":{"allow":["GET"]}}],"collection":[{"href":"https:\/\/roveyayinevi.com.tr\/index.php\/wp-json\/wp\/v2\/product"}],"about":[{"href":"https:\/\/roveyayinevi.com.tr\/index.php\/wp-json\/wp\/v2\/types\/product"}],"wp:attachment":[{"href":"https:\/\/roveyayinevi.com.tr\/index.php\/wp-json\/wp\/v2\/media?parent=732609"}],"wp:term":[{"taxonomy":"product_brand","embeddable":true,"href":"https:\/\/roveyayinevi.com.tr\/index.php\/wp-json\/wp\/v2\/product_brand?post=732609"},{"taxonomy":"product_cat","embeddable":true,"href":"https:\/\/roveyayinevi.com.tr\/index.php\/wp-json\/wp\/v2\/product_cat?post=732609"},{"taxonomy":"product_tag","embeddable":true,"href":"https:\/\/roveyayinevi.com.tr\/index.php\/wp-json\/wp\/v2\/product_tag?post=732609"}],"curies":[{"name":"wp","href":"https:\/\/api.w.org\/{rel}","templated":true}]}}