{"id":732608,"date":"2025-08-27T21:53:49","date_gmt":"2025-08-27T18:53:49","guid":{"rendered":"https:\/\/roveyayinevi.com.tr\/index.php\/urun\/kafes-4\/"},"modified":"2026-04-16T02:40:23","modified_gmt":"2026-04-15T23:40:23","slug":"kafes-4","status":"publish","type":"product","link":"https:\/\/roveyayinevi.com.tr\/index.php\/urun\/kafes-4\/","title":{"rendered":"Kafes"},"content":{"rendered":"<p>\u0130nsanlar konu\u015fmay\u0131 \u00f6\u011frendikten sonra yalan s\u00f6ylemeyi \u00f6\u011frenirlerdi. E\u011fer kimse konu\u015famasayd\u0131 belki de yalanlar olmazd\u0131. \u00c7\u00fcnk\u00fc g\u00f6zler yalan s\u00f6ylemezdi. Hira, babas\u0131n\u0131n ald\u0131\u011f\u0131 evlilik karar\u0131yla ya\u015fam\u0131na dair \u015fa\u015f\u0131rt\u0131c\u0131, belki de yaralay\u0131c\u0131 tesad\u00fcflerin ilkiyle kar\u015f\u0131la\u015f\u0131r. Bu haber, ge\u00e7mi\u015fin tozlu sayfalar\u0131nda kalm\u0131\u015f ve cevapland\u0131r\u0131lmay\u0131 beklerken unutulmu\u015f bir\u00e7ok sorunun da g\u00fcn y\u00fcz\u00fcne \u00e7\u0131kmas\u0131n\u0131 sa\u011flar. Bu yeni aile ile hayat\u0131na giren karde\u015flerini kabullenmek hi\u00e7 de kolay olmayacakt\u0131r \u00e7\u00fcnk\u00fc bu ba\u011f\u0131 kabul etmek, b\u00fcy\u00fck fedak\u00e2rl\u0131klar gerektirir. \u0130ncinmi\u015f kalplerin kabuk ba\u011flam\u0131\u015f yaralar\u0131, kaderin ac\u0131mas\u0131zca kurgulad\u0131\u011f\u0131 kesi\u015fimlerle tekrar kanamaya ba\u015flar. Tutunmaya \u00e7al\u0131\u015ft\u0131\u011f\u0131 t\u00fcm dallar\u0131n teker teker k\u0131r\u0131lmas\u0131n\u0131n ard\u0131ndan, Hira i\u00e7in g\u00fcvenli tek liman, \u00e7ocuklu\u011funda kendine \u00f6rd\u00fc\u011f\u00fc duvarlar\u0131n ard\u0131d\u0131r. Ancak bu kez ka\u00e7mak, incinmemek i\u00e7in yeterli de\u011fildir, ger\u00e7ekler kendini g\u00f6stermeye \u00e7oktan karar vermi\u015ftir. Ona ula\u015fabilmek i\u00e7in okyanuslar ge\u00e7mem gerekirken, bo\u011fulmadan g\u00f6zlerine nas\u0131l bakabilirim?<\/p>\n","protected":false},"excerpt":{"rendered":"<p>\u0130nsanlar konu\u015fmay\u0131 \u00f6\u011frendikten sonra yalan s\u00f6ylemeyi \u00f6\u011frenirlerdi. E\u011fer kimse konu\u015famasayd\u0131 belki de yalanlar olmazd\u0131. \u00c7\u00fcnk\u00fc g\u00f6zler yalan s\u00f6ylemezdi. Hira, babas\u0131n\u0131n ald\u0131\u011f\u0131 evlilik karar\u0131yla ya\u015fam\u0131na dair \u015fa\u015f\u0131rt\u0131c\u0131,<span class=\"excerpt-hellip\"> [\u2026]<\/span><\/p>\n","protected":false},"featured_media":0,"template":"","meta":{"_monsterinsights_skip_tracking":false,"_monsterinsights_sitenote_active":false,"_monsterinsights_sitenote_note":"","_monsterinsights_sitenote_category":0},"product_brand":[],"product_cat":[12291,12711],"product_tag":[],"class_list":{"0":"post-732608","1":"product","2":"type-product","3":"status-publish","5":"product_cat-edebiyat","6":"product_cat-roman-oyku","7":"pa_cilt-ciltsiz","8":"pa_tur-kitap","9":"pa_yayinevi-epsilon-yayinlari","10":"pa_yazar-sevval-kucuksoylemez","12":"first","13":"instock","14":"sale","15":"shipping-taxable","16":"purchasable","17":"product-type-simple"},"_links":{"self":[{"href":"https:\/\/roveyayinevi.com.tr\/index.php\/wp-json\/wp\/v2\/product\/732608","targetHints":{"allow":["GET"]}}],"collection":[{"href":"https:\/\/roveyayinevi.com.tr\/index.php\/wp-json\/wp\/v2\/product"}],"about":[{"href":"https:\/\/roveyayinevi.com.tr\/index.php\/wp-json\/wp\/v2\/types\/product"}],"wp:attachment":[{"href":"https:\/\/roveyayinevi.com.tr\/index.php\/wp-json\/wp\/v2\/media?parent=732608"}],"wp:term":[{"taxonomy":"product_brand","embeddable":true,"href":"https:\/\/roveyayinevi.com.tr\/index.php\/wp-json\/wp\/v2\/product_brand?post=732608"},{"taxonomy":"product_cat","embeddable":true,"href":"https:\/\/roveyayinevi.com.tr\/index.php\/wp-json\/wp\/v2\/product_cat?post=732608"},{"taxonomy":"product_tag","embeddable":true,"href":"https:\/\/roveyayinevi.com.tr\/index.php\/wp-json\/wp\/v2\/product_tag?post=732608"}],"curies":[{"name":"wp","href":"https:\/\/api.w.org\/{rel}","templated":true}]}}