{"id":732607,"date":"2025-08-27T21:53:48","date_gmt":"2025-08-27T18:53:48","guid":{"rendered":"https:\/\/roveyayinevi.com.tr\/index.php\/urun\/disim-gidiklaniyor\/"},"modified":"2026-04-16T02:40:23","modified_gmt":"2026-04-15T23:40:23","slug":"disim-gidiklaniyor","status":"publish","type":"product","link":"https:\/\/roveyayinevi.com.tr\/index.php\/urun\/disim-gidiklaniyor\/","title":{"rendered":"Di\u015fim G\u0131d\u0131klan\u0131yor"},"content":{"rendered":"<p>Doktor; \u201cBak \u015fimdi bu alet, di\u015flerindeki mikroplar\u0131 temizleyecek, sak\u0131n korkma!\u2018Aaaaaa\u2019 de bakal\u0131m, kocaman a\u00e7 a\u011fz\u0131n\u0131!\u201d dedi ve \u201cBzzzzzzzzzt\u201d diye ses \u00e7\u0131karan aletle yakla\u015fmaya ba\u015flad\u0131.Ege g\u00f6zlerini kapatt\u0131 ve sonra g\u00fclmeye ba\u015flad\u0131. Bu \u015fey di\u015fini g\u0131d\u0131kl\u0131yordu sanki. \u2018Bzzzzt, bzzzzt, bzzzzzzzt\u2026\u2019\u201cBitti bile!\u201d dedi doktor. Mikroplar kolayca temizlenmi\u015fti.Sonra di\u015fine renkli bir hamur koyaca\u011f\u0131n\u0131 s\u00f6yledi ve i\u015fte bu da oldu!Ege o arada televizyondan \u00e7izgi film bile izlemi\u015fti.Hi\u00e7 de korktu\u011fu gibi olmam\u0131\u015ft\u0131.<\/p>\n","protected":false},"excerpt":{"rendered":"<p>Doktor; \u201cBak \u015fimdi bu alet, di\u015flerindeki mikroplar\u0131 temizleyecek, sak\u0131n korkma!\u2018Aaaaaa\u2019 de bakal\u0131m, kocaman a\u00e7 a\u011fz\u0131n\u0131!\u201d dedi ve \u201cBzzzzzzzzzt\u201d diye ses \u00e7\u0131karan aletle yakla\u015fmaya ba\u015flad\u0131.Ege g\u00f6zlerini kapatt\u0131<span class=\"excerpt-hellip\"> [\u2026]<\/span><\/p>\n","protected":false},"featured_media":0,"template":"","meta":{"_monsterinsights_skip_tracking":false,"_monsterinsights_sitenote_active":false,"_monsterinsights_sitenote_note":"","_monsterinsights_sitenote_category":0},"product_brand":[],"product_cat":[12275,12274],"product_tag":[],"class_list":{"0":"post-732607","1":"product","2":"type-product","3":"status-publish","5":"product_cat-6-12-yas-kitaplari","6":"product_cat-cocuk-ve-genclik-kitaplari","7":"pa_cilt-ciltsiz","8":"pa_tur-kitap","9":"pa_yayinevi-perseus","10":"pa_yazar-nazli-karaca-kurt","12":"first","13":"instock","14":"sale","15":"shipping-taxable","16":"purchasable","17":"product-type-simple"},"_links":{"self":[{"href":"https:\/\/roveyayinevi.com.tr\/index.php\/wp-json\/wp\/v2\/product\/732607","targetHints":{"allow":["GET"]}}],"collection":[{"href":"https:\/\/roveyayinevi.com.tr\/index.php\/wp-json\/wp\/v2\/product"}],"about":[{"href":"https:\/\/roveyayinevi.com.tr\/index.php\/wp-json\/wp\/v2\/types\/product"}],"wp:attachment":[{"href":"https:\/\/roveyayinevi.com.tr\/index.php\/wp-json\/wp\/v2\/media?parent=732607"}],"wp:term":[{"taxonomy":"product_brand","embeddable":true,"href":"https:\/\/roveyayinevi.com.tr\/index.php\/wp-json\/wp\/v2\/product_brand?post=732607"},{"taxonomy":"product_cat","embeddable":true,"href":"https:\/\/roveyayinevi.com.tr\/index.php\/wp-json\/wp\/v2\/product_cat?post=732607"},{"taxonomy":"product_tag","embeddable":true,"href":"https:\/\/roveyayinevi.com.tr\/index.php\/wp-json\/wp\/v2\/product_tag?post=732607"}],"curies":[{"name":"wp","href":"https:\/\/api.w.org\/{rel}","templated":true}]}}