{"id":732605,"date":"2025-08-27T21:53:46","date_gmt":"2025-08-27T18:53:46","guid":{"rendered":"https:\/\/roveyayinevi.com.tr\/index.php\/urun\/insan-ve-dunyasi\/"},"modified":"2026-04-16T02:40:23","modified_gmt":"2026-04-15T23:40:23","slug":"insan-ve-dunyasi","status":"publish","type":"product","link":"https:\/\/roveyayinevi.com.tr\/index.php\/urun\/insan-ve-dunyasi\/","title":{"rendered":"\u0130nsan ve D\u00fcnyas\u0131"},"content":{"rendered":"<p>D\u00fcnya gezegeni nas\u0131l olu\u015ftu? Canl\u0131 ya\u015fam\u0131n temeli nas\u0131l at\u0131ld\u0131? \u0130nsan bu g\u00fcnk\u00fc haline hangi evrimsel s\u00fcre\u00e7lerden ge\u00e7erek geldi? \u0130nsan \u00f6z\u00fcnde nedir? \u0130nsan do\u011fas\u0131na ili\u015fkin nas\u0131l bir bilgiye sahibiz? D\u00fcnya \u00fczerinde hemen hemen b\u00fct\u00fcn k\u00fclt\u00fcrlerde rastlanan \u201ca\u015fk\u0131nl\u0131k\u201d ve \u201ctanr\u0131 d\u00fc\u015f\u00fcncesinin\u201d kayna\u011f\u0131 nedir? Varolu\u015f ger\u00e7e\u011fimiz nedir? Hayat\u0131m\u0131z\u0131n bir anlam\u0131 var m\u0131? \u0130nsan psikolojisi varolu\u015f ger\u00e7e\u011fi ile nas\u0131l ba\u015fa \u00e7\u0131k\u0131yor? Beyin nas\u0131l \u00e7al\u0131\u015f\u0131yor? Zihin d\u00fcnyadaki ger\u00e7ekli\u011fi \u00f6znel bir ger\u00e7ekli\u011fe nas\u0131l d\u00f6n\u00fc\u015ft\u00fcr\u00fcyor? Anlam denilen fenomen nedir ve zihin d\u00fcnyay\u0131 nas\u0131l anlamland\u0131r\u0131yor? Ger\u00e7ekten sand\u0131\u011f\u0131m\u0131z gibi \u00f6zg\u00fcr irademizle karar veren, se\u00e7imler yapan varl\u0131klar m\u0131y\u0131z? Zek\u00e2 nedir? Yapay zek\u00e2 insan zek\u00e2s\u0131ndan neleri \u00f6d\u00fcn\u00e7 al\u0131yor? T\u00fcm bu konular\u0131n b\u00f6l\u00fcm b\u00f6l\u00fcm incelendi\u011fi bu kitapta, kendinizi koca bir bilgi evreninin i\u00e7inde bulacaks\u0131n\u0131z. Ya\u015fam\u0131n ba\u015flang\u0131c\u0131ndan yapay zek\u00e2ya kadar uzanan bu yolculukta duyarl\u0131l\u0131\u011f\u0131n\u0131z keskinle\u015fecek, yeni \u00f6\u011frendiklerinizle hayata ve insana farkl\u0131 bir bak\u0131\u015f a\u00e7\u0131s\u0131 ile bakma olana\u011f\u0131na kavu\u015facaks\u0131n\u0131z.<\/p>\n","protected":false},"excerpt":{"rendered":"<p>D\u00fcnya gezegeni nas\u0131l olu\u015ftu? Canl\u0131 ya\u015fam\u0131n temeli nas\u0131l at\u0131ld\u0131? \u0130nsan bu g\u00fcnk\u00fc haline hangi evrimsel s\u00fcre\u00e7lerden ge\u00e7erek geldi? \u0130nsan \u00f6z\u00fcnde nedir? \u0130nsan do\u011fas\u0131na ili\u015fkin nas\u0131l bir<span class=\"excerpt-hellip\"> [\u2026]<\/span><\/p>\n","protected":false},"featured_media":0,"template":"","meta":{"_monsterinsights_skip_tracking":false,"_monsterinsights_sitenote_active":false,"_monsterinsights_sitenote_note":"","_monsterinsights_sitenote_category":0},"product_brand":[],"product_cat":[13005,15998],"product_tag":[],"class_list":{"0":"post-732605","1":"product","2":"type-product","3":"status-publish","5":"product_cat-bilim-muhendislik","6":"product_cat-bilim-tarihi","7":"pa_cilt-ciltsiz","8":"pa_tur-kitap","9":"pa_yayinevi-perseus","10":"pa_yazar-mehmet-can-gungen","12":"first","13":"instock","14":"sale","15":"shipping-taxable","16":"purchasable","17":"product-type-simple"},"_links":{"self":[{"href":"https:\/\/roveyayinevi.com.tr\/index.php\/wp-json\/wp\/v2\/product\/732605","targetHints":{"allow":["GET"]}}],"collection":[{"href":"https:\/\/roveyayinevi.com.tr\/index.php\/wp-json\/wp\/v2\/product"}],"about":[{"href":"https:\/\/roveyayinevi.com.tr\/index.php\/wp-json\/wp\/v2\/types\/product"}],"wp:attachment":[{"href":"https:\/\/roveyayinevi.com.tr\/index.php\/wp-json\/wp\/v2\/media?parent=732605"}],"wp:term":[{"taxonomy":"product_brand","embeddable":true,"href":"https:\/\/roveyayinevi.com.tr\/index.php\/wp-json\/wp\/v2\/product_brand?post=732605"},{"taxonomy":"product_cat","embeddable":true,"href":"https:\/\/roveyayinevi.com.tr\/index.php\/wp-json\/wp\/v2\/product_cat?post=732605"},{"taxonomy":"product_tag","embeddable":true,"href":"https:\/\/roveyayinevi.com.tr\/index.php\/wp-json\/wp\/v2\/product_tag?post=732605"}],"curies":[{"name":"wp","href":"https:\/\/api.w.org\/{rel}","templated":true}]}}