{"id":732603,"date":"2025-08-27T21:53:44","date_gmt":"2025-08-27T18:53:44","guid":{"rendered":"https:\/\/roveyayinevi.com.tr\/index.php\/urun\/kurt-edebiyati-antolojisi\/"},"modified":"2026-04-16T02:40:23","modified_gmt":"2026-04-15T23:40:23","slug":"kurt-edebiyati-antolojisi","status":"publish","type":"product","link":"https:\/\/roveyayinevi.com.tr\/index.php\/urun\/kurt-edebiyati-antolojisi\/","title":{"rendered":"K\u00fcrt Edebiyat\u0131 Antolojisi"},"content":{"rendered":"<p>Yazd\u0131\u011f\u0131 eserler kadar K\u00fcrt edebiyat\u0131n\u0131n g\u00f6r\u00fcn\u00fcr k\u0131l\u0131nmas\u0131na, K\u00fcrt\u00e7enin g\u00fc\u00e7l\u00fc s\u00f6zl\u00fc gelene\u011finin yan\u0131 s\u0131ra yaz\u0131l\u0131 bir dil olarak ya\u015famas\u0131na, geli\u015fmesine ve \u00fcr\u00fcnler vermesine yapt\u0131\u011f\u0131 katk\u0131larla an\u0131lan Mehmed Uzun, bu derlemeyle T\u00fcrkiyeli okurlara Modern K\u00fcrt Edebiyat\u0131&#8217;n\u0131n kazand\u0131\u011f\u0131 ivme hakk\u0131nda b\u00fct\u00fcnsel bir \u00e7er\u00e7eve \u00e7iziyor.K\u00fcrt dili ve edebiyat\u0131n\u0131n in\u015fas\u0131nda birli\u011fi sa\u011flamay\u0131 hedefleyen ve onlarca entelekt\u00fcelin deste\u011fiyle derlenen Antolojiya Edebiyata Kurd\u00ee&#8217;nin bu s\u00fczge\u00e7ten ge\u00e7irilmi\u015f T\u00fcrk\u00e7e edisyonu K\u00fcrt kimli\u011fine ve sosyolojik arka plan\u0131na dair de yeni bir bak\u0131\u015f a\u00e7\u0131s\u0131 kazand\u0131rmay\u0131 hedefliyor.Mehmed Uzun&#8217;un binbir g\u00fc\u00e7l\u00fc\u011f\u00fc bertaraf ederek haz\u0131rlad\u0131\u011f\u0131, \u015fiir , \u00f6yk\u00fc, roman kesitleri, piyes, denemelerden olu\u015fan bu K\u00fcrt edebiyat\u0131 se\u00e7kisi, edebi t\u00fcrlere ve d\u00f6nemlere merak duyanlar i\u00e7in bir k\u0131lavuz&#8230;<\/p>\n","protected":false},"excerpt":{"rendered":"<p>Yazd\u0131\u011f\u0131 eserler kadar K\u00fcrt edebiyat\u0131n\u0131n g\u00f6r\u00fcn\u00fcr k\u0131l\u0131nmas\u0131na, K\u00fcrt\u00e7enin g\u00fc\u00e7l\u00fc s\u00f6zl\u00fc gelene\u011finin yan\u0131 s\u0131ra yaz\u0131l\u0131 bir dil olarak ya\u015famas\u0131na, geli\u015fmesine ve \u00fcr\u00fcnler vermesine yapt\u0131\u011f\u0131 katk\u0131larla an\u0131lan Mehmed<span class=\"excerpt-hellip\"> [\u2026]<\/span><\/p>\n","protected":false},"featured_media":0,"template":"","meta":{"_monsterinsights_skip_tracking":false,"_monsterinsights_sitenote_active":false,"_monsterinsights_sitenote_note":"","_monsterinsights_sitenote_category":0},"product_brand":[],"product_cat":[12291,18576],"product_tag":[],"class_list":{"0":"post-732603","1":"product","2":"type-product","3":"status-publish","5":"product_cat-edebiyat","6":"product_cat-kurt-edebiyati","7":"pa_cilt-ciltsiz","8":"pa_tur-kitap","9":"pa_yayinevi-sel-yayincilik","10":"pa_yazar-mehmed-uzun","12":"first","13":"instock","14":"sale","15":"shipping-taxable","16":"purchasable","17":"product-type-simple"},"_links":{"self":[{"href":"https:\/\/roveyayinevi.com.tr\/index.php\/wp-json\/wp\/v2\/product\/732603","targetHints":{"allow":["GET"]}}],"collection":[{"href":"https:\/\/roveyayinevi.com.tr\/index.php\/wp-json\/wp\/v2\/product"}],"about":[{"href":"https:\/\/roveyayinevi.com.tr\/index.php\/wp-json\/wp\/v2\/types\/product"}],"wp:attachment":[{"href":"https:\/\/roveyayinevi.com.tr\/index.php\/wp-json\/wp\/v2\/media?parent=732603"}],"wp:term":[{"taxonomy":"product_brand","embeddable":true,"href":"https:\/\/roveyayinevi.com.tr\/index.php\/wp-json\/wp\/v2\/product_brand?post=732603"},{"taxonomy":"product_cat","embeddable":true,"href":"https:\/\/roveyayinevi.com.tr\/index.php\/wp-json\/wp\/v2\/product_cat?post=732603"},{"taxonomy":"product_tag","embeddable":true,"href":"https:\/\/roveyayinevi.com.tr\/index.php\/wp-json\/wp\/v2\/product_tag?post=732603"}],"curies":[{"name":"wp","href":"https:\/\/api.w.org\/{rel}","templated":true}]}}