{"id":732601,"date":"2025-08-27T21:53:42","date_gmt":"2025-08-27T18:53:42","guid":{"rendered":"https:\/\/roveyayinevi.com.tr\/index.php\/urun\/mansetlerden-gaiplige-bay-bayan-kenan-cinilinin-evrak-i-metrukesi\/"},"modified":"2026-04-16T02:40:23","modified_gmt":"2026-04-15T23:40:23","slug":"mansetlerden-gaiplige-bay-bayan-kenan-cinilinin-evrak-i-metrukesi","status":"publish","type":"product","link":"https:\/\/roveyayinevi.com.tr\/index.php\/urun\/mansetlerden-gaiplige-bay-bayan-kenan-cinilinin-evrak-i-metrukesi\/","title":{"rendered":"Man\u015fetlerden Gaipli\u011fe: Bay-Bayan Kenan \u00c7inili&#8217;nin Evrak-\u0131 Metrukesi"},"content":{"rendered":"<p>1935 y\u0131l\u0131n\u0131n Nisan ay\u0131nda g\u00f6r\u00fclmeye ba\u015flanan &#8220;basit&#8221; bir tehdit davas\u0131 daval\u0131n\u0131n cinsiyet kimli\u011fi nedeniyle ulusal bas\u0131n\u0131n derhal dikkatini \u00e7eker ve giderek bir skandala d\u00f6n\u00fc\u015ft\u00fcr\u00fcl\u00fcr.Bug\u00fcn\u00fcn kavramlar\u0131yla bir trans erkek ya da crossdresser olarak tan\u0131mlanabilecek daval\u0131 Kenan \u00c7inili&#8217;ye bas\u0131n &#8220;Erkek elbiseli k\u0131z&#8221;, &#8220;Erkek-K\u0131z&#8221;, &#8220;Erkekle\u015fen K\u0131z&#8221;, &#8220;Bayan-Bay&#8221; s\u0131fatlar\u0131n\u0131 yak\u0131\u015ft\u0131r\u0131r, boy boy foto\u011fraflar\u0131n\u0131 \u00e7ekerek hatta \u015fehir turu yapt\u0131rarak man\u015fetlerden d\u00fc\u015f\u00fcrmez. Kenan ise kendisi hakk\u0131nda \u00e7izilmek istenen portreye giderek ayak uydurup &#8220;garip&#8221; bir kahramana, hatta polisiye bir hik\u00e2yenin g\u00f6n\u00fcll\u00fc magazin fig\u00fcr\u00fcne d\u00f6n\u00fc\u015f\u00fcr.Bu yo\u011fun ilgi sonunda nihayet \u00e7alkant\u0131l\u0131 hayat\u0131 &#8220;Erkek Elbisesi Alt \u0131nda 26 Y\u0131l&#8221; ba\u015fl\u0131kl\u0131 yaz\u0131 dizisiyle tefrika dahi edilen, kimlik in\u015fas\u0131 ve iddias\u0131 hi\u00e7e say\u0131lsa da ya\u015fam\u0131n\u0131 diledi\u011fince s\u00fcrd\u00fcrmekten geri durmayan, lakin tefrikan\u0131n sonlanmas\u0131n\u0131n ard\u0131ndan gazetelerde bir daha izine rastlanmayan Kenan&#8217;\u0131n an\u0131lar\u0131, bas\u0131n\u0131n s\u00f6m\u00fcr\u00fcc\u00fc niteli\u011fine dair bir ibret vesikas\u0131 olarak da okunabilir.G\u00f6lgede kalanlar\u0131n, unutulan ve unutturulanlar\u0131n pe\u015finde tozlu sayfalar\u0131, ar\u015fivleri i\u011fneyle kazan, &#8220;\u00f6teki&#8221;ler hakk\u0131nda yazmay\u0131 s\u00fcrd\u00fcren Serdar Soydan, Kenan \u00c7inili&#8217;nin evrak-\u0131 metrukesini, dolay\u0131s\u0131yla sesini 1930&#8217;lardan bug\u00fcne ta\u015f\u0131yarak \u00f6l\u00fcms\u00fczle\u015ftiriyor.<\/p>\n","protected":false},"excerpt":{"rendered":"<p>1935 y\u0131l\u0131n\u0131n Nisan ay\u0131nda g\u00f6r\u00fclmeye ba\u015flanan &#8220;basit&#8221; bir tehdit davas\u0131 daval\u0131n\u0131n cinsiyet kimli\u011fi nedeniyle ulusal bas\u0131n\u0131n derhal dikkatini \u00e7eker ve giderek bir skandala d\u00f6n\u00fc\u015ft\u00fcr\u00fcl\u00fcr.Bug\u00fcn\u00fcn kavramlar\u0131yla bir<span class=\"excerpt-hellip\"> [\u2026]<\/span><\/p>\n","protected":false},"featured_media":0,"template":"","meta":{"_monsterinsights_skip_tracking":false,"_monsterinsights_sitenote_active":false,"_monsterinsights_sitenote_note":"","_monsterinsights_sitenote_category":0},"product_brand":[],"product_cat":[12291,12711],"product_tag":[],"class_list":{"0":"post-732601","1":"product","2":"type-product","3":"status-publish","5":"product_cat-edebiyat","6":"product_cat-roman-oyku","7":"pa_cilt-ciltsiz","8":"pa_tur-kitap","9":"pa_yayinevi-sel-yayincilik","10":"pa_yazar-serdar-soydan","12":"first","13":"instock","14":"sale","15":"shipping-taxable","16":"purchasable","17":"product-type-simple"},"_links":{"self":[{"href":"https:\/\/roveyayinevi.com.tr\/index.php\/wp-json\/wp\/v2\/product\/732601","targetHints":{"allow":["GET"]}}],"collection":[{"href":"https:\/\/roveyayinevi.com.tr\/index.php\/wp-json\/wp\/v2\/product"}],"about":[{"href":"https:\/\/roveyayinevi.com.tr\/index.php\/wp-json\/wp\/v2\/types\/product"}],"wp:attachment":[{"href":"https:\/\/roveyayinevi.com.tr\/index.php\/wp-json\/wp\/v2\/media?parent=732601"}],"wp:term":[{"taxonomy":"product_brand","embeddable":true,"href":"https:\/\/roveyayinevi.com.tr\/index.php\/wp-json\/wp\/v2\/product_brand?post=732601"},{"taxonomy":"product_cat","embeddable":true,"href":"https:\/\/roveyayinevi.com.tr\/index.php\/wp-json\/wp\/v2\/product_cat?post=732601"},{"taxonomy":"product_tag","embeddable":true,"href":"https:\/\/roveyayinevi.com.tr\/index.php\/wp-json\/wp\/v2\/product_tag?post=732601"}],"curies":[{"name":"wp","href":"https:\/\/api.w.org\/{rel}","templated":true}]}}