{"id":732600,"date":"2025-08-27T21:53:41","date_gmt":"2025-08-27T18:53:41","guid":{"rendered":"https:\/\/roveyayinevi.com.tr\/index.php\/urun\/morfin-2\/"},"modified":"2026-04-16T02:40:23","modified_gmt":"2026-04-15T23:40:23","slug":"morfin-2","status":"publish","type":"product","link":"https:\/\/roveyayinevi.com.tr\/index.php\/urun\/morfin-2\/","title":{"rendered":"Morfin"},"content":{"rendered":"<p>Modern Sovyet edebiyat\u0131n\u0131n ba\u015fyap\u0131tlar\u0131ndan Usta ile Margarita&#8217;n\u0131n yarat\u0131c\u0131s\u0131 Mihail Bulgakov&#8217;dan otobiyografik bir ta\u015fra panoramas\u0131: Morfin&#8230;Ta\u015frada zorunlu hizmetini tamamlay\u0131p kente atanan Dr. Bomgard bir s\u00fcre sonra halefi Dr. Palyakov&#8217;dan bir mektup al\u0131r. Elindeki yaln\u0131zca bir mektup de\u011fil, tayga sendromuyla morfin sayesinde ba\u015fa \u00e7\u0131kmaya \u00e7al\u0131\u015fan gen\u00e7 bir hekimin ad\u0131m ad\u0131m y\u0131k\u0131ma s\u00fcr\u00fckleni\u015finin \u00e7arp\u0131c\u0131 anlat\u0131s\u0131d\u0131r. Ayn\u0131 co\u011frafyadaki iki meslekta\u015f\u0131n haleti ruhiyeleri aras\u0131ndaki u\u00e7urum, toplumsal birer temsile d\u00f6n\u00fc\u015f\u00fcr.Gen\u00e7 Bir Doktorun An\u0131lar\u0131 yap\u0131t\u0131n\u0131n g\u00fcnl\u00fck bi\u00e7iminde el e al\u0131nan bu dokunakl\u0131 b\u00f6l\u00fcm\u00fc, hiciv ustas\u0131 Bulgakov&#8217;un eserlerini \u00fcretti\u011fi d\u00f6neme ayna tutar nitelikte.<\/p>\n","protected":false},"excerpt":{"rendered":"<p>Modern Sovyet edebiyat\u0131n\u0131n ba\u015fyap\u0131tlar\u0131ndan Usta ile Margarita&#8217;n\u0131n yarat\u0131c\u0131s\u0131 Mihail Bulgakov&#8217;dan otobiyografik bir ta\u015fra panoramas\u0131: Morfin&#8230;Ta\u015frada zorunlu hizmetini tamamlay\u0131p kente atanan Dr. Bomgard bir s\u00fcre sonra halefi<span class=\"excerpt-hellip\"> [\u2026]<\/span><\/p>\n","protected":false},"featured_media":0,"template":"","meta":{"_monsterinsights_skip_tracking":false,"_monsterinsights_sitenote_active":false,"_monsterinsights_sitenote_note":"","_monsterinsights_sitenote_category":0},"product_brand":[],"product_cat":[12291,12711],"product_tag":[],"class_list":{"0":"post-732600","1":"product","2":"type-product","3":"status-publish","5":"product_cat-edebiyat","6":"product_cat-roman-oyku","7":"pa_cilt-ciltsiz","8":"pa_tur-kitap","9":"pa_yayinevi-sel-yayincilik","10":"pa_yazar-mihail-afanasyevic-bulgakov","12":"first","13":"instock","14":"sale","15":"shipping-taxable","16":"purchasable","17":"product-type-simple"},"_links":{"self":[{"href":"https:\/\/roveyayinevi.com.tr\/index.php\/wp-json\/wp\/v2\/product\/732600","targetHints":{"allow":["GET"]}}],"collection":[{"href":"https:\/\/roveyayinevi.com.tr\/index.php\/wp-json\/wp\/v2\/product"}],"about":[{"href":"https:\/\/roveyayinevi.com.tr\/index.php\/wp-json\/wp\/v2\/types\/product"}],"wp:attachment":[{"href":"https:\/\/roveyayinevi.com.tr\/index.php\/wp-json\/wp\/v2\/media?parent=732600"}],"wp:term":[{"taxonomy":"product_brand","embeddable":true,"href":"https:\/\/roveyayinevi.com.tr\/index.php\/wp-json\/wp\/v2\/product_brand?post=732600"},{"taxonomy":"product_cat","embeddable":true,"href":"https:\/\/roveyayinevi.com.tr\/index.php\/wp-json\/wp\/v2\/product_cat?post=732600"},{"taxonomy":"product_tag","embeddable":true,"href":"https:\/\/roveyayinevi.com.tr\/index.php\/wp-json\/wp\/v2\/product_tag?post=732600"}],"curies":[{"name":"wp","href":"https:\/\/api.w.org\/{rel}","templated":true}]}}