{"id":732598,"date":"2025-08-27T21:53:39","date_gmt":"2025-08-27T18:53:39","guid":{"rendered":"https:\/\/roveyayinevi.com.tr\/index.php\/urun\/afyon-mutfagindan-dunya-mutfagina-lezzet-yolculugu\/"},"modified":"2026-04-16T02:40:23","modified_gmt":"2026-04-15T23:40:23","slug":"afyon-mutfagindan-dunya-mutfagina-lezzet-yolculugu","status":"publish","type":"product","link":"https:\/\/roveyayinevi.com.tr\/index.php\/urun\/afyon-mutfagindan-dunya-mutfagina-lezzet-yolculugu\/","title":{"rendered":"Afyon Mutfa\u011f\u0131ndan D\u00fcnya Mutfa\u011f\u0131na Lezzet Yolculu\u011fu"},"content":{"rendered":"<p>Gelenekselle \u00e7a\u011fda\u015f mutfa\u011f\u0131 bulu\u015fturan yemek kitab\u0131&#8230;\u201cY\u0131llar\u0131n birikimiyle y\u00f6resel \u00fcr\u00fcnleri gerek sofralara gelecek mamul olarak, gerekse i\u015fletmelerinde yemek olarak sunmak y\u00f6re \u00fcretici ve esnaf\u0131n\u0131n marifeti haline gelmi\u015f Afyonkarahisar\u2019da. Bu k\u00fclt\u00fcr\u00fcn geli\u015fmesinde kentin as\u0131rlard\u0131r seyyahlar\u0131n bulu\u015fma noktas\u0131 olmas\u0131n\u0131n b\u00fcy\u00fck etkisi var. Eskinin \u0130pek Yolu kervanlar\u0131ndan bug\u00fcn\u00fcn gezginlerine Afyon kenti, bir soluklanma dura\u011f\u0131 olmu\u015f, y\u00f6reye her seyyah heybesinden bir \u015feyler b\u0131rakm\u0131\u015f ve bir \u015feyler alm\u0131\u015ft\u0131r.\u0130\u015fte bu kitapta y\u00fczy\u0131llard\u0131r ayakta kalmay\u0131 ba\u015farm\u0131\u015f, hi\u00e7 sofralardan eksik olmam\u0131\u015f, elden d\u00fc\u015fmemi\u015f tariflere yer verdim. Dam\u0131t\u0131larak zamana kar\u015f\u0131 b\u00fcy\u00fck zaferler kazanm\u0131\u015f bu vazge\u00e7ilmez lezzetlerin baz\u0131lar\u0131n\u0131 oldu\u011fu gibi size aktarmay\u0131, baz\u0131lar\u0131n\u0131 da biraz g\u00fcn\u00fcm\u00fcz al\u0131\u015fkanl\u0131klar\u0131na uyarlamay\u0131 hedefledim. Afyon\u2019un en temel lezzetleri ve tariflerinin hepimizin sofras\u0131n\u0131 s\u0131k s\u0131k kolayca ta\u00e7land\u0131rabilmesi i\u00e7in kendi yorumumu katmay\u0131 uygun buldum. Kitapta vejeteryan ve vegan beslenmeye uygun onlarca \u00f6zel tarif de bulabileceksiniz. \u0130ster hi\u00e7 mutfa\u011fa girmemi\u015f olun ister usta bir a\u015f\u00e7\u0131, bu kitapta size g\u00f6re onlarca tarif bulacaks\u0131n\u0131z.\u201dSemen \u00d6ner<\/p>\n","protected":false},"excerpt":{"rendered":"<p>Gelenekselle \u00e7a\u011fda\u015f mutfa\u011f\u0131 bulu\u015fturan yemek kitab\u0131&#8230;\u201cY\u0131llar\u0131n birikimiyle y\u00f6resel \u00fcr\u00fcnleri gerek sofralara gelecek mamul olarak, gerekse i\u015fletmelerinde yemek olarak sunmak y\u00f6re \u00fcretici ve esnaf\u0131n\u0131n marifeti haline gelmi\u015f<span class=\"excerpt-hellip\"> [\u2026]<\/span><\/p>\n","protected":false},"featured_media":0,"template":"","meta":{"_monsterinsights_skip_tracking":false,"_monsterinsights_sitenote_active":false,"_monsterinsights_sitenote_note":"","_monsterinsights_sitenote_category":0},"product_brand":[],"product_cat":[22706,12457],"product_tag":[],"class_list":{"0":"post-732598","1":"product","2":"type-product","3":"status-publish","5":"product_cat-dunya-mutfagi","6":"product_cat-yemek-kitaplari","7":"pa_cilt-ciltsiz","8":"pa_tur-kitap","9":"pa_yayinevi-remzi-kitabevi","10":"pa_yazar-semen-oner","12":"first","13":"instock","14":"sale","15":"shipping-taxable","16":"purchasable","17":"product-type-simple"},"_links":{"self":[{"href":"https:\/\/roveyayinevi.com.tr\/index.php\/wp-json\/wp\/v2\/product\/732598","targetHints":{"allow":["GET"]}}],"collection":[{"href":"https:\/\/roveyayinevi.com.tr\/index.php\/wp-json\/wp\/v2\/product"}],"about":[{"href":"https:\/\/roveyayinevi.com.tr\/index.php\/wp-json\/wp\/v2\/types\/product"}],"wp:attachment":[{"href":"https:\/\/roveyayinevi.com.tr\/index.php\/wp-json\/wp\/v2\/media?parent=732598"}],"wp:term":[{"taxonomy":"product_brand","embeddable":true,"href":"https:\/\/roveyayinevi.com.tr\/index.php\/wp-json\/wp\/v2\/product_brand?post=732598"},{"taxonomy":"product_cat","embeddable":true,"href":"https:\/\/roveyayinevi.com.tr\/index.php\/wp-json\/wp\/v2\/product_cat?post=732598"},{"taxonomy":"product_tag","embeddable":true,"href":"https:\/\/roveyayinevi.com.tr\/index.php\/wp-json\/wp\/v2\/product_tag?post=732598"}],"curies":[{"name":"wp","href":"https:\/\/api.w.org\/{rel}","templated":true}]}}