{"id":732597,"date":"2025-08-27T21:53:38","date_gmt":"2025-08-27T18:53:38","guid":{"rendered":"https:\/\/roveyayinevi.com.tr\/index.php\/urun\/birlikteyiz-her-zaman\/"},"modified":"2026-04-16T02:40:23","modified_gmt":"2026-04-15T23:40:23","slug":"birlikteyiz-her-zaman","status":"publish","type":"product","link":"https:\/\/roveyayinevi.com.tr\/index.php\/urun\/birlikteyiz-her-zaman\/","title":{"rendered":"Birlikteyiz Her Zaman"},"content":{"rendered":"<p>Defne, k\u00f6pe\u011fi Pofi\u2019yle birlikte oyun oynamay\u0131, hoplay\u0131p z\u0131plamay\u0131, do\u011fada ke\u015fifler yapmay\u0131 ve ona s\u0131rlar\u0131n\u0131 anlatmay\u0131 \u00e7ok seviyordu. Defne, \u00fczg\u00fcn veya hasta oldu\u011funda da Pofi onun yan\u0131ndan hi\u00e7 ayr\u0131lm\u0131yor, t\u00fcm sevgisini g\u00f6steriyordu. Hayvan dostlar\u0131m\u0131z\u0131n hayat\u0131m\u0131z\u0131 ne kadar g\u00fczelle\u015ftirebilece\u011fini anlatan s\u0131cac\u0131k bir hik\u00e2ye&#8230; <\/p>\n","protected":false},"excerpt":{"rendered":"<p>Defne, k\u00f6pe\u011fi Pofi\u2019yle birlikte oyun oynamay\u0131, hoplay\u0131p z\u0131plamay\u0131, do\u011fada ke\u015fifler yapmay\u0131 ve ona s\u0131rlar\u0131n\u0131 anlatmay\u0131 \u00e7ok seviyordu. Defne, \u00fczg\u00fcn veya hasta oldu\u011funda da Pofi onun yan\u0131ndan<span class=\"excerpt-hellip\"> [\u2026]<\/span><\/p>\n","protected":false},"featured_media":0,"template":"","meta":{"_monsterinsights_skip_tracking":false,"_monsterinsights_sitenote_active":false,"_monsterinsights_sitenote_note":"","_monsterinsights_sitenote_category":0},"product_brand":[],"product_cat":[12274,12518],"product_tag":[],"class_list":{"0":"post-732597","1":"product","2":"type-product","3":"status-publish","5":"product_cat-cocuk-ve-genclik-kitaplari","6":"product_cat-okul-oncesi-kitaplar","7":"pa_cilt-ciltsiz","8":"pa_tur-kitap","9":"pa_yayinevi-is-bankasi-kultur-yayinlari","10":"pa_yazar-stephanie-moss","12":"first","13":"instock","14":"sale","15":"shipping-taxable","16":"purchasable","17":"product-type-simple"},"_links":{"self":[{"href":"https:\/\/roveyayinevi.com.tr\/index.php\/wp-json\/wp\/v2\/product\/732597","targetHints":{"allow":["GET"]}}],"collection":[{"href":"https:\/\/roveyayinevi.com.tr\/index.php\/wp-json\/wp\/v2\/product"}],"about":[{"href":"https:\/\/roveyayinevi.com.tr\/index.php\/wp-json\/wp\/v2\/types\/product"}],"wp:attachment":[{"href":"https:\/\/roveyayinevi.com.tr\/index.php\/wp-json\/wp\/v2\/media?parent=732597"}],"wp:term":[{"taxonomy":"product_brand","embeddable":true,"href":"https:\/\/roveyayinevi.com.tr\/index.php\/wp-json\/wp\/v2\/product_brand?post=732597"},{"taxonomy":"product_cat","embeddable":true,"href":"https:\/\/roveyayinevi.com.tr\/index.php\/wp-json\/wp\/v2\/product_cat?post=732597"},{"taxonomy":"product_tag","embeddable":true,"href":"https:\/\/roveyayinevi.com.tr\/index.php\/wp-json\/wp\/v2\/product_tag?post=732597"}],"curies":[{"name":"wp","href":"https:\/\/api.w.org\/{rel}","templated":true}]}}