{"id":732596,"date":"2025-08-27T21:53:37","date_gmt":"2025-08-27T18:53:37","guid":{"rendered":"https:\/\/roveyayinevi.com.tr\/index.php\/urun\/yaya-sans-pesinde\/"},"modified":"2026-04-16T02:40:23","modified_gmt":"2026-04-15T23:40:23","slug":"yaya-sans-pesinde","status":"publish","type":"product","link":"https:\/\/roveyayinevi.com.tr\/index.php\/urun\/yaya-sans-pesinde\/","title":{"rendered":"Yaya \u015eans Pe\u015finde"},"content":{"rendered":"<p>Yaya, \u015fanss\u0131z oldu\u011funu d\u00fc\u015f\u00fcnen babas\u0131na \u015fans bulmak i\u00e7in ormanda yollara d\u00fc\u015ft\u00fc. \u00d6nce Sincap Han\u0131m\u2019a gitti, sonra tav\u015fanlara. Bulamay\u0131nca yoluna devam etti ve neredeyse her g\u00f6rd\u00fc\u011f\u00fcne sordu. Yaya arad\u0131\u011f\u0131 \u015fans\u0131 nerede bulacak acaba? \u015eans bulmak i\u00e7in uzaklara gitmek gerekmedi\u011fini anlatan s\u0131cac\u0131k bir hik\u00e2ye\u2026 <\/p>\n","protected":false},"excerpt":{"rendered":"<p>Yaya, \u015fanss\u0131z oldu\u011funu d\u00fc\u015f\u00fcnen babas\u0131na \u015fans bulmak i\u00e7in ormanda yollara d\u00fc\u015ft\u00fc. \u00d6nce Sincap Han\u0131m\u2019a gitti, sonra tav\u015fanlara. Bulamay\u0131nca yoluna devam etti ve neredeyse her g\u00f6rd\u00fc\u011f\u00fcne sordu.<span class=\"excerpt-hellip\"> [\u2026]<\/span><\/p>\n","protected":false},"featured_media":0,"template":"","meta":{"_monsterinsights_skip_tracking":false,"_monsterinsights_sitenote_active":false,"_monsterinsights_sitenote_note":"","_monsterinsights_sitenote_category":0},"product_brand":[],"product_cat":[12274,12518],"product_tag":[],"class_list":{"0":"post-732596","1":"product","2":"type-product","3":"status-publish","5":"product_cat-cocuk-ve-genclik-kitaplari","6":"product_cat-okul-oncesi-kitaplar","7":"pa_cilt-ciltsiz","8":"pa_tur-kitap","9":"pa_yayinevi-is-bankasi-kultur-yayinlari","10":"pa_yazar-andrea-schutze","12":"first","13":"instock","14":"sale","15":"shipping-taxable","16":"purchasable","17":"product-type-simple"},"_links":{"self":[{"href":"https:\/\/roveyayinevi.com.tr\/index.php\/wp-json\/wp\/v2\/product\/732596","targetHints":{"allow":["GET"]}}],"collection":[{"href":"https:\/\/roveyayinevi.com.tr\/index.php\/wp-json\/wp\/v2\/product"}],"about":[{"href":"https:\/\/roveyayinevi.com.tr\/index.php\/wp-json\/wp\/v2\/types\/product"}],"wp:attachment":[{"href":"https:\/\/roveyayinevi.com.tr\/index.php\/wp-json\/wp\/v2\/media?parent=732596"}],"wp:term":[{"taxonomy":"product_brand","embeddable":true,"href":"https:\/\/roveyayinevi.com.tr\/index.php\/wp-json\/wp\/v2\/product_brand?post=732596"},{"taxonomy":"product_cat","embeddable":true,"href":"https:\/\/roveyayinevi.com.tr\/index.php\/wp-json\/wp\/v2\/product_cat?post=732596"},{"taxonomy":"product_tag","embeddable":true,"href":"https:\/\/roveyayinevi.com.tr\/index.php\/wp-json\/wp\/v2\/product_tag?post=732596"}],"curies":[{"name":"wp","href":"https:\/\/api.w.org\/{rel}","templated":true}]}}