{"id":732594,"date":"2025-08-27T21:53:35","date_gmt":"2025-08-27T18:53:35","guid":{"rendered":"https:\/\/roveyayinevi.com.tr\/index.php\/urun\/tarcin-ile-en-iyi-arkadaslari\/"},"modified":"2026-04-16T02:40:23","modified_gmt":"2026-04-15T23:40:23","slug":"tarcin-ile-en-iyi-arkadaslari","status":"publish","type":"product","link":"https:\/\/roveyayinevi.com.tr\/index.php\/urun\/tarcin-ile-en-iyi-arkadaslari\/","title":{"rendered":"Tar\u00e7\u0131n \u0130le En \u0130yi Arkada\u015flar\u0131"},"content":{"rendered":"<p>Tar\u00e7\u0131n, en iyi arkada\u015flar\u0131yla birlikte deniz kenar\u0131na gidip \u00e7ad\u0131r kuracakt\u0131. Her \u015fey yolunda gidiyordu, ancak bir\u00e7ok sorunla kar\u015f\u0131la\u015ft\u0131lar. D\u00fcnyan\u0131n en iyi dostlar\u0131 \u00e7abuk pes etmediler ve bu sorunlara hemen \u00e7\u00f6z\u00fcm buldular. Arkada\u015fl\u0131k da bunu gerektirmez mi? <\/p>\n","protected":false},"excerpt":{"rendered":"<p>Tar\u00e7\u0131n, en iyi arkada\u015flar\u0131yla birlikte deniz kenar\u0131na gidip \u00e7ad\u0131r kuracakt\u0131. Her \u015fey yolunda gidiyordu, ancak bir\u00e7ok sorunla kar\u015f\u0131la\u015ft\u0131lar. D\u00fcnyan\u0131n en iyi dostlar\u0131 \u00e7abuk pes etmediler ve<span class=\"excerpt-hellip\"> [\u2026]<\/span><\/p>\n","protected":false},"featured_media":0,"template":"","meta":{"_monsterinsights_skip_tracking":false,"_monsterinsights_sitenote_active":false,"_monsterinsights_sitenote_note":"","_monsterinsights_sitenote_category":0},"product_brand":[],"product_cat":[12274,12518],"product_tag":[],"class_list":{"0":"post-732594","1":"product","2":"type-product","3":"status-publish","5":"product_cat-cocuk-ve-genclik-kitaplari","6":"product_cat-okul-oncesi-kitaplar","7":"pa_cilt-ciltsiz","8":"pa_tur-kitap","9":"pa_yayinevi-is-bankasi-kultur-yayinlari","10":"pa_yazar-andreas-konig","12":"first","13":"instock","14":"sale","15":"shipping-taxable","16":"purchasable","17":"product-type-simple"},"_links":{"self":[{"href":"https:\/\/roveyayinevi.com.tr\/index.php\/wp-json\/wp\/v2\/product\/732594","targetHints":{"allow":["GET"]}}],"collection":[{"href":"https:\/\/roveyayinevi.com.tr\/index.php\/wp-json\/wp\/v2\/product"}],"about":[{"href":"https:\/\/roveyayinevi.com.tr\/index.php\/wp-json\/wp\/v2\/types\/product"}],"wp:attachment":[{"href":"https:\/\/roveyayinevi.com.tr\/index.php\/wp-json\/wp\/v2\/media?parent=732594"}],"wp:term":[{"taxonomy":"product_brand","embeddable":true,"href":"https:\/\/roveyayinevi.com.tr\/index.php\/wp-json\/wp\/v2\/product_brand?post=732594"},{"taxonomy":"product_cat","embeddable":true,"href":"https:\/\/roveyayinevi.com.tr\/index.php\/wp-json\/wp\/v2\/product_cat?post=732594"},{"taxonomy":"product_tag","embeddable":true,"href":"https:\/\/roveyayinevi.com.tr\/index.php\/wp-json\/wp\/v2\/product_tag?post=732594"}],"curies":[{"name":"wp","href":"https:\/\/api.w.org\/{rel}","templated":true}]}}