{"id":732593,"date":"2025-08-27T21:53:34","date_gmt":"2025-08-27T18:53:34","guid":{"rendered":"https:\/\/roveyayinevi.com.tr\/index.php\/urun\/okulun-en-kucuk-baligi\/"},"modified":"2026-04-16T02:40:23","modified_gmt":"2026-04-15T23:40:23","slug":"okulun-en-kucuk-baligi","status":"publish","type":"product","link":"https:\/\/roveyayinevi.com.tr\/index.php\/urun\/okulun-en-kucuk-baligi\/","title":{"rendered":"Okulun En K\u00fc\u00e7\u00fck Bal\u0131\u011f\u0131"},"content":{"rendered":"<p>K\u00fc\u00e7\u00fck Bal\u0131k, okulun en k\u00fc\u00e7\u00fck bal\u0131\u011f\u0131yd\u0131. Arkada\u015flar\u0131na yeti\u015femiyor ve hep geride kal\u0131yordu. Bir g\u00fcn mercan kayal\u0131\u011f\u0131na giden arkada\u015flar\u0131n\u0131 takip eden K\u00fc\u00e7\u00fck Bal\u0131k, k\u00fc\u00e7\u00fck olman\u0131n ne kadar i\u015fe yarad\u0131\u011f\u0131n\u0131 ke\u015ffetti. <\/p>\n","protected":false},"excerpt":{"rendered":"<p>K\u00fc\u00e7\u00fck Bal\u0131k, okulun en k\u00fc\u00e7\u00fck bal\u0131\u011f\u0131yd\u0131. Arkada\u015flar\u0131na yeti\u015femiyor ve hep geride kal\u0131yordu. Bir g\u00fcn mercan kayal\u0131\u011f\u0131na giden arkada\u015flar\u0131n\u0131 takip eden K\u00fc\u00e7\u00fck Bal\u0131k, k\u00fc\u00e7\u00fck olman\u0131n ne kadar<span class=\"excerpt-hellip\"> [\u2026]<\/span><\/p>\n","protected":false},"featured_media":0,"template":"","meta":{"_monsterinsights_skip_tracking":false,"_monsterinsights_sitenote_active":false,"_monsterinsights_sitenote_note":"","_monsterinsights_sitenote_category":0},"product_brand":[],"product_cat":[12274,12518],"product_tag":[],"class_list":{"0":"post-732593","1":"product","2":"type-product","3":"status-publish","5":"product_cat-cocuk-ve-genclik-kitaplari","6":"product_cat-okul-oncesi-kitaplar","7":"pa_cilt-ciltsiz","8":"pa_tur-kitap","9":"pa_yayinevi-is-bankasi-kultur-yayinlari","10":"pa_yazar-stephanie-moss","12":"first","13":"instock","14":"sale","15":"shipping-taxable","16":"purchasable","17":"product-type-simple"},"_links":{"self":[{"href":"https:\/\/roveyayinevi.com.tr\/index.php\/wp-json\/wp\/v2\/product\/732593","targetHints":{"allow":["GET"]}}],"collection":[{"href":"https:\/\/roveyayinevi.com.tr\/index.php\/wp-json\/wp\/v2\/product"}],"about":[{"href":"https:\/\/roveyayinevi.com.tr\/index.php\/wp-json\/wp\/v2\/types\/product"}],"wp:attachment":[{"href":"https:\/\/roveyayinevi.com.tr\/index.php\/wp-json\/wp\/v2\/media?parent=732593"}],"wp:term":[{"taxonomy":"product_brand","embeddable":true,"href":"https:\/\/roveyayinevi.com.tr\/index.php\/wp-json\/wp\/v2\/product_brand?post=732593"},{"taxonomy":"product_cat","embeddable":true,"href":"https:\/\/roveyayinevi.com.tr\/index.php\/wp-json\/wp\/v2\/product_cat?post=732593"},{"taxonomy":"product_tag","embeddable":true,"href":"https:\/\/roveyayinevi.com.tr\/index.php\/wp-json\/wp\/v2\/product_tag?post=732593"}],"curies":[{"name":"wp","href":"https:\/\/api.w.org\/{rel}","templated":true}]}}