{"id":732592,"date":"2025-08-27T21:53:33","date_gmt":"2025-08-27T18:53:33","guid":{"rendered":"https:\/\/roveyayinevi.com.tr\/index.php\/urun\/homeros-gul-ile-soylesi\/"},"modified":"2026-04-16T02:40:23","modified_gmt":"2026-04-15T23:40:23","slug":"homeros-gul-ile-soylesi","status":"publish","type":"product","link":"https:\/\/roveyayinevi.com.tr\/index.php\/urun\/homeros-gul-ile-soylesi\/","title":{"rendered":"Homeros \u2013 G\u00fcl \u0130le S\u00f6yle\u015fi"},"content":{"rendered":"<p>Homeros\u2019u konu\u015fal\u0131m burada, kimli\u011fini, \u00f6zelli\u011fini kavramaya \u00e7al\u0131\u015fal\u0131m, yap\u0131t\u0131ndan da par\u00e7alar okuyal\u0131m hep birlikte. Ama bunu yaparken biraz da gezelim, e\u011flenelim, olmaz m\u0131? Sizinle bir yolculuk yaparsak, Homeros\u2019u anlamak kolay olacakt\u0131r bizim i\u00e7in. \u0130\u015fte bu geziye \u00e7a\u011f\u0131r\u0131yorum gen\u00e7 okurlar\u0131m\u0131.\u201d \u0130lyada ve Odysseia destanlar\u0131n\u0131 A. Kadir\u2019le birlikte T\u00fcrk\u00e7eye kazand\u0131ran Azra Erhat, \u015fimdi de Homeros\u2019un d\u00fcnyas\u0131na do\u011fru keyifli bir yolculu\u011fa davet ediyor. Homeros\u2019un ya\u015fad\u0131\u011f\u0131 ve destanlar\u0131n da ge\u00e7ti\u011fi Troya\u2019y\u0131 ad\u0131m ad\u0131m gezerek, ge\u00e7mi\u015ften g\u00fcn\u00fcm\u00fcze uzun bir k\u00f6pr\u00fc kuruyor. Y\u00fczy\u0131llard\u0131r sorulan \u201cHomeros kimdir? Nerelidir? Ger\u00e7ekten ya\u015fam\u0131\u015f m\u0131d\u0131r?\u201d gibi sorular\u0131n cevab\u0131n\u0131n, nice sanat\u00e7\u0131n\u0131n yeti\u015fti\u011fi Anadolu topraklar\u0131nda sakl\u0131 oldu\u011funu anlat\u0131yor. Azra Erhat, ayr\u0131ca bu iki b\u00fcy\u00fck destan\u0131 \u00f6zetleyerek anlatt\u0131\u011f\u0131 kitab\u0131nda, Ya\u015far Kemal ile Homeros \u00fczerine yapt\u0131\u011f\u0131 s\u00f6yle\u015fisine de yer veriyor. <\/p>\n","protected":false},"excerpt":{"rendered":"<p>Homeros\u2019u konu\u015fal\u0131m burada, kimli\u011fini, \u00f6zelli\u011fini kavramaya \u00e7al\u0131\u015fal\u0131m, yap\u0131t\u0131ndan da par\u00e7alar okuyal\u0131m hep birlikte. Ama bunu yaparken biraz da gezelim, e\u011flenelim, olmaz m\u0131? Sizinle bir yolculuk yaparsak,<span class=\"excerpt-hellip\"> [\u2026]<\/span><\/p>\n","protected":false},"featured_media":0,"template":"","meta":{"_monsterinsights_skip_tracking":false,"_monsterinsights_sitenote_active":false,"_monsterinsights_sitenote_note":"","_monsterinsights_sitenote_category":0},"product_brand":[],"product_cat":[13701,12291],"product_tag":[],"class_list":{"0":"post-732592","1":"product","2":"type-product","3":"status-publish","5":"product_cat-ani-mektup-gunluk","6":"product_cat-edebiyat","7":"pa_cilt-ciltsiz","8":"pa_tur-kitap","9":"pa_yayinevi-is-bankasi-kultur-yayinlari","10":"pa_yazar-azra-erhat","12":"first","13":"instock","14":"sale","15":"shipping-taxable","16":"purchasable","17":"product-type-simple"},"_links":{"self":[{"href":"https:\/\/roveyayinevi.com.tr\/index.php\/wp-json\/wp\/v2\/product\/732592","targetHints":{"allow":["GET"]}}],"collection":[{"href":"https:\/\/roveyayinevi.com.tr\/index.php\/wp-json\/wp\/v2\/product"}],"about":[{"href":"https:\/\/roveyayinevi.com.tr\/index.php\/wp-json\/wp\/v2\/types\/product"}],"wp:attachment":[{"href":"https:\/\/roveyayinevi.com.tr\/index.php\/wp-json\/wp\/v2\/media?parent=732592"}],"wp:term":[{"taxonomy":"product_brand","embeddable":true,"href":"https:\/\/roveyayinevi.com.tr\/index.php\/wp-json\/wp\/v2\/product_brand?post=732592"},{"taxonomy":"product_cat","embeddable":true,"href":"https:\/\/roveyayinevi.com.tr\/index.php\/wp-json\/wp\/v2\/product_cat?post=732592"},{"taxonomy":"product_tag","embeddable":true,"href":"https:\/\/roveyayinevi.com.tr\/index.php\/wp-json\/wp\/v2\/product_tag?post=732592"}],"curies":[{"name":"wp","href":"https:\/\/api.w.org\/{rel}","templated":true}]}}