{"id":732571,"date":"2025-08-27T21:53:13","date_gmt":"2025-08-27T18:53:13","guid":{"rendered":"https:\/\/roveyayinevi.com.tr\/index.php\/urun\/sicak-ulkelerde-yasayan-hayvanlar-eglenceli-ogretici-etkinlikler-serisi\/"},"modified":"2026-04-16T02:40:22","modified_gmt":"2026-04-15T23:40:22","slug":"sicak-ulkelerde-yasayan-hayvanlar-eglenceli-ogretici-etkinlikler-serisi","status":"publish","type":"product","link":"https:\/\/roveyayinevi.com.tr\/index.php\/urun\/sicak-ulkelerde-yasayan-hayvanlar-eglenceli-ogretici-etkinlikler-serisi\/","title":{"rendered":"S\u0131cak \u00dclkelerde Ya\u015fayan Hayvanlar &#8211; E\u011flenceli \u00d6\u011fretici Etkinlikler Serisi"},"content":{"rendered":"<p>E\u011flenceli \u00f6\u011fretici etkinlikler serisi erken \u00f6\u011frenmeyi destekleyen en \u00f6nemli kaynaklardan biridir. Bu seride \u00e7ocu\u011funuz renkleri, \u015fekilleri, say\u0131lar\u0131, z\u0131t kavramlar\u0131, s\u0131cak \u00fclkelerde ya\u015fayan hayvanlar\u0131 tan\u0131y\u0131p ilgin\u00e7 etkinlikleri yaparak \u00f6\u011frenecektir. Bu etkinlik serisinde \u00e7ocuklar resim \u00e7izebilir, \u00e7\u0131kartma yap\u0131\u015ft\u0131rabilir, mant\u0131k bulmacalar\u0131n\u0131 \u00e7\u00f6zebilir ve labirentlerden ge\u00e7erek e\u011flenceli \u00f6\u011fretici aktiviteleri yapabilir. E\u011flenceli \u00f6\u011fretici farkl\u0131 aktiviteler yapmak \u00e7ocuklar\u0131n dikkat ve odaklanma s\u00fcrelerini artt\u0131r\u0131r. T\u00fcm g\u00f6revler, \u00e7ocuklar\u0131n ya\u015f \u00f6zellikleri dikkate al\u0131narak tasarlanm\u0131\u015ft\u0131r.<\/p>\n","protected":false},"excerpt":{"rendered":"<p>E\u011flenceli \u00f6\u011fretici etkinlikler serisi erken \u00f6\u011frenmeyi destekleyen en \u00f6nemli kaynaklardan biridir. Bu seride \u00e7ocu\u011funuz renkleri, \u015fekilleri, say\u0131lar\u0131, z\u0131t kavramlar\u0131, s\u0131cak \u00fclkelerde ya\u015fayan hayvanlar\u0131 tan\u0131y\u0131p ilgin\u00e7 etkinlikleri<span class=\"excerpt-hellip\"> [\u2026]<\/span><\/p>\n","protected":false},"featured_media":0,"template":"","meta":{"_monsterinsights_skip_tracking":false,"_monsterinsights_sitenote_active":false,"_monsterinsights_sitenote_note":"","_monsterinsights_sitenote_category":0},"product_brand":[],"product_cat":[15192,12274],"product_tag":[],"class_list":{"0":"post-732571","1":"product","2":"type-product","3":"status-publish","5":"product_cat-1-3-yas-kitaplari","6":"product_cat-cocuk-ve-genclik-kitaplari","7":"pa_cilt-ciltsiz","8":"pa_tur-kitap","9":"pa_yayinevi-dikkat-atolyesi-yayinlari","10":"pa_yazar-dikkat-atolyesi-kolektif","12":"first","13":"instock","14":"sale","15":"shipping-taxable","16":"purchasable","17":"product-type-simple"},"_links":{"self":[{"href":"https:\/\/roveyayinevi.com.tr\/index.php\/wp-json\/wp\/v2\/product\/732571","targetHints":{"allow":["GET"]}}],"collection":[{"href":"https:\/\/roveyayinevi.com.tr\/index.php\/wp-json\/wp\/v2\/product"}],"about":[{"href":"https:\/\/roveyayinevi.com.tr\/index.php\/wp-json\/wp\/v2\/types\/product"}],"wp:attachment":[{"href":"https:\/\/roveyayinevi.com.tr\/index.php\/wp-json\/wp\/v2\/media?parent=732571"}],"wp:term":[{"taxonomy":"product_brand","embeddable":true,"href":"https:\/\/roveyayinevi.com.tr\/index.php\/wp-json\/wp\/v2\/product_brand?post=732571"},{"taxonomy":"product_cat","embeddable":true,"href":"https:\/\/roveyayinevi.com.tr\/index.php\/wp-json\/wp\/v2\/product_cat?post=732571"},{"taxonomy":"product_tag","embeddable":true,"href":"https:\/\/roveyayinevi.com.tr\/index.php\/wp-json\/wp\/v2\/product_tag?post=732571"}],"curies":[{"name":"wp","href":"https:\/\/api.w.org\/{rel}","templated":true}]}}