{"id":732569,"date":"2025-08-27T21:53:11","date_gmt":"2025-08-27T18:53:11","guid":{"rendered":"https:\/\/roveyayinevi.com.tr\/index.php\/urun\/fatih-sultan-mehmed-ve-zamani-ciltli\/"},"modified":"2026-04-16T02:40:22","modified_gmt":"2026-04-15T23:40:22","slug":"fatih-sultan-mehmed-ve-zamani-ciltli","status":"publish","type":"product","link":"https:\/\/roveyayinevi.com.tr\/index.php\/urun\/fatih-sultan-mehmed-ve-zamani-ciltli\/","title":{"rendered":"Fatih Sultan Mehmed ve Zaman\u0131 (Ciltli)"},"content":{"rendered":"<p>Bu klasik biyografi, 1453\u2019teki \u00fcnl\u00fc Konstantinopolis ku\u015fatmas\u0131ndan Osmanl\u0131 \u0130mparatorlu\u011fu\u2019nu g\u00fcvenli bir s\u0131n\u0131ra ula\u015ft\u0131ran say\u0131s\u0131z sefere kadar, \u0130mparator II Mehmed\u2019in hayat\u0131ndaki olaylar\u0131 anlatmaktad\u0131r.   \u201cB\u00fcy\u00fcleyici. T\u00fcrklerin onu padi\u015fahlar\u0131n en b\u00fcy\u00fc\u011f\u00fc ve askeri h\u00fcnerde, devlet idaresinde, sanat ve bilim hamili\u011finde d\u00fcnya tarihinde benzeri olmayan bir \u015fahsiyet olarak g\u00f6rmeleri \u015fa\u015f\u0131rt\u0131c\u0131 de\u011fildir.\u201d \u2013Robert Kirsch, The Los Angeles Times Book Review   \u201cBabinger\u2019in kitab\u0131 h\u00e2l\u00e2, bir sultan \u00fczerine Do\u011fu ve Bat\u0131 kaynaklar\u0131na dayan\u0131larak yaz\u0131lm\u0131\u015f ve ayn\u0131 zamanda kurumsal \u00f6rg\u00fctlenmeler ile k\u00fclt\u00fcrel faaliyetleri irdeleyen tek geni\u015f kapsaml\u0131 kitap olmay\u0131 s\u00fcrd\u00fcrmektedir.\u201d \u2013William C. Hickman<\/p>\n","protected":false},"excerpt":{"rendered":"<p>Bu klasik biyografi, 1453\u2019teki \u00fcnl\u00fc Konstantinopolis ku\u015fatmas\u0131ndan Osmanl\u0131 \u0130mparatorlu\u011fu\u2019nu g\u00fcvenli bir s\u0131n\u0131ra ula\u015ft\u0131ran say\u0131s\u0131z sefere kadar, \u0130mparator II Mehmed\u2019in hayat\u0131ndaki olaylar\u0131 anlatmaktad\u0131r. \u201cB\u00fcy\u00fcleyici. T\u00fcrklerin onu padi\u015fahlar\u0131n<span class=\"excerpt-hellip\"> [\u2026]<\/span><\/p>\n","protected":false},"featured_media":0,"template":"","meta":{"_monsterinsights_skip_tracking":false,"_monsterinsights_sitenote_active":false,"_monsterinsights_sitenote_note":"","_monsterinsights_sitenote_category":0},"product_brand":[],"product_cat":[13946,12304],"product_tag":[],"class_list":{"0":"post-732569","1":"product","2":"type-product","3":"status-publish","5":"product_cat-biyografi-otobiyografi","6":"product_cat-tarih","7":"pa_cilt-ciltli","8":"pa_tur-kitap","9":"pa_yayinevi-alfa-yayinlari","10":"pa_yazar-franz-babinger","12":"first","13":"instock","14":"sale","15":"shipping-taxable","16":"purchasable","17":"product-type-simple"},"_links":{"self":[{"href":"https:\/\/roveyayinevi.com.tr\/index.php\/wp-json\/wp\/v2\/product\/732569","targetHints":{"allow":["GET"]}}],"collection":[{"href":"https:\/\/roveyayinevi.com.tr\/index.php\/wp-json\/wp\/v2\/product"}],"about":[{"href":"https:\/\/roveyayinevi.com.tr\/index.php\/wp-json\/wp\/v2\/types\/product"}],"wp:attachment":[{"href":"https:\/\/roveyayinevi.com.tr\/index.php\/wp-json\/wp\/v2\/media?parent=732569"}],"wp:term":[{"taxonomy":"product_brand","embeddable":true,"href":"https:\/\/roveyayinevi.com.tr\/index.php\/wp-json\/wp\/v2\/product_brand?post=732569"},{"taxonomy":"product_cat","embeddable":true,"href":"https:\/\/roveyayinevi.com.tr\/index.php\/wp-json\/wp\/v2\/product_cat?post=732569"},{"taxonomy":"product_tag","embeddable":true,"href":"https:\/\/roveyayinevi.com.tr\/index.php\/wp-json\/wp\/v2\/product_tag?post=732569"}],"curies":[{"name":"wp","href":"https:\/\/api.w.org\/{rel}","templated":true}]}}